{"id":444,"date":"2019-07-24T12:02:03","date_gmt":"2019-07-24T12:02:03","guid":{"rendered":"https:\/\/bayareaworkerscomp.com\/?page_id=444"},"modified":"2019-08-08T05:44:58","modified_gmt":"2019-08-08T05:44:58","slug":"sobre-nosotros","status":"publish","type":"page","link":"https:\/\/bayareaworkerscomp.com\/es\/sobre-nosotros\/","title":{"rendered":"Firma de abogados de San Rafael Ley de compensaci\u00f3n a los trabajadores exclusivamente en ejercicio."},"content":{"rendered":"<p><iframe loading=\"lazy\" src=\"https:\/\/www.youtube.com\/embed\/o0oQkBfHy-w\" width=\"450\" height=\"253\" frameborder=\"0\" allowfullscreen=\"allowfullscreen\"><\/iframe><\/p>\n<p>Hay muchos bufetes de abogados en el \u00c1rea de la Bah\u00eda, pero hay pocos que \u00fanicamente aplican la ley de compensaci\u00f3n a los trabajadores. La oficina legal de Daniel Hegwer representa exclusivamente a las v\u00edctimas de la indemnizaci\u00f3n de los trabajadores. Esto es todo lo que hacemos, y es lo que mejor conocemos.<\/p>\n<p>Nuestro equipo estar\u00e1 a su lado en cada paso del proceso de reclamo de compensaci\u00f3n para trabajadores. En el camino, protegeremos sus derechos y lucharemos para maximizar los beneficios que se le otorgan.<\/p>\n<p>Negociaremos agresivamente con la compa\u00f1\u00eda de seguros de compensaci\u00f3n para trabajadores de su empleador para alcanzar un acuerdo favorable. Pero, no desistiremos si no podemos alcanzar un acuerdo justo durante estas negociaciones.<\/p>\n<p>En su lugar, presentaremos su caso a la Junta de Apelaciones de Compensaci\u00f3n para Trabajadores y continuaremos luchando por los beneficios que merece. No estaremos satisfechos hasta que est\u00e9 totalmente compensado.<\/p>\n<h2>Representaci\u00f3n de trabajadores lesionados en diversas industrias<\/h2>\n<p>Nuestro equipo entiende que hay riesgos de seguridad ocultos en casi todos los lugares de trabajo. A lo largo de los a\u00f1os, hemos representado a trabajadores lesionados de una amplia variedad de industrias, incluyendo:<\/p>\n<ul>\n<li>Construcci\u00f3n<\/li>\n<li>Almacenjae<\/li>\n<li>Transporte<\/li>\n<li>Cuidado de la Salud<\/li>\n<li>Hospitalidad<\/li>\n<li>Salud y Belleza<\/li>\n<li>Fabricaci\u00f3n<\/li>\n<li>Escuelas<\/li>\n<li>Oficinas<\/li>\n<li>Agricultura (cultivos, silvicultura, pesca y m\u00e1s))<\/li>\n<li>Bodegas<\/li>\n<\/ul>\n<p>No importa d\u00f3nde trabaje, qu\u00e9 tan mal se lesione, cu\u00e1nto dinero gane o qu\u00e9 papel desempe\u00f1e en la organizaci\u00f3n. La oficina legal de Daniel Hegwer ayudar\u00e1 a cualquier persona que haya sufrido una lesi\u00f3n relacionada con el trabajo, nadie se queda fuera. Usted tiene derecho a los beneficios de compensaci\u00f3n para trabajadores despu\u00e9s de una lesi\u00f3n en el lugar de trabajo, y Daniel Hegwer se asegurar\u00e1 de que su empleador o su compa\u00f1\u00eda de seguros no violen este derecho.<\/p>\n<h2>Abogado calificado con amplia experiencia legal y recursos<\/h2>\n<p>Daniel Hegwer tiene m\u00e1s de una d\u00e9cada de experiencia legal y ha ejercido exclusivamente la ley de compensaci\u00f3n para trabajadores desde 2010. Su experiencia le permite:<\/p>\n<ul>\n<li>Conectarse con los clientes para aprender m\u00e1s sobre sus situaciones, necesidades y objetivos \u00fanicos.<\/li>\n<li>Entender c\u00f3mo piensan las compa\u00f1\u00edas de seguros, para que pueda establecer estrategias sobre c\u00f3mo abordarlas y maniobrar a trav\u00e9s de los obst\u00e1culos que crean constantemente.<\/li>\n<li>Conozca la mentalidad corporativa y c\u00f3mo trabajar alrededor y a trav\u00e9s de la jerarqu\u00eda corporativa.<\/li>\n<li>Familiarizarse con todas las etapas del litigio en el proceso de reclamo de compensaci\u00f3n para trabajadores.<\/li>\n<li>Dominar las habilidades necesarias para presentar los casos de sus clientes a la Junta de Revisi\u00f3n de Compensaci\u00f3n para Trabajadores y lograr los resultados deseados.<\/li>\n<\/ul>\n<p>Daniel Hegwer se compromete a utilizar su experiencia y recursos para ayudar a cada cliente a lograr el mejor resultado posible en su caso. Su objetivo es asegurar su parte justa de la compensaci\u00f3n, que puede incluir beneficios de atenci\u00f3n m\u00e9dica, discapacidades temporales, discapacidades permanentes y m\u00e1s.<\/p>\n<h2>Tome el primer paso hacia la obtenci\u00f3n de beneficios de compensaci\u00f3n para trabajadores<\/h2>\n<p>\u00bfHa sufrido una lesi\u00f3n relacionada con el trabajo? No hay tiempo que perder, comun\u00edquese con la oficina legal de Daniel Hegwer lo antes posible. Hay ciertos plazos que debe cumplir, o podr\u00eda perder el derecho de buscar beneficios de compensaci\u00f3n para los trabajadores por sus lesiones.<\/p>\n<p>No cometa este error: busque representaci\u00f3n legal hoy. Nuestro equipo trabajar\u00e1 incansablemente para garantizar que reciba los beneficios a los que tiene derecho por ley.<\/p>\n","protected":false},"excerpt":{"rendered":"<p>Hay muchos bufetes de abogados en el \u00c1rea de la Bah\u00eda, pero hay pocos que \u00fanicamente aplican la ley de compensaci\u00f3n a los trabajadores. La oficina legal de Daniel Hegwer representa exclusivamente a las v\u00edctimas de la indemnizaci\u00f3n de los trabajadores. Esto es todo lo que hacemos, y es lo que mejor conocemos. Nuestro equipo [&hellip;]<\/p>\n","protected":false},"author":1,"featured_media":0,"parent":0,"menu_order":0,"comment_status":"closed","ping_status":"closed","template":"","meta":{"_genesis_hide_title":false,"_genesis_hide_breadcrumbs":false,"_genesis_hide_singular_image":false,"_genesis_hide_footer_widgets":false,"_genesis_custom_body_class":"","_genesis_custom_post_class":"","_genesis_layout":""},"yoast_head":"<!-- This site is optimized with the Yoast SEO plugin v21.1 - https:\/\/yoast.com\/wordpress\/plugins\/seo\/ -->\n<title>Acerca de la oficina legal de Daniel Hegwer<\/title>\n<meta name=\"description\" content=\"En la oficina legal de Daniel Hegwer, solo practicamos la compensaci\u00f3n de trabajadores y luchamos por los empleados lesionados. Lea aqu\u00ed para obtener m\u00e1s informaci\u00f3n sobre c\u00f3mo podemos ayudarlo.\" \/>\n<meta name=\"robots\" content=\"noindex, follow\" \/>\n<meta property=\"og:locale\" content=\"es_ES\" \/>\n<meta property=\"og:type\" content=\"article\" \/>\n<meta property=\"og:title\" content=\"Acerca de la oficina legal de Daniel Hegwer\" \/>\n<meta property=\"og:description\" content=\"En la oficina legal de Daniel Hegwer, solo practicamos la compensaci\u00f3n de trabajadores y luchamos por los empleados lesionados. Lea aqu\u00ed para obtener m\u00e1s informaci\u00f3n sobre c\u00f3mo podemos ayudarlo.\" \/>\n<meta property=\"og:url\" content=\"https:\/\/bayareaworkerscomp.com\/es\/sobre-nosotros\/\" \/>\n<meta property=\"og:site_name\" content=\"Hegwer Law\" \/>\n<meta property=\"article:modified_time\" content=\"2019-08-08T05:44:58+00:00\" \/>\n<meta name=\"twitter:card\" content=\"summary_large_image\" \/>\n<meta name=\"twitter:label1\" content=\"Tiempo de lectura\" \/>\n\t<meta name=\"twitter:data1\" content=\"3 minutos\" \/>\n<!-- \/ Yoast SEO plugin. -->","yoast_head_json":{"title":"Acerca de la oficina legal de Daniel Hegwer","description":"En la oficina legal de Daniel Hegwer, solo practicamos la compensaci\u00f3n de trabajadores y luchamos por los empleados lesionados. Lea aqu\u00ed para obtener m\u00e1s informaci\u00f3n sobre c\u00f3mo podemos ayudarlo.","robots":{"index":"noindex","follow":"follow"},"og_locale":"es_ES","og_type":"article","og_title":"Acerca de la oficina legal de Daniel Hegwer","og_description":"En la oficina legal de Daniel Hegwer, solo practicamos la compensaci\u00f3n de trabajadores y luchamos por los empleados lesionados. Lea aqu\u00ed para obtener m\u00e1s informaci\u00f3n sobre c\u00f3mo podemos ayudarlo.","og_url":"https:\/\/bayareaworkerscomp.com\/es\/sobre-nosotros\/","og_site_name":"Hegwer Law","article_modified_time":"2019-08-08T05:44:58+00:00","twitter_card":"summary_large_image","twitter_misc":{"Tiempo de lectura":"3 minutos"},"schema":{"@context":"https:\/\/schema.org","@graph":[{"@type":"WebPage","@id":"https:\/\/bayareaworkerscomp.com\/es\/sobre-nosotros\/","url":"https:\/\/bayareaworkerscomp.com\/es\/sobre-nosotros\/","name":"Acerca de la oficina legal de Daniel Hegwer","isPartOf":{"@id":"https:\/\/bayareaworkerscomp.com\/#website"},"datePublished":"2019-07-24T12:02:03+00:00","dateModified":"2019-08-08T05:44:58+00:00","description":"En la oficina legal de Daniel Hegwer, solo practicamos la compensaci\u00f3n de trabajadores y luchamos por los empleados lesionados. Lea aqu\u00ed para obtener m\u00e1s informaci\u00f3n sobre c\u00f3mo podemos ayudarlo.","breadcrumb":{"@id":"https:\/\/bayareaworkerscomp.com\/es\/sobre-nosotros\/#breadcrumb"},"inLanguage":"es","potentialAction":[{"@type":"ReadAction","target":["https:\/\/bayareaworkerscomp.com\/es\/sobre-nosotros\/"]}]},{"@type":"BreadcrumbList","@id":"https:\/\/bayareaworkerscomp.com\/es\/sobre-nosotros\/#breadcrumb","itemListElement":[{"@type":"ListItem","position":1,"name":"Home","item":"https:\/\/bayareaworkerscomp.com\/es\/"},{"@type":"ListItem","position":2,"name":"Firma de abogados de San Rafael Ley de compensaci\u00f3n a los trabajadores exclusivamente en ejercicio."}]},{"@type":"WebSite","@id":"https:\/\/bayareaworkerscomp.com\/#website","url":"https:\/\/bayareaworkerscomp.com\/","name":"Hegwer Law","description":"California Workers Compensation Attorney","potentialAction":[{"@type":"SearchAction","target":{"@type":"EntryPoint","urlTemplate":"https:\/\/bayareaworkerscomp.com\/?s={search_term_string}"},"query-input":"required name=search_term_string"}],"inLanguage":"es"}]}},"_links":{"self":[{"href":"https:\/\/bayareaworkerscomp.com\/es\/wp-json\/wp\/v2\/pages\/444"}],"collection":[{"href":"https:\/\/bayareaworkerscomp.com\/es\/wp-json\/wp\/v2\/pages"}],"about":[{"href":"https:\/\/bayareaworkerscomp.com\/es\/wp-json\/wp\/v2\/types\/page"}],"author":[{"embeddable":true,"href":"https:\/\/bayareaworkerscomp.com\/es\/wp-json\/wp\/v2\/users\/1"}],"replies":[{"embeddable":true,"href":"https:\/\/bayareaworkerscomp.com\/es\/wp-json\/wp\/v2\/comments?post=444"}],"version-history":[{"count":2,"href":"https:\/\/bayareaworkerscomp.com\/es\/wp-json\/wp\/v2\/pages\/444\/revisions"}],"predecessor-version":[{"id":457,"href":"https:\/\/bayareaworkerscomp.com\/es\/wp-json\/wp\/v2\/pages\/444\/revisions\/457"}],"wp:attachment":[{"href":"https:\/\/bayareaworkerscomp.com\/es\/wp-json\/wp\/v2\/media?parent=444"}],"curies":[{"name":"wp","href":"https:\/\/api.w.org\/{rel}","templated":true}]}}