{"id":452,"date":"2019-07-24T12:16:03","date_gmt":"2019-07-24T12:16:03","guid":{"rendered":"https:\/\/bayareaworkerscomp.com\/?page_id=452"},"modified":"2025-09-24T23:08:13","modified_gmt":"2025-09-24T23:08:13","slug":"abogado-maximiza-los-beneficios-de-compensacion-para-trabajadores-lesionados-en-el-condado-de-alameda","status":"publish","type":"page","link":"https:\/\/bayareaworkerscomp.com\/es\/abogado-maximiza-los-beneficios-de-compensacion-para-trabajadores-lesionados-en-el-condado-de-alameda\/","title":{"rendered":"Abogado Maximiza Los Beneficios de Compensaci\u00f3n para Trabajadores Lesionados En El Condado de Alameda"},"content":{"rendered":"<p><iframe loading=\"lazy\" src=\"https:\/\/www.youtube.com\/embed\/o0oQkBfHy-w\" width=\"450\" height=\"253\" frameborder=\"0\" allowfullscreen=\"allowfullscreen\"><\/iframe>Hay muchos tipos diferentes de accidentes que pueden ocurrir en un sitio de construcci\u00f3n. Algunos trabajadores se lesionan en ca\u00eddas o por objetos que caen, mientras que otros se lastiman en incendios o explosiones. Incluso si no ocurre un accidente, los trabajadores pueden sufrir condiciones relacionadas con el trabajo, como un golpe de calor y sobreesfuerzo.<br \/>\nSi has sufrido da\u00f1os trabajando en una obra en construcci\u00f3n en el Condado de Alameda, hay ayuda disponible. El abogado Daniel Hegwer trabajar\u00e1 incansablemente para garantizar que recibas los beneficios de compensaci\u00f3n para trabajadores que te mereces.<\/p>\n<h3>Abogado De Compensaci\u00f3n Para Trabajadores del Condado de Alameda Busca En\u00e9rgicamente Beneficios Para Trabajadores Lesionados De Una Fabrica<\/h3>\n<p>Se trabaja mucho para producir los productos que se venden en los estantes de las tiendas. Desafortunadamente, los hombres y mujeres que realizan este trabajo a menudo se lesionan en alg\u00fan punto durante el proceso de producci\u00f3n. Muchos trabajadores se lesionan en accidentes inesperados, como aquellos causados por pisos resbalosos, objetos que se caen o equipos defectuosos. Pero, tambi\u00e9n es posible desarrollar dolorosas lesiones por movimientos repetitivos despu\u00e9s de a\u00f1os en el trabajo.<\/p>\n<p>Los trabajadores de las f\u00e1bricas que han sufrido alg\u00fan tipo de lesi\u00f3n en el lugar de trabajo tienen derecho a la compensaci\u00f3n para trabajadores, y la Oficina Legal de Daniel Hegwer est\u00e1 comprometida a ayudar a las v\u00edctimas a proteger este derecho a los beneficios.<\/p>\n<h3>Abogado Experto Ayuda A V\u00edctimas De Accidentes En El Almac\u00e9n Del Sitio de Trabajo En El Condado De Alameda<\/h3>\n<p>Cada lugar de trabajo tiene sus propios peligros \u00fanicos, pero los almacenes suelen tener muchos m\u00e1s que la mayor\u00eda. Para empeorar las cosas, las lesiones que sufren los trabajadores de los almacenes suelen ser m\u00e1s graves que las lesiones ocurridas en otras industrias. Las lesiones m\u00e1s devastadoras pueden llevar a gastos m\u00e9dicos masivos y vuelven imposible que la v\u00edctima regrese a trabajar. Afortunadamente, la ley otorga a los trabajadores de los almacenes que han sufrido lesiones en el trabajo el derecho a recuperar beneficios de compensaci\u00f3n para trabajadores.<br \/>\nLa tramitaci\u00f3npara beneficios es un proceso complicado que implica mucho m\u00e1s que simplemente completar el papeleo. Es posible que debas proporcionar documentaci\u00f3n m\u00e9dica sustancial, asistir a audiencias y proporcionar evidencia que demuestre que tienes derecho a la compensaci\u00f3n para trabajadores. Esto es demasiado para que lo maneje una persona, en especial alguien querecientementeha sido lesionado. Deja que el abogado Daniel Hegwer se encargue de todos los aspectos de tu reclamo de compensaci\u00f3n para trabajadores para que puedas obtener los beneficios que necesitas de manera oportuna.<\/p>\n<h3>Abogado Capacitado Asegura Que Trabajadores De Transporte Lesionados Sean Ampliamente Compensados<\/h3>\n<p>Trabajar en la industria del transporte es peligroso. Los operadores de camiones, conductores de autobuses y otros trabajadores del transporte deben protegerse de una serie de peligros de seguridad mientras est\u00e1n trabajando. Pero, lamentablemente, no importa que tan cuidadoso o cauteloso seas, es posible que puedas salir lastimado mientras trabajas. Si esto te sucede, es importante buscar la representaci\u00f3n legal del abogado Daniel Hegwer de inmediato.<br \/>\nDaniel Hegwer conoce el impacto que puede tener una lesi\u00f3n en la vida de una v\u00edctima, por lo que le apasiona ayudar a las v\u00edctimas a recuperar la cantidad total de beneficios a los que tiene derecho por ley. Incluso si su reclamo fue denegado inicialmente, Daniel Hegwer intervendr\u00e1 y trabajar\u00e1 incansablemente para apelar la decisi\u00f3n. Tome medidas hoy, contactando a la oficina legal de Daniel Hegwer para comenzar el proceso de presentar un reclamo de compensaci\u00f3n para trabajadores.<\/p>\n<h3>Abogado Asegura Compensaci\u00f3n Para Trabajadores Lesionados En La Industria De La Salud<\/h3>\n<p>Los m\u00e9dicos, enfermeras, t\u00e9cnicos, cirujanos y otros proveedores de atenci\u00f3n m\u00e9dica atienden a miles de pacientes cada a\u00f1o. Pero en ocasiones, una lesi\u00f3n en el lugar de trabajo puede obligarlos a alejarse de sus pacientes y tomarse un tiempo para recuperarse. Despu\u00e9s de una lesi\u00f3n en el lugar de trabajo, busque la ayuda delconfiable abogado Daniel Hegwer. La principal prioridad de Daniel Hegwer es proteger su derecho a los beneficios de compensaci\u00f3n para trabajadores, esto significa que luchar\u00e1 en\u00e9rgicamente para garantizar que usted sea compensado por completo. Ponte en contacto con las Oficinas Legales de Daniel Hegwer de inmediato despu\u00e9s de un accidente en el lugar de trabajo para que puedas obtener tus beneficios lo m\u00e1s r\u00e1pido posible.<\/p>\n<h3>Experimentado Abogado Representa A Entrenadores F\u00edsicos Lesionados En California<\/h3>\n<p>Los entrenadores f\u00edsicos son muy apasionados al ayudar a sus clientes a alcanzar sus metas. Pero en ocasiones, no pueden lograr sus propios objetivos profesionales debido a una lesi\u00f3n relacionada con el trabajo. Si tu carrera est\u00e1 basada en tus habilidades f\u00edsicas, una lesi\u00f3n puede cambiar completamente tu futuro. Sin embargo, hay ayuda disponible a trav\u00e9s del sistema de compensaci\u00f3n para trabajadores.<br \/>\nNecesitar\u00e1s presentar un reclamo de compensaci\u00f3n para trabajadores lo antes posible despu\u00e9s de una lesi\u00f3n relacionada con el trabajo. Pero completar el papeleo es solo el primero de muchos pasos en este complejo proceso. Tienes muchos pendientes por ahora, as\u00ed que no tomes este estr\u00e9s adicional. En cambio, conf\u00eda en el abogado Daniel Hegwer para luchar por los beneficios de compensaci\u00f3n para trabajadores en tu nombre.<\/p>\n<h3>En\u00e9rgico Abogado Ayuda A Empleados Escolares A Asegurar Los Beneficios de Compensaci\u00f3n Para Trabajadores Que Merecen. Hay Peligros Ocultos En Todos Los Lugares de Trabajo, Incluso En las Escuelas Del Condado De Alameda. Las escuelas deber\u00edan esforzarse en mantener seguros a sus empleados, pero desafortunadamente no hay nada que los distritos escolares puedan hacer para eliminar por completo los riesgos enfrentados por los trabajadores.<\/h3>\n<p>Los maestros, entrenadores, asistentes, consejeros y otros empleados escolares deben ejercer su derecho a los beneficios de compensaci\u00f3n para trabajadores de inmediato despu\u00e9s de una lesi\u00f3n en el trabajo. Pero muchos trabajadores escolares lesionados ni siquiera saben por d\u00f3nde comenzar.<\/p>\n<p>Si te has lesionado en el trabajo, no es necesario que manejes el proceso de asegurar los beneficios de compensaci\u00f3n para trabajadores por tu cuenta. Recurre a Daniel Hegwer, un galardonado abogado de compensaci\u00f3n de trabajadores, para obtener asistencia.<\/p>\n<h3>Bufete De Abogados Comprometido A Maximizar Los Beneficios de Compensaci\u00f3n Para Trabajadores para Trabajadores De Hoteler\u00eda<\/h3>\n<p>La seguridad de los empleados se ha convertido en una preocupaci\u00f3n creciente en la industria de hoteler\u00eda, y no es dif\u00edcil ver por qu\u00e9. A\u00f1o tras a\u00f1o, miles de empleados en restaurantes, hoteles y otros entornos de hoteler\u00eda se lesionan mientras trabajan. Sufrir una lesi\u00f3n en el lugar de trabajo no solo es doloroso sino tambi\u00e9n estresante. No es necesario lidiar con las emociones que surgen despu\u00e9s de una lesi\u00f3n en el lugar de trabajo por tu cuenta.<\/p>\n<p>Mientras te enfocas en tu camino hacia la recuperaci\u00f3n, elbufete jur\u00eddico de Daniel Hegwer trabajar\u00e1 arduamente en tu caso de compensaci\u00f3n para trabajadores. Daniel Hegwer utilizar\u00e1 sus vastos recursos y experiencia legales para obtener beneficios en tu nombre, para que puedas mantener una seguridad financiera durante este dif\u00edcil momento.<\/p>\n<h3>Abogado De Compensaci\u00f3n Para Trabajadores Trabaja Incansablemente Para Obtener Beneficios Para Trabajadores de Oficina<\/h3>\n<p>.Millones de personas trabajan en oficinas en todo el pa\u00eds, y cada uno de estos trabajadores se enfrenta a riesgos \u00fanicos cada vez que pisa su lugar de trabajo. Las ca\u00eddas son la principal causa de lesiones en entornos de oficina, pero las lesiones por uso repetitivo no est\u00e1n muy lejos. Estas son solo dos de las muchas causas de lesiones seriasen la oficina.<br \/>\nLos trabajadores de oficina en el Condado de Alameda deben buscar a Daniel Hegwer, un abogado confiable de compensaci\u00f3n para trabajadores, inmediatamente despu\u00e9s de lastimarse. Daniel Hegwer trabajar\u00e1 incansablemente para garantizar que los trabajadores lesionados obtengan los beneficios que necesitan para cubrir sus gastos y evitar dificultades financieras despu\u00e9s de una lesi\u00f3n en el lugar de trabajo.<\/p>\n<h3>Abogado Altamente Calificado Lucha Por Una Compensaci\u00f3n En Nombre De Los Trabajadores Agr\u00edcolas Lesionados<\/h3>\n<p>Los agricultores, pescadores, silvicultores y otros trabajadores de la industria agr\u00edcola est\u00e1n expuestos a innumerables riesgos de seguridad a lo largo de sus carreras. Adem\u00e1s de los riesgos de seguridad est\u00e1ndar que se encuentran en muchos otros lugares de trabajo, los trabajadores agr\u00edcolas tambi\u00e9n est\u00e1n expuestos a riesgos respiratorios, biol\u00f3gicos y ambientales de forma regular. Por esta raz\u00f3n, la industria de la agricultura es conocida como una de las industrias m\u00e1s peligrosas para trabajar.<\/p>\n<p>Hay ayuda disponible para aquellos que han sido lesionados trabajando en la industria agr\u00edcola. Si te encuentras en esta posici\u00f3n, contacta a Daniel Hegwer, un galardonado abogadoen el Condado de Alameda. Daniel Hegwer tomar\u00e1 la iniciativa en tu reclamo de compensaci\u00f3n para trabajadores y luchar\u00e1 por los beneficios a los que tienes derecho seg\u00fan la ley estatal.<\/p>\n<h3>Galardonado Abogado Obtiene Una Compensaci\u00f3n Para Trabajadores De Bodega Lesionados<\/h3>\n<p>Los empleados de la bodega pueden sufrir una gran variedad de lesiones, desde distensiones y esguinces hasta lesiones cerebrales traum\u00e1ticas y da\u00f1os en la m\u00e9dula espinal. Por supuesto, algunas de estas lesiones son mucho m\u00e1s graves y transformadoras que otras. No obstante, sin importar que tan peque\u00f1a sea la lesi\u00f3n, los trabajadores que se lastiman mientras est\u00e1n trabajan tienen derecho a una indemnizaci\u00f3n.Lamentablemente, los empleadores y las compa\u00f1\u00edas de seguros a menudo hacen que los trabajadores lesionados hagan malabares para tratar de obtener los beneficios que merecen. No dejes que esto te pase a ti, contacta al abogado Daniel Hegwer inmediatamente despu\u00e9s de una lesi\u00f3n en el lugar de trabajo.<br \/>\nHegwer inmediatamente despu\u00e9s de una lesi\u00f3n en el lugar de trabajo.<br \/>\nDaniel Hegwer no permitir\u00e1 que tu empleador viole tu derecho a una compensaci\u00f3n para trabajadores. Con Daniel Hegwer a tu lado, obtendr\u00e1s la cantidad total de compensaci\u00f3n a la que tienes derecho por ley.<\/p>\n","protected":false},"excerpt":{"rendered":"<p>Hay muchos tipos diferentes de accidentes que pueden ocurrir en un sitio de construcci\u00f3n. Algunos trabajadores se lesionan en ca\u00eddas o por objetos que caen, mientras que otros se lastiman en incendios o explosiones. Incluso si no ocurre un accidente, los trabajadores pueden sufrir condiciones relacionadas con el trabajo, como un golpe de calor y [&hellip;]<\/p>\n","protected":false},"author":6,"featured_media":0,"parent":0,"menu_order":0,"comment_status":"closed","ping_status":"closed","template":"","meta":{"_genesis_hide_title":false,"_genesis_hide_breadcrumbs":false,"_genesis_hide_singular_image":false,"_genesis_hide_footer_widgets":false,"_genesis_custom_body_class":"","_genesis_custom_post_class":"","_genesis_layout":""},"yoast_head":"<!-- This site is optimized with the Yoast SEO plugin v21.1 - https:\/\/yoast.com\/wordpress\/plugins\/seo\/ -->\n<title>Abogado de Compensaci\u00f3n de Trabajadores del Condado de Alameda| Despacho de Abogados Daniel Hegwer<\/title>\n<meta name=\"description\" content=\"En nuestro bufete de abogados de Alameda, ayudamos a empleados lesionados a maximizar los beneficios de compensaci\u00f3n del trabajador. Ll\u00e1manos para saber c\u00f3mo podemos ayudarte. Llama Ahora\" \/>\n<meta name=\"robots\" content=\"index, follow, max-snippet:-1, max-image-preview:large, max-video-preview:-1\" \/>\n<meta property=\"og:locale\" content=\"es_ES\" \/>\n<meta property=\"og:type\" content=\"article\" \/>\n<meta property=\"og:title\" content=\"Abogado de Compensaci\u00f3n de Trabajadores del Condado de Alameda| Despacho de Abogados Daniel Hegwer\" \/>\n<meta property=\"og:description\" content=\"En nuestro bufete de abogados de Alameda, ayudamos a empleados lesionados a maximizar los beneficios de compensaci\u00f3n del trabajador. Ll\u00e1manos para saber c\u00f3mo podemos ayudarte. Llama Ahora\" \/>\n<meta property=\"og:url\" content=\"https:\/\/bayareaworkerscomp.com\/es\/abogado-maximiza-los-beneficios-de-compensacion-para-trabajadores-lesionados-en-el-condado-de-alameda\/\" \/>\n<meta property=\"og:site_name\" content=\"Hegwer Law\" \/>\n<meta property=\"article:modified_time\" content=\"2025-09-24T23:08:13+00:00\" \/>\n<meta name=\"twitter:card\" content=\"summary_large_image\" \/>\n<meta name=\"twitter:label1\" content=\"Tiempo de lectura\" \/>\n\t<meta name=\"twitter:data1\" content=\"7 minutos\" \/>\n<!-- \/ Yoast SEO plugin. -->","yoast_head_json":{"title":"Abogado de Compensaci\u00f3n de Trabajadores del Condado de Alameda| Despacho de Abogados Daniel Hegwer","description":"En nuestro bufete de abogados de Alameda, ayudamos a empleados lesionados a maximizar los beneficios de compensaci\u00f3n del trabajador. Ll\u00e1manos para saber c\u00f3mo podemos ayudarte. Llama Ahora","robots":{"index":"index","follow":"follow","max-snippet":"max-snippet:-1","max-image-preview":"max-image-preview:large","max-video-preview":"max-video-preview:-1"},"og_locale":"es_ES","og_type":"article","og_title":"Abogado de Compensaci\u00f3n de Trabajadores del Condado de Alameda| Despacho de Abogados Daniel Hegwer","og_description":"En nuestro bufete de abogados de Alameda, ayudamos a empleados lesionados a maximizar los beneficios de compensaci\u00f3n del trabajador. Ll\u00e1manos para saber c\u00f3mo podemos ayudarte. Llama Ahora","og_url":"https:\/\/bayareaworkerscomp.com\/es\/abogado-maximiza-los-beneficios-de-compensacion-para-trabajadores-lesionados-en-el-condado-de-alameda\/","og_site_name":"Hegwer Law","article_modified_time":"2025-09-24T23:08:13+00:00","twitter_card":"summary_large_image","twitter_misc":{"Tiempo de lectura":"7 minutos"},"schema":{"@context":"https:\/\/schema.org","@graph":[{"@type":"WebPage","@id":"https:\/\/bayareaworkerscomp.com\/es\/abogado-maximiza-los-beneficios-de-compensacion-para-trabajadores-lesionados-en-el-condado-de-alameda\/","url":"https:\/\/bayareaworkerscomp.com\/es\/abogado-maximiza-los-beneficios-de-compensacion-para-trabajadores-lesionados-en-el-condado-de-alameda\/","name":"Abogado de Compensaci\u00f3n de Trabajadores del Condado de Alameda| Despacho de Abogados Daniel Hegwer","isPartOf":{"@id":"https:\/\/bayareaworkerscomp.com\/#website"},"datePublished":"2019-07-24T12:16:03+00:00","dateModified":"2025-09-24T23:08:13+00:00","description":"En nuestro bufete de abogados de Alameda, ayudamos a empleados lesionados a maximizar los beneficios de compensaci\u00f3n del trabajador. Ll\u00e1manos para saber c\u00f3mo podemos ayudarte. Llama Ahora","breadcrumb":{"@id":"https:\/\/bayareaworkerscomp.com\/es\/abogado-maximiza-los-beneficios-de-compensacion-para-trabajadores-lesionados-en-el-condado-de-alameda\/#breadcrumb"},"inLanguage":"es","potentialAction":[{"@type":"ReadAction","target":["https:\/\/bayareaworkerscomp.com\/es\/abogado-maximiza-los-beneficios-de-compensacion-para-trabajadores-lesionados-en-el-condado-de-alameda\/"]}]},{"@type":"BreadcrumbList","@id":"https:\/\/bayareaworkerscomp.com\/es\/abogado-maximiza-los-beneficios-de-compensacion-para-trabajadores-lesionados-en-el-condado-de-alameda\/#breadcrumb","itemListElement":[{"@type":"ListItem","position":1,"name":"Home","item":"https:\/\/bayareaworkerscomp.com\/es\/"},{"@type":"ListItem","position":2,"name":"Abogado Maximiza Los Beneficios de Compensaci\u00f3n para Trabajadores Lesionados En El Condado de Alameda"}]},{"@type":"WebSite","@id":"https:\/\/bayareaworkerscomp.com\/#website","url":"https:\/\/bayareaworkerscomp.com\/","name":"Hegwer Law","description":"California Workers Compensation Attorney","potentialAction":[{"@type":"SearchAction","target":{"@type":"EntryPoint","urlTemplate":"https:\/\/bayareaworkerscomp.com\/?s={search_term_string}"},"query-input":"required name=search_term_string"}],"inLanguage":"es"}]}},"_links":{"self":[{"href":"https:\/\/bayareaworkerscomp.com\/es\/wp-json\/wp\/v2\/pages\/452"}],"collection":[{"href":"https:\/\/bayareaworkerscomp.com\/es\/wp-json\/wp\/v2\/pages"}],"about":[{"href":"https:\/\/bayareaworkerscomp.com\/es\/wp-json\/wp\/v2\/types\/page"}],"author":[{"embeddable":true,"href":"https:\/\/bayareaworkerscomp.com\/es\/wp-json\/wp\/v2\/users\/6"}],"replies":[{"embeddable":true,"href":"https:\/\/bayareaworkerscomp.com\/es\/wp-json\/wp\/v2\/comments?post=452"}],"version-history":[{"count":4,"href":"https:\/\/bayareaworkerscomp.com\/es\/wp-json\/wp\/v2\/pages\/452\/revisions"}],"predecessor-version":[{"id":456,"href":"https:\/\/bayareaworkerscomp.com\/es\/wp-json\/wp\/v2\/pages\/452\/revisions\/456"}],"wp:attachment":[{"href":"https:\/\/bayareaworkerscomp.com\/es\/wp-json\/wp\/v2\/media?parent=452"}],"curies":[{"name":"wp","href":"https:\/\/api.w.org\/{rel}","templated":true}]}}