{"id":458,"date":"2019-07-24T12:35:43","date_gmt":"2019-07-24T12:35:43","guid":{"rendered":"https:\/\/bayareaworkerscomp.com\/?page_id=458"},"modified":"2025-09-25T03:11:33","modified_gmt":"2025-09-25T03:11:33","slug":"abogado-con-experiencia-representa-a-trabajadores-de-la-construccion-lesionados-en-el-area-de-la-bahia","status":"publish","type":"page","link":"https:\/\/bayareaworkerscomp.com\/es\/abogado-con-experiencia-representa-a-trabajadores-de-la-construccion-lesionados-en-el-area-de-la-bahia\/","title":{"rendered":"Abogado con experiencia representa a trabajadores de la construcci\u00f3n lesionados en el \u00c1rea de la Bah\u00eda"},"content":{"rendered":"<p><iframe loading=\"lazy\" src=\"https:\/\/www.youtube.com\/embed\/o0oQkBfHy-w\" width=\"450\" height=\"253\" frameborder=\"0\" allowfullscreen=\"allowfullscreen\"><\/iframe><\/p>\n<p>La industria de la construcci\u00f3n se encuentra actualmente en auge en el \u00c1rea de la Bah\u00eda, y si bien esto es excelente para la econom\u00eda local, lo cierto es que muchas personas sufrir\u00e1n lesiones graves mientras trabajan en estas obras. Si usted ha resultado lesionado mientras trabajaba en una obra en construcci\u00f3n, le conviene buscar representaci\u00f3n legal de inmediato.<\/p>\n<p>Daniel Hegwer es un galardonado abogado que ayuda a los trabajadores de la construcci\u00f3n lesionados a obtener la compensaci\u00f3n que se merecen despu\u00e9s de un accidente en el trabajo. Deje que Daniel Hegwer se ponga de acuerdo con la compa\u00f1\u00eda de seguros de compensaci\u00f3n al trabajador para asegurarse de que usted reciba una compensaci\u00f3n justa.<\/p>\n<h2>Abogado experto ayuda a v\u00edctimas de accidentes en la industria manufacturera<\/h2>\n<p>Son millones de personas las que laboran en la industria manufacturera y que cada d\u00eda entran en lugares de trabajo con docenas de peligros potenciales para su seguridad. No es ning\u00fan secreto que la fabricaci\u00f3n es una industria peligrosa para el trabajador, por lo que no debe sorprender que sean tantas las personas que sufran lesiones graves a\u00f1o con a\u00f1o. Si usted ha resultado lesionado mientras trabaja en la industria manufacturera, le recomendamos que se ponga en contacto con el abogado Daniel Hegwer de inmediato.<\/p>\n<p>Daniel Hegwer es el abogado al que acuden los trabajadores lesionados cuando necesitan ayuda para recuperar sus beneficios de compensaci\u00f3n al trabajador. Durante la \u00faltima d\u00e9cada, se ha dado a conocer por su intenso enfoque en alcanzar el mejor resultado posible para todos y cada uno de sus clientes. No hay tiempo que perder despu\u00e9s de una lesi\u00f3n en el lugar de trabajo: contacte hoy mismo al Despacho de abogados de Daniel Hegwer.<\/p>\n<p>Los almacenes son uno de los entornos de trabajo m\u00e1s peligrosos en todo el pa\u00eds. Se espera que los trabajadores levanten, tiren, empujen y carguen cajas pesadas y otros objetos con regularidad. Como resultado, muchos trabajadores del almac\u00e9n sufren esguinces, torceduras y lesiones en las articulaciones. Otros tipos de accidentes, incluyendo derrumbes de paletas, colisiones de carretillas elevadoras, y resbalones y ca\u00eddas tambi\u00e9n pueden ocurrir dentro de un almac\u00e9n. Tomando en cuenta esta informaci\u00f3n, est\u00e1 claro que trabajar en un almac\u00e9n es una actividad incre\u00edblemente peligrosa.<\/p>\n<p>Si usted ha resultado lesionado dentro de un almac\u00e9n, proteja su derecho a los beneficios de compensaci\u00f3n al trabajador poni\u00e9ndose en contacto con Daniel Hegwer tan pronto como sea posible. Daniel Hegwer es un galardonadoabogadocomprometido a ayudar a los trabajadores de almac\u00e9n a alcanzar el mejor resultado posible en su reclamo de Compensaci\u00f3n al trabajador. P\u00f3ngase en contacto con \u00e9l hoy mismo para obtener m\u00e1s informaci\u00f3n sobre sus servicios.<\/p>\n<h3>Abogado galardonado asegura Compensaci\u00f3n para trabajadores lesionados en la industria del transporte<\/h3>\n<p>Los hombres y mujeres que trabajan en la industria del transporte juegan un papel importante en la econom\u00eda del \u00c1rea de la Bah\u00eda. Estos trabajadores ayudan a innumerables empresas a transportar sus mercanc\u00edas de un lugar a otro pero, en el camino, muchas de ellas sufren lesiones graves. Los conductores de camiones, autobuses y otros miembros de la industria del transporte que sufren lesiones relacionadas con su trabajo deben buscar representaci\u00f3n legal inmediatamente.<\/p>\n<p>Daniel Hegwer ha representado a trabajadores de la industria del transporte lesionados en el \u00c1rea de la Bah\u00eda por m\u00e1s de una d\u00e9cada. \u00c9l se encuentra bien versado en la ley de compensaci\u00f3n altrabajador y es capaz de llevar los casos m\u00e1s complicados. Con su ayuda, los trabajadores pueden recuperar con \u00e9xito la compensaci\u00f3n que con tanta raz\u00f3n se merecen.<\/p>\n<h3>Despacho de Abogados comprometido a maximizar los beneficios de Compensaci\u00f3n al trabajador para trabajadores del cuidado de la salud<\/h3>\n<p>Los trabajadores del cuidado de la salud est\u00e1n capacitados para ayudar a otros a recuperarse de lesiones y dolencias, pero a veces son ellos los que necesitan ayuda m\u00e9dica. Los hombres y mujeres que trabajan en hospitales, cl\u00ednicas, consultorios privados y otros entornos m\u00e9dicos a menudo sufren lesiones de tejidos blandos, moretones, cortes, fracturas y otras lesiones mientras realizan sus tareas laborales.<br \/>\nLa ley les otorga a estos empleados el derecho de recuperar los beneficios de compensaci\u00f3n al trabajador, y el abogado Daniel Hegwer puede ayudar a los trabajadores del cuidado de la salud a ejercer este derecho. \u00c9l usar\u00e1 su experiencia legal y recursos para guiar a los clientes a trav\u00e9s del sistema de compensaci\u00f3n al trabajador y ayudarlos a obtener los beneficios que se merecen.<\/p>\n<h2><strong>Abogado del \u00c1rea de la Bah\u00eda lucha por Compensaci\u00f3n en nombre de trabajadores de la salud y el acondicionamiento f\u00edsico lesionados<\/strong><\/h2>\n<p>Las personas que trabajan en la industria de la salud y el acondicionamiento f\u00edsico ayudan a otros a verse y sentirse mejor. Sin embargo, al mismo tiempo corren el riesgo de sufrir lesiones graves relacionadas con su trabajo. Los esguinces y las torceduras de los tejidos blandos son bastante comunes en la industria de la salud y el acondicionamiento f\u00edsico, pero algunos trabajadores sufren lesiones mucho m\u00e1s graves con consecuencias devastadoras que cambian sus vidas.<br \/>\nEjerza su derecho a la compensaci\u00f3n al trabajador despu\u00e9s de una lesi\u00f3n en el lugar de trabajo poni\u00e9ndose en contacto con el abogado Daniel Hegwer inmediatamente. Daniel Hegwer trabajar\u00e1 incansablemente para asegurar que su empleador le compense completamente por sus lesiones relacionadas con el trabajo.<\/p>\n<h3><strong>Abogado de Compensaci\u00f3n al trabajador se esfuerza por conseguir beneficios para empleados escolares<\/strong><\/h3>\n<p>La ense\u00f1anza es una experiencia incre\u00edblemente gratificante. Pero ser maestro tambi\u00e9n lleva consigo un cierto grado de riesgo: los maestros a menudo est\u00e1n expuestos a peligros como humos, moho y polvo excesivo. Adem\u00e1s, de forma particular, los maestros que trabajan en escuelas del \u00c1rea de la Bah\u00eda se enfrentan con el riesgo real de ser blanco de estudiantes violentos, compa\u00f1eros de trabajo, u otras partes. Por fortuna, la ley otorga a los maestros que han sufrido lesiones en su lugar de trabajo el derecho a recuperar los beneficios de compensaci\u00f3n al trabajador.<\/p>\n<p>Asegurar estos beneficios no es f\u00e1cil, pero el abogado Daniel Hegwer puede ayudarle. Daniel Hegwer ha dedicado su carrera a ayudar a los trabajadores lesionados en el \u00c1rea de la Bah\u00eda a obtener los beneficios que necesitan para llegar a fin de mes y seguir adelante despu\u00e9s de sufrir una lesi\u00f3n en el trabajo. P\u00f3ngase en contacto con el despacho de abogados de Daniel Hegwer hoy mismo para saber c\u00f3mo puede ayudarle a buscar justicia.<\/p>\n<h3>Abogado maximiza los beneficios de Compensaci\u00f3n al trabajador para empleados lesionados en la industria de la hospitalidad<\/h3>\n<p>Es posible que los hoteles y restaurantes no encabecen la lista de los entornos de trabajo m\u00e1s peligrosos, pero lo cierto es que conllevan sus propios riesgos de seguridad. Los gerentes, propietarios y los propios empleados pueden tomar ciertas medidas para prevenir accidentes en el lugar de trabajo, pero desafortunadamente, incluso los empleados m\u00e1s cuidadosos pueden sufrir lesiones en el lugar de trabajo.<\/p>\n<p>\u00bfHa resultado lesionado mientras trabajaba en la industria de la hospitalidad? Contacte a Daniel Hegwer, un abogado de confianza experto en casos de Compensaci\u00f3n al trabajador que est\u00e1 comprometido a ayudar a los trabajadores de la industria de la hospitalidad en el \u00c1rea de la Bah\u00eda a resolver disputas relacionadas con dicha compensaci\u00f3n y recuperar los beneficios que se merecen.<\/p>\n<h3>Abogado experto asegura que los trabajadores de oficina lesionados sean completamente compensados<\/h3>\n<p>Muchas personas asumen que los trabajadores de oficina nunca sufren lesiones debido a la naturaleza de su trabajo, pero eso est\u00e1 muy lejos de ser verdad. Los trabajadores de oficina a menudo permanecen en la misma posici\u00f3n y utilizan las mismas herramientas o equipo durante horas, lo que puede causar lesiones por uso repetitivo, como el s\u00edndrome del t\u00fanel carpiano. Estos trabajadores tambi\u00e9n pueden sufrir lesiones graves en accidentes causados por objetos que caen, pisos resbaladizos, o iluminaci\u00f3n inadecuada. As\u00ed que, en realidad, estos trabajadores se enfrentan a un sinf\u00edn de riesgos cada vez que fichan su entrada.<\/p>\n<p>Si usted ha resultado lesionado en su lugar de trabajo de oficina, busque representaci\u00f3n legal del abogado Daniel Hegwer tan pronto como sea posible. Daniel Hegwer tiene a\u00f1os de experiencia representando a trabajadores de oficina en la lucha por los beneficios de compensaci\u00f3n altrabajador. P\u00f3ngase en contacto con \u00e9l hoy mismo para dar el primer paso hacia la b\u00fasqueda de justicia.<\/p>\n<h3>Abogado de Compensaci\u00f3n al trabajador busca beneficios para trabajadores agr\u00edcolas lesionados<\/h3>\n<p>Existen muchas posiciones diferentes dentro de la industria agr\u00edcola: algunas personas trabajan como silvicultores o pescadores, mientras que otras trabajan como agricultores. Independientemente de la funci\u00f3n que desempe\u00f1e en el sector, a lo largo de su jornada laboral se enfrentar\u00e1 a una serie de riesgos relacionados con su trabajo. De hecho, la industria agr\u00edcola es considerada como una de las industrias m\u00e1s peligrosas del pa\u00eds. Por esta raz\u00f3n, los trabajadores agr\u00edcolas deben saber qu\u00e9 hacer despu\u00e9s de un accidente en el lugar de trabajo.<\/p>\n<p>Si usted ha resultado lesionado mientras trabajaba en la industria agr\u00edcola, comun\u00edquese de inmediato con el despacho de abogados de Daniel Hegwer. Daniel Hegwer ha ayudado a decenas de trabajadores agr\u00edcolas a abrirse camino a trav\u00e9s del proceso de reclamos de Compensaci\u00f3n al trabajador para asegurar los beneficios que necesitan durante este tiempo estresante en sus vidas.<\/p>\n<h3>Abogado ayuda a los trabajadores de bodegas lesionados a asegurar los beneficios de compensaci\u00f3n al trabajador que se merecen<\/h3>\n<p>Todo el mundo sabe que puede ser peligroso trabajar en la industria de la construcci\u00f3n o de la manufactura, pero muchas personas ignoran los peligros de trabajar en una bodega. Puede parecer un trabajo glamoroso, pero incontables empleados de bodegas se lesionan en accidentes de trabajo cada a\u00f1o en el \u00c1rea de la Bah\u00eda. No importa cu\u00e1n elegante pueda parecer su trabajo a quienes desconocen la industria: si usted se lesiona en el trabajo, tiene derecho a los beneficios de compensaci\u00f3n al trabajador.<\/p>\n<p>Permita que Daniel Hegwer lo acompa\u00f1e y represente desde el principio hasta el final del proceso de reclamo de compensaci\u00f3n al trabajador. En cada paso del camino, Daniel Hegwer luchar\u00e1 por los beneficios que usted se merece.<\/p>\n","protected":false},"excerpt":{"rendered":"<p>La industria de la construcci\u00f3n se encuentra actualmente en auge en el \u00c1rea de la Bah\u00eda, y si bien esto es excelente para la econom\u00eda local, lo cierto es que muchas personas sufrir\u00e1n lesiones graves mientras trabajan en estas obras. Si usted ha resultado lesionado mientras trabajaba en una obra en construcci\u00f3n, le conviene buscar [&hellip;]<\/p>\n","protected":false},"author":6,"featured_media":0,"parent":0,"menu_order":0,"comment_status":"closed","ping_status":"closed","template":"","meta":{"_genesis_hide_title":false,"_genesis_hide_breadcrumbs":false,"_genesis_hide_singular_image":false,"_genesis_hide_footer_widgets":false,"_genesis_custom_body_class":"","_genesis_custom_post_class":"","_genesis_layout":""},"yoast_head":"<!-- This site is optimized with the Yoast SEO plugin v21.1 - https:\/\/yoast.com\/wordpress\/plugins\/seo\/ -->\n<title>Abogado de Compensaci\u00f3n al trabajador en el \u00c1rea de la Bah\u00eda | Despachode abogados de Daniel Hegwer<\/title>\n<meta name=\"description\" content=\"Si usted ha resultado lesionadoen su trabajo, nuestros abogados de compensaci\u00f3n al trabajador en el \u00c1rea de la Bah\u00eda luchar\u00e1n para obtener los m\u00e1ximos beneficios. Ll\u00e1menos para saber c\u00f3mo podemos ayudarle.\" \/>\n<meta name=\"robots\" content=\"index, follow, max-snippet:-1, max-image-preview:large, max-video-preview:-1\" \/>\n<meta property=\"og:locale\" content=\"es_ES\" \/>\n<meta property=\"og:type\" content=\"article\" \/>\n<meta property=\"og:title\" content=\"Abogado de Compensaci\u00f3n al trabajador en el \u00c1rea de la Bah\u00eda | Despachode abogados de Daniel Hegwer\" \/>\n<meta property=\"og:description\" content=\"Si usted ha resultado lesionadoen su trabajo, nuestros abogados de compensaci\u00f3n al trabajador en el \u00c1rea de la Bah\u00eda luchar\u00e1n para obtener los m\u00e1ximos beneficios. Ll\u00e1menos para saber c\u00f3mo podemos ayudarle.\" \/>\n<meta property=\"og:url\" content=\"https:\/\/bayareaworkerscomp.com\/es\/abogado-con-experiencia-representa-a-trabajadores-de-la-construccion-lesionados-en-el-area-de-la-bahia\/\" \/>\n<meta property=\"og:site_name\" content=\"Hegwer Law\" \/>\n<meta property=\"article:modified_time\" content=\"2025-09-25T03:11:33+00:00\" \/>\n<meta name=\"twitter:card\" content=\"summary_large_image\" \/>\n<meta name=\"twitter:label1\" content=\"Tiempo de lectura\" \/>\n\t<meta name=\"twitter:data1\" content=\"8 minutos\" \/>\n<!-- \/ Yoast SEO plugin. -->","yoast_head_json":{"title":"Abogado de Compensaci\u00f3n al trabajador en el \u00c1rea de la Bah\u00eda | Despachode abogados de Daniel Hegwer","description":"Si usted ha resultado lesionadoen su trabajo, nuestros abogados de compensaci\u00f3n al trabajador en el \u00c1rea de la Bah\u00eda luchar\u00e1n para obtener los m\u00e1ximos beneficios. Ll\u00e1menos para saber c\u00f3mo podemos ayudarle.","robots":{"index":"index","follow":"follow","max-snippet":"max-snippet:-1","max-image-preview":"max-image-preview:large","max-video-preview":"max-video-preview:-1"},"og_locale":"es_ES","og_type":"article","og_title":"Abogado de Compensaci\u00f3n al trabajador en el \u00c1rea de la Bah\u00eda | Despachode abogados de Daniel Hegwer","og_description":"Si usted ha resultado lesionadoen su trabajo, nuestros abogados de compensaci\u00f3n al trabajador en el \u00c1rea de la Bah\u00eda luchar\u00e1n para obtener los m\u00e1ximos beneficios. Ll\u00e1menos para saber c\u00f3mo podemos ayudarle.","og_url":"https:\/\/bayareaworkerscomp.com\/es\/abogado-con-experiencia-representa-a-trabajadores-de-la-construccion-lesionados-en-el-area-de-la-bahia\/","og_site_name":"Hegwer Law","article_modified_time":"2025-09-25T03:11:33+00:00","twitter_card":"summary_large_image","twitter_misc":{"Tiempo de lectura":"8 minutos"},"schema":{"@context":"https:\/\/schema.org","@graph":[{"@type":"WebPage","@id":"https:\/\/bayareaworkerscomp.com\/es\/abogado-con-experiencia-representa-a-trabajadores-de-la-construccion-lesionados-en-el-area-de-la-bahia\/","url":"https:\/\/bayareaworkerscomp.com\/es\/abogado-con-experiencia-representa-a-trabajadores-de-la-construccion-lesionados-en-el-area-de-la-bahia\/","name":"Abogado de Compensaci\u00f3n al trabajador en el \u00c1rea de la Bah\u00eda | Despachode abogados de Daniel Hegwer","isPartOf":{"@id":"https:\/\/bayareaworkerscomp.com\/#website"},"datePublished":"2019-07-24T12:35:43+00:00","dateModified":"2025-09-25T03:11:33+00:00","description":"Si usted ha resultado lesionadoen su trabajo, nuestros abogados de compensaci\u00f3n al trabajador en el \u00c1rea de la Bah\u00eda luchar\u00e1n para obtener los m\u00e1ximos beneficios. Ll\u00e1menos para saber c\u00f3mo podemos ayudarle.","breadcrumb":{"@id":"https:\/\/bayareaworkerscomp.com\/es\/abogado-con-experiencia-representa-a-trabajadores-de-la-construccion-lesionados-en-el-area-de-la-bahia\/#breadcrumb"},"inLanguage":"es","potentialAction":[{"@type":"ReadAction","target":["https:\/\/bayareaworkerscomp.com\/es\/abogado-con-experiencia-representa-a-trabajadores-de-la-construccion-lesionados-en-el-area-de-la-bahia\/"]}]},{"@type":"BreadcrumbList","@id":"https:\/\/bayareaworkerscomp.com\/es\/abogado-con-experiencia-representa-a-trabajadores-de-la-construccion-lesionados-en-el-area-de-la-bahia\/#breadcrumb","itemListElement":[{"@type":"ListItem","position":1,"name":"Home","item":"https:\/\/bayareaworkerscomp.com\/es\/"},{"@type":"ListItem","position":2,"name":"Abogado con experiencia representa a trabajadores de la construcci\u00f3n lesionados en el \u00c1rea de la Bah\u00eda"}]},{"@type":"WebSite","@id":"https:\/\/bayareaworkerscomp.com\/#website","url":"https:\/\/bayareaworkerscomp.com\/","name":"Hegwer Law","description":"California Workers Compensation Attorney","potentialAction":[{"@type":"SearchAction","target":{"@type":"EntryPoint","urlTemplate":"https:\/\/bayareaworkerscomp.com\/?s={search_term_string}"},"query-input":"required name=search_term_string"}],"inLanguage":"es"}]}},"_links":{"self":[{"href":"https:\/\/bayareaworkerscomp.com\/es\/wp-json\/wp\/v2\/pages\/458"}],"collection":[{"href":"https:\/\/bayareaworkerscomp.com\/es\/wp-json\/wp\/v2\/pages"}],"about":[{"href":"https:\/\/bayareaworkerscomp.com\/es\/wp-json\/wp\/v2\/types\/page"}],"author":[{"embeddable":true,"href":"https:\/\/bayareaworkerscomp.com\/es\/wp-json\/wp\/v2\/users\/6"}],"replies":[{"embeddable":true,"href":"https:\/\/bayareaworkerscomp.com\/es\/wp-json\/wp\/v2\/comments?post=458"}],"version-history":[{"count":2,"href":"https:\/\/bayareaworkerscomp.com\/es\/wp-json\/wp\/v2\/pages\/458\/revisions"}],"predecessor-version":[{"id":79271,"href":"https:\/\/bayareaworkerscomp.com\/es\/wp-json\/wp\/v2\/pages\/458\/revisions\/79271"}],"wp:attachment":[{"href":"https:\/\/bayareaworkerscomp.com\/es\/wp-json\/wp\/v2\/media?parent=458"}],"curies":[{"name":"wp","href":"https:\/\/api.w.org\/{rel}","templated":true}]}}