{"id":460,"date":"2019-07-24T12:44:26","date_gmt":"2019-07-24T12:44:26","guid":{"rendered":"https:\/\/bayareaworkerscomp.com\/?page_id=460"},"modified":"2025-09-25T00:11:42","modified_gmt":"2025-09-25T00:11:42","slug":"abogado-del-condado-de-contra-costa-que-obtiene-una-compensacion-para-los-trabajadores-lesionados-en-la-industria-de-la-construccion","status":"publish","type":"page","link":"https:\/\/bayareaworkerscomp.com\/es\/abogado-del-condado-de-contra-costa-que-obtiene-una-compensacion-para-los-trabajadores-lesionados-en-la-industria-de-la-construccion\/","title":{"rendered":"Abogado del condado de Contra Costa que obtiene una compensaci\u00f3n para los trabajadores lesionados en la industria de la construcci\u00f3n"},"content":{"rendered":"<p><iframe loading=\"lazy\" src=\"https:\/\/www.youtube.com\/embed\/o0oQkBfHy-w\" width=\"450\" height=\"253\" frameborder=\"0\" allowfullscreen=\"allowfullscreen\"><\/iframe>Hay una serie de regulaciones de seguridad que se han establecido para proteger a los trabajadores de la construcci\u00f3n en el estado de California. Estas regulaciones hacen que los sitios de construcci\u00f3n sean m\u00e1s seguros, pero desafortunadamente, los accidentes todav\u00eda ocurren con demasiada frecuencia en los lugares de trabajo. De hecho, la construcci\u00f3n es una de las industrias m\u00e1s peligrosas para trabajar, incluso con estas regulaciones vigentes.<\/p>\n<p>Los trabajadores de la construcci\u00f3n lesionados tienen derecho a la compensaci\u00f3n de los trabajadores, pero recuperar estos beneficios no es tan f\u00e1cil como deber\u00eda ser. Si ha sido lesionado, deje que el abogado Daniel Hegwer luche por la compensaci\u00f3n que merece.<\/p>\n<h2>Firma de abogados comprometida con maximizar los beneficios de compensaci\u00f3n laboral para trabajadores de f\u00e1brica<\/h2>\n<p>Los trabajadores de las f\u00e1bricas dependen de su fuerza f\u00edsica y resistencia para hacer su trabajo. Debido a esto, una sola lesi\u00f3n podr\u00eda devastar la vida de un trabajador de una f\u00e1brica e interferir con su capacidad para realizar sus tareas laborales. Perder cheques no es una opci\u00f3n viable para los trabajadores que est\u00e1n luchando para llegar a fin de mes. Pero, afortunadamente, una lesi\u00f3n devastadora no tiene que llevar a la ruina financiera para los trabajadores lesionados.<\/p>\n<p>Daniel Hegwer es un abogado experimentado que se enorgullece de ayudar a los trabajadores de la f\u00e1brica lesionados a obtener beneficios de compensaci\u00f3n para trabajadores. Si ha sido lesionado en la l\u00ednea de ensamblaje o en cualquier otro lugar de una f\u00e1brica, comun\u00edquese con la Oficina Legal de Daniel Hegwer lo antes posible para hablar sobre sus opciones legales.<\/p>\n<h2>Abogado del condado de Contra Costa que lucha por una compensaci\u00f3n en nombre de trabajadores lesionados del almac\u00e9n<\/h2>\n<p>Hay muchos tipos diferentes de accidentes que pueden ocurrir en la configuraci\u00f3n de un almac\u00e9n. Algunos trabajadores se lesionan mientras usan carretillas elevadoras u otra maquinaria pesada, mientras que otros son golpeados por objetos que caen o est\u00e1n expuestos a sustancias peligrosas. Accidentes como estos pueden ocurrir sin importar lo cuidadoso que seas, por lo que es importante estar preparado.<\/p>\n<p>Si ha sido lesionado en el trabajo, comun\u00edquese con la oficina legal de Daniel Hegwer tan pronto como sea posible. Daniel Hegwer ha pasado a\u00f1os representando a los trabajadores del almac\u00e9n en la lucha por los beneficios de compensaci\u00f3n para trabajadores. \u00c9l conoce los muchos desaf\u00edos que pueden surgir en una reclamaci\u00f3n de compensaci\u00f3n de trabajadores, y est\u00e1 preparado para ayudarlo a superarlos y obtener los beneficios que merece.<\/p>\n<h2><strong> Abogado experimentado que representa a trabajadores de transporte lesionados en el condado de Contra Costa<\/strong><\/h2>\n<p>Un error aparentemente menor, como aplicar los frenos demasiado tarde o apartar la vista de la carretera por un segundo, podr\u00eda tener consecuencias devastadoras. Lamentablemente, muchos conductores de camiones, conductores de autobuses y otros trabajadores del transporte lo saben muy bien. Si ha sido lesionado mientras trabajaba para una compa\u00f1\u00eda de transporte, le conviene obtener ayuda legal de inmediato.<\/p>\n<p>El experimentado abogado Daniel Hegwer ser\u00e1 su mejor aliado en la lucha por los beneficios de compensaci\u00f3n para trabajadores. Perm\u00edtale proteger sus derechos, presentar su caso y luchar por los beneficios que merece. Comun\u00edquese de inmediato con la oficina legal de Daniel Hegwer para comenzar el proceso de solicitud de beneficios de compensaci\u00f3n para trabajadores.<\/p>\n<h3>Abogado de compensaci\u00f3n laboral que trabaja incansablemente para recuperar beneficios para profesionales de la salud<\/h3>\n<p>Es posible que los trabajadores de la salud no tengan que combatir incendios o perseguir a los sospechosos de delitos, pero trabajan en entornos peligrosos como los bomberos y los oficiales de polic\u00eda. Las enfermeras, los m\u00e9dicos, los cirujanos y otros proveedores de atenci\u00f3n m\u00e9dica corren el riesgo de contraer enfermedades o sufrir lesiones todos los d\u00edas que vienen a trabajar. Estos profesionales de la salud se sacrifican mucho por sus pacientes, por lo que es justo que tengan derecho a los beneficios de compensaci\u00f3n para trabajadores en caso de que se lesionen en el trabajo.<br \/>\nLos profesionales de la salud, si se lesion\u00f3 mientras cumpl\u00eda con sus obligaciones laborales, solicite ayuda al abogado Daniel Hegwer. Daniel Hegwer es un abogado experimentado que puede ayudarlo con todos los aspectos de su reclamo de compensaci\u00f3n para trabajadores, desde la solicitud inicial hasta la apelaci\u00f3n si su reclamo es rechazado.<\/p>\n<h3>Abogado que maximiza los beneficios de compensaci\u00f3n laboral para empleados lesionados en la industria de la salud y el ejercicio<\/h3>\n<p>Ser un instructor de fitness o un entrenador es un trabajo duro. Los hombres y mujeres que cumplen estos roles son responsables de ayudar a sus clientes a convertirse en las mejores versiones de s\u00ed mismos. Es un trabajo que viene con muchas recompensas, y tambi\u00e9n una gran cantidad de riesgos. Los instructores y entrenadores de acondicionamiento f\u00edsico suelen sufrir lesiones en los tejidos blandos, huesos rotos, fracturas y otras lesiones mientras realizan sus tareas de trabajo. Si le sucede a usted, le conviene buscar representaci\u00f3n legal de inmediato.<\/p>\n<p>Daniel Hegwer entiende que una lesi\u00f3n f\u00edsica puede ser devastadora para alguien que trabaja en la industria de la salud y el ejercicio f\u00edsico. Tan pronto como usted haga la llamada, \u00e9l comenzar\u00e1 a recopilar pruebas, desarrollar\u00e1 su caso y luchar\u00e1 por la compensaci\u00f3n que merece.<\/p>\n<h2>Abogado del condado de Contra Costa que recupera la compensaci\u00f3n para los empleados escolares lesionados<\/h2>\n<p>Los maestros, custodios, consejeros acad\u00e9micos y otros trabajadores escolares generalmente no necesitan usar maquinaria pesada o herramientas peligrosas mientras trabajan. Pero, eso no significa que est\u00e9n completamente seguros mientras est\u00e1n en el trabajo. Muchos trabajadores escolares resultan heridos por resbalones y ca\u00eddas, actos de violencia u otros incidentes en el trabajo. En el estado de California, los trabajadores escolares lesionados que sufren este destino tienen derecho a los beneficios de compensaci\u00f3n para trabajadores. Deje que el abogado Daniel Hegwer pelee para asegurarse de que obtenga estos beneficios de manera oportuna.<\/p>\n<p>Daniel Hegwer tiene la experiencia y los recursos para manejar los casos de compensaci\u00f3n de trabajadores m\u00e1s complejos. \u00c9l estar\u00e1 a su lado durante todo el proceso de reclamaciones, protegiendo sus derechos y luchando por los beneficios que merece en cada paso del camino.<\/p>\n<h3>Abogado calificado que ayuda a las v\u00edctimas de accidentes de trabajo en un lugar de trabajo de hospitalidad<\/h3>\n<p>Los trabajadores de la hospitalidad pueden sufrir lesiones cuando menos lo esperan. Por ejemplo, un ama de llaves que ha trabajado en la misma posici\u00f3n durante a\u00f1os puede sufrir repentinamente una distensi\u00f3n de los tejidos blandos o un esguince al levantar un colch\u00f3n para cambiar las s\u00e1banas. O bien, una camarera que trabaja en un restaurante puede resbalarse y caerse despu\u00e9s de que un cliente derrame un vaso de agua en el piso.<\/p>\n<p>Estos accidentes pueden ocurrir en un abrir y cerrar de ojos, pero las lesiones pueden afectar a los trabajadores por el resto de sus vidas. Si ha sido lesionado, permita que Daniel Hegwer negocie agresivamente con el proveedor de seguro de compensaci\u00f3n para trabajadores para maximizar los beneficios que se le otorgan por sus gastos m\u00e9dicos y la p\u00e9rdida de salarios.<\/p>\n<h3>Abogado de compensaci\u00f3n para trabajadores que busca en forma agresiva beneficios para trabajadores de oficina lesionados<\/h3>\n<p>Los trabajadores de oficina est\u00e1n en el interior durante la mayor parte del d\u00eda y, por lo general, no se les pide que hagan mucho trabajo manual. Por esta raz\u00f3n, muchas personas piensan que el trabajo de oficina no es peligroso, pero existe cierto riesgo. Los trabajadores de oficina corren un alto riesgo de desarrollar lesiones por uso repetitivo como resultado de escribir o hablar por tel\u00e9fono.<\/p>\n<p>Los accidentes tambi\u00e9n pueden ocurrir cuando se derraman l\u00edquidos, se caen objetos de los estantes o el equipo no se almacena correctamente. En el caso de una lesi\u00f3n en el lugar de trabajo, es imperativo buscar la representaci\u00f3n legal del abogado experto Daniel Hegwer.<\/p>\n<p>Pas\u00f3 a\u00f1os ayudando a los trabajadores de oficina lesionados en el condado de Contra Costa a demostrar que tienen derecho a los beneficios de compensaci\u00f3n para trabajadores. Entiende lo dif\u00edcil que es manejar el proceso de reclamaciones por su cuenta, por lo que elimina el estr\u00e9s de sus clientes al luchar por una compensaci\u00f3n en su nombre mientras se enfoca en su recuperaci\u00f3n.<\/p>\n<h2>Fiscal del condado de Contra Costa ayuda a trabajadores agr\u00edcolas lesionados a obtener beneficios de compensaci\u00f3n para trabajadores<\/h2>\n<p>Los pescadores, agricultores, silvicultores y otros trabajadores de la industria agr\u00edcola deben usar maquinaria pesada y herramientas para realizar sus tareas laborales. Estos trabajadores tambi\u00e9n est\u00e1n expuestos a condiciones ambientales, biol\u00f3gicas y respiratorias peligrosas que pueden afectar negativamente su salud en los pr\u00f3ximos a\u00f1os. Sobre la base de esta informaci\u00f3n, est\u00e1 claro que el entorno de trabajo t\u00edpico en la industria agr\u00edcola dista mucho de ser ideal o seguro.<\/p>\n<p>Si se lesiona mientras realiza sus tareas de trabajo, es importante tomar acciones legales de inmediato para proteger sus derechos. Daniel Hegwer tiene a\u00f1os de experiencia ayudando a los trabajadores agr\u00edcolas a luchar para obtener los beneficios de compensaci\u00f3n para trabajadores que necesitan para brindarles a sus familias mientras se recuperan de sus devastadoras lesiones.<\/p>\n<h3>Abogado calificado que garantiza que los trabajadores lesionados de la bodega est\u00e1n totalmente compensados<\/h3>\n<p>Los propietarios de bodegas pueden tomar una serie de medidas para proteger a sus empleados, como proporcionar capacitaci\u00f3n adecuada y equipo de seguridad adecuado. Pero, los accidentes todav\u00eda pueden ocurrir en las bodegas m\u00e1s seguras. Si est\u00e1 involucrado en un accidente en una bodega, le conviene ponerse en contacto con el abogado Daniel Hegwer lo antes posible.<\/p>\n<p>Daniel Hegwer ha ayudado a innumerables clientes en el condado de Contra Costa a enfrentarse con sus empleadores para asegurar los beneficios de compensaci\u00f3n para trabajadores que se merecen. Ahora, \u00e9lest\u00e1listo para lucharensunombre.<\/p>\n","protected":false},"excerpt":{"rendered":"<p>Hay una serie de regulaciones de seguridad que se han establecido para proteger a los trabajadores de la construcci\u00f3n en el estado de California. Estas regulaciones hacen que los sitios de construcci\u00f3n sean m\u00e1s seguros, pero desafortunadamente, los accidentes todav\u00eda ocurren con demasiada frecuencia en los lugares de trabajo. De hecho, la construcci\u00f3n es una [&hellip;]<\/p>\n","protected":false},"author":6,"featured_media":0,"parent":0,"menu_order":0,"comment_status":"closed","ping_status":"closed","template":"","meta":{"_genesis_hide_title":false,"_genesis_hide_breadcrumbs":false,"_genesis_hide_singular_image":false,"_genesis_hide_footer_widgets":false,"_genesis_custom_body_class":"","_genesis_custom_post_class":"","_genesis_layout":""},"yoast_head":"<!-- This site is optimized with the Yoast SEO plugin v21.1 - https:\/\/yoast.com\/wordpress\/plugins\/seo\/ -->\n<title>Abogado de Compensaci\u00f3n de Trabajadores del Condado de Contra Costa | Despacho de abogados de Daniel Hegwer<\/title>\n<meta name=\"description\" content=\"Si reside en el condado de Contra Costa y ha sido lesionado trabajando, nuestros abogados pueden ayudarlo a obtener los beneficios m\u00e1ximos de compensaci\u00f3n para trabajadores. Llame al (415) 448-5107\" \/>\n<meta name=\"robots\" content=\"index, follow, max-snippet:-1, max-image-preview:large, max-video-preview:-1\" \/>\n<meta property=\"og:locale\" content=\"es_ES\" \/>\n<meta property=\"og:type\" content=\"article\" \/>\n<meta property=\"og:title\" content=\"Abogado de Compensaci\u00f3n de Trabajadores del Condado de Contra Costa | Despacho de abogados de Daniel Hegwer\" \/>\n<meta property=\"og:description\" content=\"Si reside en el condado de Contra Costa y ha sido lesionado trabajando, nuestros abogados pueden ayudarlo a obtener los beneficios m\u00e1ximos de compensaci\u00f3n para trabajadores. Llame al (415) 448-5107\" \/>\n<meta property=\"og:url\" content=\"https:\/\/bayareaworkerscomp.com\/es\/abogado-del-condado-de-contra-costa-que-obtiene-una-compensacion-para-los-trabajadores-lesionados-en-la-industria-de-la-construccion\/\" \/>\n<meta property=\"og:site_name\" content=\"Hegwer Law\" \/>\n<meta property=\"article:modified_time\" content=\"2025-09-25T00:11:42+00:00\" \/>\n<meta name=\"twitter:card\" content=\"summary_large_image\" \/>\n<meta name=\"twitter:label1\" content=\"Tiempo de lectura\" \/>\n\t<meta name=\"twitter:data1\" content=\"7 minutos\" \/>\n<!-- \/ Yoast SEO plugin. -->","yoast_head_json":{"title":"Abogado de Compensaci\u00f3n de Trabajadores del Condado de Contra Costa | Despacho de abogados de Daniel Hegwer","description":"Si reside en el condado de Contra Costa y ha sido lesionado trabajando, nuestros abogados pueden ayudarlo a obtener los beneficios m\u00e1ximos de compensaci\u00f3n para trabajadores. Llame al (415) 448-5107","robots":{"index":"index","follow":"follow","max-snippet":"max-snippet:-1","max-image-preview":"max-image-preview:large","max-video-preview":"max-video-preview:-1"},"og_locale":"es_ES","og_type":"article","og_title":"Abogado de Compensaci\u00f3n de Trabajadores del Condado de Contra Costa | Despacho de abogados de Daniel Hegwer","og_description":"Si reside en el condado de Contra Costa y ha sido lesionado trabajando, nuestros abogados pueden ayudarlo a obtener los beneficios m\u00e1ximos de compensaci\u00f3n para trabajadores. Llame al (415) 448-5107","og_url":"https:\/\/bayareaworkerscomp.com\/es\/abogado-del-condado-de-contra-costa-que-obtiene-una-compensacion-para-los-trabajadores-lesionados-en-la-industria-de-la-construccion\/","og_site_name":"Hegwer Law","article_modified_time":"2025-09-25T00:11:42+00:00","twitter_card":"summary_large_image","twitter_misc":{"Tiempo de lectura":"7 minutos"},"schema":{"@context":"https:\/\/schema.org","@graph":[{"@type":"WebPage","@id":"https:\/\/bayareaworkerscomp.com\/es\/abogado-del-condado-de-contra-costa-que-obtiene-una-compensacion-para-los-trabajadores-lesionados-en-la-industria-de-la-construccion\/","url":"https:\/\/bayareaworkerscomp.com\/es\/abogado-del-condado-de-contra-costa-que-obtiene-una-compensacion-para-los-trabajadores-lesionados-en-la-industria-de-la-construccion\/","name":"Abogado de Compensaci\u00f3n de Trabajadores del Condado de Contra Costa | Despacho de abogados de Daniel Hegwer","isPartOf":{"@id":"https:\/\/bayareaworkerscomp.com\/#website"},"datePublished":"2019-07-24T12:44:26+00:00","dateModified":"2025-09-25T00:11:42+00:00","description":"Si reside en el condado de Contra Costa y ha sido lesionado trabajando, nuestros abogados pueden ayudarlo a obtener los beneficios m\u00e1ximos de compensaci\u00f3n para trabajadores. Llame al (415) 448-5107","breadcrumb":{"@id":"https:\/\/bayareaworkerscomp.com\/es\/abogado-del-condado-de-contra-costa-que-obtiene-una-compensacion-para-los-trabajadores-lesionados-en-la-industria-de-la-construccion\/#breadcrumb"},"inLanguage":"es","potentialAction":[{"@type":"ReadAction","target":["https:\/\/bayareaworkerscomp.com\/es\/abogado-del-condado-de-contra-costa-que-obtiene-una-compensacion-para-los-trabajadores-lesionados-en-la-industria-de-la-construccion\/"]}]},{"@type":"BreadcrumbList","@id":"https:\/\/bayareaworkerscomp.com\/es\/abogado-del-condado-de-contra-costa-que-obtiene-una-compensacion-para-los-trabajadores-lesionados-en-la-industria-de-la-construccion\/#breadcrumb","itemListElement":[{"@type":"ListItem","position":1,"name":"Home","item":"https:\/\/bayareaworkerscomp.com\/es\/"},{"@type":"ListItem","position":2,"name":"Abogado del condado de Contra Costa que obtiene una compensaci\u00f3n para los trabajadores lesionados en la industria de la construcci\u00f3n"}]},{"@type":"WebSite","@id":"https:\/\/bayareaworkerscomp.com\/#website","url":"https:\/\/bayareaworkerscomp.com\/","name":"Hegwer Law","description":"California Workers Compensation Attorney","potentialAction":[{"@type":"SearchAction","target":{"@type":"EntryPoint","urlTemplate":"https:\/\/bayareaworkerscomp.com\/?s={search_term_string}"},"query-input":"required name=search_term_string"}],"inLanguage":"es"}]}},"_links":{"self":[{"href":"https:\/\/bayareaworkerscomp.com\/es\/wp-json\/wp\/v2\/pages\/460"}],"collection":[{"href":"https:\/\/bayareaworkerscomp.com\/es\/wp-json\/wp\/v2\/pages"}],"about":[{"href":"https:\/\/bayareaworkerscomp.com\/es\/wp-json\/wp\/v2\/types\/page"}],"author":[{"embeddable":true,"href":"https:\/\/bayareaworkerscomp.com\/es\/wp-json\/wp\/v2\/users\/6"}],"replies":[{"embeddable":true,"href":"https:\/\/bayareaworkerscomp.com\/es\/wp-json\/wp\/v2\/comments?post=460"}],"version-history":[{"count":1,"href":"https:\/\/bayareaworkerscomp.com\/es\/wp-json\/wp\/v2\/pages\/460\/revisions"}],"predecessor-version":[{"id":461,"href":"https:\/\/bayareaworkerscomp.com\/es\/wp-json\/wp\/v2\/pages\/460\/revisions\/461"}],"wp:attachment":[{"href":"https:\/\/bayareaworkerscomp.com\/es\/wp-json\/wp\/v2\/media?parent=460"}],"curies":[{"name":"wp","href":"https:\/\/api.w.org\/{rel}","templated":true}]}}