{"id":462,"date":"2019-07-24T12:54:19","date_gmt":"2019-07-24T12:54:19","guid":{"rendered":"https:\/\/bayareaworkerscomp.com\/?page_id=462"},"modified":"2025-10-20T19:26:39","modified_gmt":"2025-10-20T19:26:39","slug":"abogado-del-condado-de-marin-que-lucha-por-una-indemnizacion-en-nombre-de-trabajadores-lesionados-de-construccion","status":"publish","type":"page","link":"https:\/\/bayareaworkerscomp.com\/es\/abogado-del-condado-de-marin-que-lucha-por-una-indemnizacion-en-nombre-de-trabajadores-lesionados-de-construccion\/","title":{"rendered":"Abogado del condado de Marin que lucha por una indemnizaci\u00f3n en nombre de trabajadores lesionados de construcci\u00f3n"},"content":{"rendered":"<p><iframe loading=\"lazy\" src=\"https:\/\/www.youtube.com\/embed\/o0oQkBfHy-w\" width=\"450\" height=\"253\" frameborder=\"0\" allowfullscreen=\"allowfullscreen\"><\/iframe>Las ca\u00eddas, la electrocuci\u00f3n y la ca\u00edda de objetos son tres de las causas m\u00e1s comunes de las lesiones en las obras de construcci\u00f3n. Pero desafortunadamente, est\u00e1n lejos de ser las \u00fanicas causas de estas lesiones. Los sitios de construcci\u00f3n son peligrosos, por lo que no es de extra\u00f1ar que miles de trabajadores de construcci\u00f3n cada a\u00f1o se lesionen mientras est\u00e1n en el trabajo en los Estados Unidos. Lamentablemente, a muchos trabajadores de construcci\u00f3n lesionados les resulta dif\u00edcil obtener los beneficios de compensaci\u00f3n a los trabajadores a los que tienen derecho por ley.<\/p>\n<p>No espere a que esto le suceda, busque la representaci\u00f3n legal del abogado Daniel Hegwer inmediatamente despu\u00e9s de un accidente en el sitio de construcci\u00f3n. Deje que Daniel Hegwer proteja sus derechos y luche por la compensaci\u00f3n para trabajadores que usted merece.<\/p>\n<h2>Abogado que asegura la compensaci\u00f3n para los trabajadores lesionados en la industria manufacturera<\/h2>\n<p>Las personas pueden ocupar una serie de puestos diferentes dentro de una f\u00e1brica. Algunos empleados trabajan directamente en la l\u00ednea de ensamblaje, mientras que otros son compradores, ingenieros o gerentes de control de calidad. No importa qu\u00e9 puesto ocupe en una f\u00e1brica, est\u00e1 trabajando en un entorno peligroso. Si ocurre un accidente, le conviene buscar representaci\u00f3n legal de Daniel Hegwer, un abogado de confianza en el condado de Marin.<\/p>\n<p>Daniel Hegwer ha trabajado con clientes en la industria manufacturera a lo largo de su carrera, por lo que conoce los peligros que enfrentan los trabajadores cada vez que inician su jornada. Utiliza su conocimiento de la industria manufacturera y su experiencia legal para proteger los mejores intereses de sus clientes y asegurar la compensaci\u00f3n que merecen.<\/p>\n<h2>Abogado experimentado que representa a los trabajadores de almac\u00e9n lesionados en el condado de Marin<\/h2>\n<p>Los almacenes son entornos de trabajo agitados y de alto estr\u00e9s, donde los trabajadores deben usar maquinaria pesada y realizar una gran cantidad de trabajo manual. Debido a la naturaleza de este trabajo, no es dif\u00edcil ver porqu\u00e9 las lesiones en el lugar de trabajo son tan comunes entre los empleados de almac\u00e9n.<\/p>\n<p>Cualquier persona que sufra una lesi\u00f3n en el trabajo en un almac\u00e9n tiene derecho a los beneficios de compensaci\u00f3n para trabajadores, pero nunca debe intentar recuperar estos beneficios por su cuenta. Conf\u00ede en Daniel Hegwer, un experimentado abogado en el condado de Marin, para luchar en su nombre. \u00c9l ir\u00e1 m\u00e1s all\u00e1 para alcanzar el mejor resultado posible en su caso de compensaci\u00f3n para trabajadores.<\/p>\n<h3>Abogado de Compensaci\u00f3n Laboral que trabaja incansablemente para recuperar beneficios para empleados de transporte<\/h3>\n<p>Los trabajadores del transporte registran cientos, a veces incluso miles, de horas y millas en la carretera cada a\u00f1o. Pasar todo este tiempo en la carretera los pone en riesgo de sufrir una amplia gama de lesiones. Algunos trabajadores experimentar\u00e1n esguinces o torceduras debido a movimientos repetitivos, mientras que otros sufrir\u00e1n lesiones incapacitantes que les impiden cumplir con sus obligaciones laborales.<\/p>\n<p>La gravedad de la lesi\u00f3n no importa. Si se lesiona mientras trabaja en el transporte, comun\u00edquese con el abogado Daniel Hegwer de inmediato para hablar sobre su derecho a una compensaci\u00f3n. El abogado Hegwer lo guiar\u00e1 a trav\u00e9s del proceso de solicitud de compensaci\u00f3n para trabajadores y lo ayudar\u00e1 a superar cualquier obst\u00e1culo, como una denegaci\u00f3n de reclamo, que pueda surgir en el camino.<\/p>\n<h3>Abogado que maximiza los beneficios de compensaci\u00f3n laboral para empleados lesionados en la industria del cuidado de la salud<\/h3>\n<p>Las personas que est\u00e1n enfermas o lesionadas van a hospitales, cl\u00ednicas y consultorios m\u00e9dicos para recibir atenci\u00f3n m\u00e9dica. Debido a esto, nadie esperar\u00eda que estos sean algunos de los entornos de trabajom\u00e1s peligrosos del pa\u00eds. Los profesionales de la salud corren el riesgo de contraer enfermedades de sus pacientes o sufrir lesiones graves mientras realizan sus tareas laborales.<\/p>\n<p>Una lesi\u00f3n puede obligar a un trabajador de la salud a ausentarse del trabajo mientras se recuperan y puede generar facturas m\u00e9dicas sustanciales. En caso de que esto le suceda, es importante que se ponga en contacto con un abogado para que lo ayude a recuperar los beneficios de compensaci\u00f3n para trabajadores.<\/p>\n<p>Daniel Hegwer ha ayudado a innumerables trabajadores de la salud a obtener los beneficios que merecen por sus lesiones relacionadas con el trabajo. Trabajar\u00e1 incansablemente para buscar justicia en su nombre y no se detendr\u00e1 hasta que hayan alcanzado el mejor resultado posible en su caso.<\/p>\n<h2>Abogado del condado de Marin que recupera la compensaci\u00f3n para trabajadores de la salud y el estado f\u00edsico lesionados<\/h2>\n<p>Los instructores e instructores de acondicionamiento f\u00edsico deben navegar cuidadosamente alrededor de una serie de peligros de seguridad a lo largo de su jornada laboral. Un simple error, como olvidarse de estirarse, dejar caer una mancuerna o intentar levantar demasiado peso puede tener consecuencias devastadoras. En el caso de que ocurra un accidente, es importante que comprenda su derecho a los beneficios de compensaci\u00f3n para trabajadores.<\/p>\n<p>Daniel Hegwer ha dedicado su carrera a ayudar a los trabajadores lesionados que se encuentran en esta situaci\u00f3n estresante y desconocida. Con su ayuda, los instructores e instructores de acondicionamiento f\u00edsico pueden asegurar los beneficios de compensaci\u00f3n para trabajadores que necesitan para vivir hasta que sean capaces de regresar al trabajo.<\/p>\n<h3>Firma de abogados comprometida a maximizar los beneficios de compensaci\u00f3n laboral para empleados de escuelas<\/h3>\n<p>La mayor\u00eda de las personas saben que los bomberos, los oficiales de polic\u00eda y los trabajadores de la construcci\u00f3n trabajan en entornos peligrosos, pero pocos entienden que los maestros tambi\u00e9n deber\u00edan estar incluidos en esta lista. La ense\u00f1anza es un trabajo cada vez m\u00e1s exigente y peligroso, por lo que no es sorprendente que los maestros en el Condado de Marin sufran innumerables lesiones cada a\u00f1o.<\/p>\n<p>Si se lesion\u00f3 mientras trabajaba en una escuela, es importante buscar inmediatamente la representaci\u00f3n legal de un abogado con experiencia. Daniel Hegwer trabajar\u00e1 incansablemente para garantizar que usted reciba una compensaci\u00f3n total por sus lesiones. Deje que la oficina legal de Daniel Hegwer maneje su reclamo de compensaci\u00f3n para trabajadores mientras se enfoca en recuperarse completamente de sus lesiones.<\/p>\n<h3>Abogado de compensaci\u00f3n de trabajadores que busca en forma agresiva beneficios para trabajadores Tur\u00edsticoslesionados<\/h3>\n<p>California es un destino tur\u00edstico popular, lo que significa que hay una gran demanda de trabajadores tur\u00edsticos. Hay muchos beneficios adicionales para trabajar en la industria hotelera, pero tambi\u00e9n hay muchos riesgos, incluidos los riesgos de seguridad que est\u00e1n presentes en todos los entornos de trabajo dentro de este campo.<\/p>\n<p>La ley requiere que los empleadores proporcionen beneficios de compensaci\u00f3n para trabajadores a los empleados tur\u00edsticos que se lesionan mientras est\u00e1n en el trabajo. Pero recuperar estos beneficios no es tan f\u00e1cil como parece. Su mejor apuesta para maximizar la compensaci\u00f3n que se le otorga es trabajar con Daniel Hegwer, un experimentado abogado de compensaci\u00f3n de trabajadores en el condado de Marin.<\/p>\n<h3>Abogado agresivo que ayuda a trabajadores de oficina lesionados a obtener los beneficios de compensaci\u00f3n para trabajadores que se merecen<\/h3>\n<p>Una oficina no puede encabezar la lista de los lugares de trabajo m\u00e1s peligrosos del pa\u00eds, pero eso no significa que los trabajadores de la oficina est\u00e9n completamente seguros durante las horas de trabajo. Los trabajadores de oficina, al igual que los empleados de otras industrias, enfrentan una serie de riesgos en el lugar de trabajo. Lamentablemente, miles de trabajadores de oficina sufren lesiones todos los a\u00f1os, muchos de los cuales son incapacitantes.<\/p>\n<p>No hay tiempo que perder despu\u00e9s de una lesi\u00f3n en la oficina; contacte a Daniel Hegwer de inmediato. Daniel Hegwer es un abogado especializado que se compromete a ayudar a los trabajadores lesionados a obtener los beneficios m\u00e1ximos disponibles a trav\u00e9s del sistema de compensaci\u00f3n para trabajadores. P\u00f3ngase en contacto con la asesor\u00eda jur\u00eddica de Daniel Hegwer hoy para aprender m\u00e1s.<\/p>\n<h3>Abogado calificado que garantiza que los trabajadores agr\u00edcolas lesionados est\u00e9n totalmente compensados<\/h3>\n<p>Seg\u00fan la Administraci\u00f3n de Seguridad y Salud Ocupacional (OSHA, por sus siglas en ingl\u00e9s), los trabajadores agr\u00edcolas se enfrentan a diversos peligros mientras realizan sus tareas laborales. Algunos peligros son de naturaleza respiratoria, mientras que otros son biol\u00f3gicos o ambientales. El ambiente de trabajo caluroso y soleado en s\u00ed mismo puede ser peligroso en los d\u00edas en que las temperaturas comienzan a subir.<\/p>\n<p>Si ha sido lesionado mientras trabajaba en la industria agr\u00edcola, tiene derecho a los beneficios de compensaci\u00f3n para trabajadores. Pero debe iniciar el proceso de solicitud de estos beneficios lo m\u00e1s r\u00e1pido posible o podr\u00eda perder su derecho a compensaci\u00f3n. No espere m\u00e1s, contacte al abogado Daniel Hegwer ahora para proteger sus derechos.<\/p>\n<h3>Abogado experto que ayuda a v\u00edctimas de accidentes de trabajo en bodegas<\/h3>\n<p>Las personas que trabajan en bodegas en el condado de Marin est\u00e1n rodeadas de peligros de seguridad a diario. Las herramientas y la maquinaria, como los montacargas y las bombas, se usan regularmente en esta l\u00ednea de trabajo y, a veces, los trabajadores deben usarlos en espacios peque\u00f1os y confinados.<\/p>\n<p>Adem\u00e1s, algunos trabajadores de bodegas deben levantar con frecuencia barriles de madera que pesan docenas de libras. Estos barriles se apilan uno encima del otro, lo que significa que podr\u00edan caer f\u00e1cilmente al suelo en caso de un terremoto.<\/p>\n<p>Estos son solo algunos de los muchos peligros que se encuentran en la bodega t\u00edpica, por lo que no es de extra\u00f1ar que tantos trabajadores de la bodega se lesionen cada a\u00f1o. Si ha sido lesionado, deje que el abogado Daniel Hegwer lo gu\u00ede a trav\u00e9s del proceso de solicitud y obtenci\u00f3n de beneficios de compensaci\u00f3n para trabajadores.<\/p>\n","protected":false},"excerpt":{"rendered":"<p>Las ca\u00eddas, la electrocuci\u00f3n y la ca\u00edda de objetos son tres de las causas m\u00e1s comunes de las lesiones en las obras de construcci\u00f3n. Pero desafortunadamente, est\u00e1n lejos de ser las \u00fanicas causas de estas lesiones. Los sitios de construcci\u00f3n son peligrosos, por lo que no es de extra\u00f1ar que miles de trabajadores de construcci\u00f3n [&hellip;]<\/p>\n","protected":false},"author":6,"featured_media":0,"parent":0,"menu_order":0,"comment_status":"closed","ping_status":"closed","template":"","meta":{"_genesis_hide_title":false,"_genesis_hide_breadcrumbs":false,"_genesis_hide_singular_image":false,"_genesis_hide_footer_widgets":false,"_genesis_custom_body_class":"","_genesis_custom_post_class":"","_genesis_layout":""},"yoast_head":"<!-- This site is optimized with the Yoast SEO plugin v21.1 - https:\/\/yoast.com\/wordpress\/plugins\/seo\/ -->\n<title>Abogado de Compensaci\u00f3n de Trabajadores del Condado de Marin | Despacho de abogados de Daniel Hegwer<\/title>\n<meta name=\"description\" content=\"Los empleados que han sido lesionados en el condado de Marin tienen derechos. Permita que nuestro bufete de abogados lo ayude a obtener los beneficios de compensaci\u00f3n para trabajadores que usted merece. Llame al (415) 448-5107\" \/>\n<meta name=\"robots\" content=\"index, follow, max-snippet:-1, max-image-preview:large, max-video-preview:-1\" \/>\n<meta property=\"og:locale\" content=\"es_ES\" \/>\n<meta property=\"og:type\" content=\"article\" \/>\n<meta property=\"og:title\" content=\"Abogado de Compensaci\u00f3n de Trabajadores del Condado de Marin | Despacho de abogados de Daniel Hegwer\" \/>\n<meta property=\"og:description\" content=\"Los empleados que han sido lesionados en el condado de Marin tienen derechos. Permita que nuestro bufete de abogados lo ayude a obtener los beneficios de compensaci\u00f3n para trabajadores que usted merece. Llame al (415) 448-5107\" \/>\n<meta property=\"og:url\" content=\"https:\/\/bayareaworkerscomp.com\/es\/abogado-del-condado-de-marin-que-lucha-por-una-indemnizacion-en-nombre-de-trabajadores-lesionados-de-construccion\/\" \/>\n<meta property=\"og:site_name\" content=\"Hegwer Law\" \/>\n<meta property=\"article:modified_time\" content=\"2025-10-20T19:26:39+00:00\" \/>\n<meta name=\"twitter:card\" content=\"summary_large_image\" \/>\n<meta name=\"twitter:label1\" content=\"Tiempo de lectura\" \/>\n\t<meta name=\"twitter:data1\" content=\"7 minutos\" \/>\n<!-- \/ Yoast SEO plugin. -->","yoast_head_json":{"title":"Abogado de Compensaci\u00f3n de Trabajadores del Condado de Marin | Despacho de abogados de Daniel Hegwer","description":"Los empleados que han sido lesionados en el condado de Marin tienen derechos. Permita que nuestro bufete de abogados lo ayude a obtener los beneficios de compensaci\u00f3n para trabajadores que usted merece. Llame al (415) 448-5107","robots":{"index":"index","follow":"follow","max-snippet":"max-snippet:-1","max-image-preview":"max-image-preview:large","max-video-preview":"max-video-preview:-1"},"og_locale":"es_ES","og_type":"article","og_title":"Abogado de Compensaci\u00f3n de Trabajadores del Condado de Marin | Despacho de abogados de Daniel Hegwer","og_description":"Los empleados que han sido lesionados en el condado de Marin tienen derechos. Permita que nuestro bufete de abogados lo ayude a obtener los beneficios de compensaci\u00f3n para trabajadores que usted merece. Llame al (415) 448-5107","og_url":"https:\/\/bayareaworkerscomp.com\/es\/abogado-del-condado-de-marin-que-lucha-por-una-indemnizacion-en-nombre-de-trabajadores-lesionados-de-construccion\/","og_site_name":"Hegwer Law","article_modified_time":"2025-10-20T19:26:39+00:00","twitter_card":"summary_large_image","twitter_misc":{"Tiempo de lectura":"7 minutos"},"schema":{"@context":"https:\/\/schema.org","@graph":[{"@type":"WebPage","@id":"https:\/\/bayareaworkerscomp.com\/es\/abogado-del-condado-de-marin-que-lucha-por-una-indemnizacion-en-nombre-de-trabajadores-lesionados-de-construccion\/","url":"https:\/\/bayareaworkerscomp.com\/es\/abogado-del-condado-de-marin-que-lucha-por-una-indemnizacion-en-nombre-de-trabajadores-lesionados-de-construccion\/","name":"Abogado de Compensaci\u00f3n de Trabajadores del Condado de Marin | Despacho de abogados de Daniel Hegwer","isPartOf":{"@id":"https:\/\/bayareaworkerscomp.com\/#website"},"datePublished":"2019-07-24T12:54:19+00:00","dateModified":"2025-10-20T19:26:39+00:00","description":"Los empleados que han sido lesionados en el condado de Marin tienen derechos. Permita que nuestro bufete de abogados lo ayude a obtener los beneficios de compensaci\u00f3n para trabajadores que usted merece. Llame al (415) 448-5107","breadcrumb":{"@id":"https:\/\/bayareaworkerscomp.com\/es\/abogado-del-condado-de-marin-que-lucha-por-una-indemnizacion-en-nombre-de-trabajadores-lesionados-de-construccion\/#breadcrumb"},"inLanguage":"es","potentialAction":[{"@type":"ReadAction","target":["https:\/\/bayareaworkerscomp.com\/es\/abogado-del-condado-de-marin-que-lucha-por-una-indemnizacion-en-nombre-de-trabajadores-lesionados-de-construccion\/"]}]},{"@type":"BreadcrumbList","@id":"https:\/\/bayareaworkerscomp.com\/es\/abogado-del-condado-de-marin-que-lucha-por-una-indemnizacion-en-nombre-de-trabajadores-lesionados-de-construccion\/#breadcrumb","itemListElement":[{"@type":"ListItem","position":1,"name":"Home","item":"https:\/\/bayareaworkerscomp.com\/es\/"},{"@type":"ListItem","position":2,"name":"Abogado del condado de Marin que lucha por una indemnizaci\u00f3n en nombre de trabajadores lesionados de construcci\u00f3n"}]},{"@type":"WebSite","@id":"https:\/\/bayareaworkerscomp.com\/#website","url":"https:\/\/bayareaworkerscomp.com\/","name":"Hegwer Law","description":"California Workers Compensation Attorney","potentialAction":[{"@type":"SearchAction","target":{"@type":"EntryPoint","urlTemplate":"https:\/\/bayareaworkerscomp.com\/?s={search_term_string}"},"query-input":"required name=search_term_string"}],"inLanguage":"es"}]}},"_links":{"self":[{"href":"https:\/\/bayareaworkerscomp.com\/es\/wp-json\/wp\/v2\/pages\/462"}],"collection":[{"href":"https:\/\/bayareaworkerscomp.com\/es\/wp-json\/wp\/v2\/pages"}],"about":[{"href":"https:\/\/bayareaworkerscomp.com\/es\/wp-json\/wp\/v2\/types\/page"}],"author":[{"embeddable":true,"href":"https:\/\/bayareaworkerscomp.com\/es\/wp-json\/wp\/v2\/users\/6"}],"replies":[{"embeddable":true,"href":"https:\/\/bayareaworkerscomp.com\/es\/wp-json\/wp\/v2\/comments?post=462"}],"version-history":[{"count":2,"href":"https:\/\/bayareaworkerscomp.com\/es\/wp-json\/wp\/v2\/pages\/462\/revisions"}],"predecessor-version":[{"id":80133,"href":"https:\/\/bayareaworkerscomp.com\/es\/wp-json\/wp\/v2\/pages\/462\/revisions\/80133"}],"wp:attachment":[{"href":"https:\/\/bayareaworkerscomp.com\/es\/wp-json\/wp\/v2\/media?parent=462"}],"curies":[{"name":"wp","href":"https:\/\/api.w.org\/{rel}","templated":true}]}}