{"id":464,"date":"2019-07-24T13:00:10","date_gmt":"2019-07-24T13:00:10","guid":{"rendered":"https:\/\/bayareaworkerscomp.com\/?page_id=464"},"modified":"2019-07-24T13:00:10","modified_gmt":"2019-07-24T13:00:10","slug":"conozca-al-abogado-daniel-hegwer","status":"publish","type":"page","link":"https:\/\/bayareaworkerscomp.com\/es\/conozca-al-abogado-daniel-hegwer\/","title":{"rendered":"Conozca al abogado Daniel Hegwer"},"content":{"rendered":"<p><iframe loading=\"lazy\" src=\"https:\/\/www.youtube.com\/embed\/Y4CkXPucqtw\" width=\"450\" height=\"253\" frameborder=\"0\" allowfullscreen=\"allowfullscreen\"><\/iframe>Daniel Hegwer se gradu\u00f3 de la Escuela de Leyes John Marshall en 2004. Comenz\u00f3 su carrera legal en una gran firma de abogados de lesiones personales con oficinas en todo California. En esta funci\u00f3n, Daniel obtuvo una experiencia invaluable en litigios y aprendi\u00f3 lo que se necesita para ayudar a las v\u00edctimas a buscar justicia.<\/p>\n<h2>M\u00e1s de una d\u00e9cada de experiencia legal<\/h2>\n<p>Debido a que estaba reci\u00e9n egresado de la escuela de leyes, Daniel era el principal responsable de tomar declaraciones de clientes lesionados que buscaban una compensaci\u00f3n. Fue en este papel que Daniel se dio cuenta de que ten\u00eda una capacidad \u00fanica de hacer que los clientes se sintieran c\u00f3modos, lo que les permiti\u00f3 brindar respuestas m\u00e1s concretas y completas.<\/p>\n<p>\u00c9l inculc\u00f3 un sentimiento de confianza porque no era como los abogados de camisa de almid\u00f3n de bordes duros y estrechos en su oficina. Como resultado, Daniel pudo conectarse con los clientes de una manera que otros abogados no pudieron.<\/p>\n<p>Cuatro a\u00f1os despu\u00e9s, Daniel comenz\u00f3 a trabajar en una firma de abogados global con oficinas ubicadas en todo el mundo. Daniel descubri\u00f3 que el tama\u00f1o de la empresa le hac\u00eda m\u00e1s dif\u00edcil conectarse con los clientes, lo cual era lo que disfrutaba. A pesar de esto, administr\u00f3 de la mejor manera posible su tiempo con este bufete de abogados al aprender m\u00e1s sobre c\u00f3mo tratar con las compa\u00f1\u00edas de seguros.<\/p>\n<p>Obtuvo una comprensi\u00f3n m\u00e1s profunda de c\u00f3mo los ajustadores de seguros manejan los reclamos, los problemas que podr\u00edan surgir cuando se trabaja en la resoluci\u00f3n de un reclamo y, lo que es m\u00e1s importante, c\u00f3mo superar estos obst\u00e1culos para lograr los resultados deseados.<\/p>\n<h2>El abogado Daniel Hegwer tiene una pasi\u00f3n por ayudar a los trabajadores lesionados<\/h2>\n<p>En 2010, decidi\u00f3 ajustar su trayectoria profesional concentr\u00e1ndose en las reclamaciones de compensaci\u00f3n para trabajadores. Comenz\u00f3 a trabajar en las Oficinas Legales de Le\u00f3n Reich, una peque\u00f1a firma de abogados que se enfocaba principalmente en casos de compensaci\u00f3n para trabajadores.<br \/>\nDaniel asumi\u00f3 muchas responsabilidades en las Oficinas Legales de Le\u00f3n Reich, incluyendo:<\/p>\n<ul>\n<li>Participaci\u00f3n en entrevistas y declaraciones de clientes.<\/li>\n<li>Estrategias de los planes de litigios.<\/li>\n<li>Comunicarse con otros abogados<\/li>\n<li>Supervisar las revisiones m\u00e9dicas.<\/li>\n<li>Maniobrar a trav\u00e9s y alrededor de las compa\u00f1\u00edas de seguros.<\/li>\n<li>Presentaci\u00f3n de casos ante la Junta de Apelaciones de Compensaci\u00f3n a los Trabajadores<\/li>\n<\/ul>\n<p>Amaba su trabajo y se enorgullec\u00eda de ayudar a las v\u00edctimas lesionadas a buscar una compensaci\u00f3n por sus lesiones relacionadas con el trabajo. Daniel permaneci\u00f3 en este bufete hasta que falleci\u00f3 Leon Reich.<\/p>\n<h2>Conf\u00ede en la oficina legal de Daniel Hegwer despu\u00e9s de una lesi\u00f3n en el lugar de trabajo<\/h2>\n<p>En 2012, Daniel abri\u00f3 The Wyman &#038; Hegwerso y pudo practicar la ley de compensaci\u00f3n para trabajadores en sus propios t\u00e9rminos. Su objetivo es ayudar a todos los empleados que se lesionan en el trabajo.<\/p>\n<p>Es tan simple como eso. Tiene un inter\u00e9s genuino en ayudar a las personas a obtener el tratamiento m\u00e9dico adecuado y los beneficios financieros que merecen para que puedan volver a trabajar lo m\u00e1s r\u00e1pido posible.<\/p>\n<p>Trabajar\u00e1 con usted con respecto a su tratamiento m\u00e9dico, ayudando a los clientes a encontrar los m\u00e9dicos, fisioterapeutas, atenci\u00f3n domiciliaria, especialistas, consultores para el manejo del dolor y atenci\u00f3n psicol\u00f3gica adecuados, si es necesario. \u00c9l est\u00e1 familiarizado con todos los aspectos del mundo m\u00e9dico, por lo que har\u00e1 lo que sea necesario para garantizar los beneficios a los que tiene derecho por ley.<\/p>\n<p>Para programar una consulta con Daniel Hegwer, comun\u00edquese al 415-448-5107 o complete el formulario de contacto en este sitio web.<\/p>\n","protected":false},"excerpt":{"rendered":"<p>Daniel Hegwer se gradu\u00f3 de la Escuela de Leyes John Marshall en 2004. Comenz\u00f3 su carrera legal en una gran firma de abogados de lesiones personales con oficinas en todo California. En esta funci\u00f3n, Daniel obtuvo una experiencia invaluable en litigios y aprendi\u00f3 lo que se necesita para ayudar a las v\u00edctimas a buscar justicia. [&hellip;]<\/p>\n","protected":false},"author":1,"featured_media":0,"parent":0,"menu_order":0,"comment_status":"closed","ping_status":"closed","template":"","meta":{"_genesis_hide_title":false,"_genesis_hide_breadcrumbs":false,"_genesis_hide_singular_image":false,"_genesis_hide_footer_widgets":false,"_genesis_custom_body_class":"","_genesis_custom_post_class":"","_genesis_layout":""},"yoast_head":"<!-- This site is optimized with the Yoast SEO plugin v21.1 - https:\/\/yoast.com\/wordpress\/plugins\/seo\/ -->\n<title>Conozca al abogado de compensaci\u00f3n laboral Daniel Hegwer<\/title>\n<meta name=\"description\" content=\"El abogado Daniel Hegwer practica la ley de compensaci\u00f3n para trabajadores y est\u00e1 listo para luchar por usted. Lea aqu\u00ed para aprender m\u00e1s sobre su experiencia.\" \/>\n<meta name=\"robots\" content=\"index, follow, max-snippet:-1, max-image-preview:large, max-video-preview:-1\" \/>\n<meta property=\"og:locale\" content=\"es_ES\" \/>\n<meta property=\"og:type\" content=\"article\" \/>\n<meta property=\"og:title\" content=\"Conozca al abogado de compensaci\u00f3n laboral Daniel Hegwer\" \/>\n<meta property=\"og:description\" content=\"El abogado Daniel Hegwer practica la ley de compensaci\u00f3n para trabajadores y est\u00e1 listo para luchar por usted. Lea aqu\u00ed para aprender m\u00e1s sobre su experiencia.\" \/>\n<meta property=\"og:url\" content=\"https:\/\/bayareaworkerscomp.com\/es\/conozca-al-abogado-daniel-hegwer\/\" \/>\n<meta property=\"og:site_name\" content=\"Hegwer Law\" \/>\n<meta name=\"twitter:card\" content=\"summary_large_image\" \/>\n<meta name=\"twitter:label1\" content=\"Tiempo de lectura\" \/>\n\t<meta name=\"twitter:data1\" content=\"3 minutos\" \/>\n<!-- \/ Yoast SEO plugin. -->","yoast_head_json":{"title":"Conozca al abogado de compensaci\u00f3n laboral Daniel Hegwer","description":"El abogado Daniel Hegwer practica la ley de compensaci\u00f3n para trabajadores y est\u00e1 listo para luchar por usted. Lea aqu\u00ed para aprender m\u00e1s sobre su experiencia.","robots":{"index":"index","follow":"follow","max-snippet":"max-snippet:-1","max-image-preview":"max-image-preview:large","max-video-preview":"max-video-preview:-1"},"og_locale":"es_ES","og_type":"article","og_title":"Conozca al abogado de compensaci\u00f3n laboral Daniel Hegwer","og_description":"El abogado Daniel Hegwer practica la ley de compensaci\u00f3n para trabajadores y est\u00e1 listo para luchar por usted. Lea aqu\u00ed para aprender m\u00e1s sobre su experiencia.","og_url":"https:\/\/bayareaworkerscomp.com\/es\/conozca-al-abogado-daniel-hegwer\/","og_site_name":"Hegwer Law","twitter_card":"summary_large_image","twitter_misc":{"Tiempo de lectura":"3 minutos"},"schema":{"@context":"https:\/\/schema.org","@graph":[{"@type":"WebPage","@id":"https:\/\/bayareaworkerscomp.com\/es\/conozca-al-abogado-daniel-hegwer\/","url":"https:\/\/bayareaworkerscomp.com\/es\/conozca-al-abogado-daniel-hegwer\/","name":"Conozca al abogado de compensaci\u00f3n laboral Daniel Hegwer","isPartOf":{"@id":"https:\/\/bayareaworkerscomp.com\/#website"},"datePublished":"2019-07-24T13:00:10+00:00","dateModified":"2019-07-24T13:00:10+00:00","description":"El abogado Daniel Hegwer practica la ley de compensaci\u00f3n para trabajadores y est\u00e1 listo para luchar por usted. Lea aqu\u00ed para aprender m\u00e1s sobre su experiencia.","breadcrumb":{"@id":"https:\/\/bayareaworkerscomp.com\/es\/conozca-al-abogado-daniel-hegwer\/#breadcrumb"},"inLanguage":"es","potentialAction":[{"@type":"ReadAction","target":["https:\/\/bayareaworkerscomp.com\/es\/conozca-al-abogado-daniel-hegwer\/"]}]},{"@type":"BreadcrumbList","@id":"https:\/\/bayareaworkerscomp.com\/es\/conozca-al-abogado-daniel-hegwer\/#breadcrumb","itemListElement":[{"@type":"ListItem","position":1,"name":"Home","item":"https:\/\/bayareaworkerscomp.com\/es\/"},{"@type":"ListItem","position":2,"name":"Conozca al abogado Daniel Hegwer"}]},{"@type":"WebSite","@id":"https:\/\/bayareaworkerscomp.com\/#website","url":"https:\/\/bayareaworkerscomp.com\/","name":"Hegwer Law","description":"California Workers Compensation Attorney","potentialAction":[{"@type":"SearchAction","target":{"@type":"EntryPoint","urlTemplate":"https:\/\/bayareaworkerscomp.com\/?s={search_term_string}"},"query-input":"required name=search_term_string"}],"inLanguage":"es"}]}},"_links":{"self":[{"href":"https:\/\/bayareaworkerscomp.com\/es\/wp-json\/wp\/v2\/pages\/464"}],"collection":[{"href":"https:\/\/bayareaworkerscomp.com\/es\/wp-json\/wp\/v2\/pages"}],"about":[{"href":"https:\/\/bayareaworkerscomp.com\/es\/wp-json\/wp\/v2\/types\/page"}],"author":[{"embeddable":true,"href":"https:\/\/bayareaworkerscomp.com\/es\/wp-json\/wp\/v2\/users\/1"}],"replies":[{"embeddable":true,"href":"https:\/\/bayareaworkerscomp.com\/es\/wp-json\/wp\/v2\/comments?post=464"}],"version-history":[{"count":1,"href":"https:\/\/bayareaworkerscomp.com\/es\/wp-json\/wp\/v2\/pages\/464\/revisions"}],"predecessor-version":[{"id":465,"href":"https:\/\/bayareaworkerscomp.com\/es\/wp-json\/wp\/v2\/pages\/464\/revisions\/465"}],"wp:attachment":[{"href":"https:\/\/bayareaworkerscomp.com\/es\/wp-json\/wp\/v2\/media?parent=464"}],"curies":[{"name":"wp","href":"https:\/\/api.w.org\/{rel}","templated":true}]}}