{"id":466,"date":"2019-07-24T13:11:54","date_gmt":"2019-07-24T13:11:54","guid":{"rendered":"https:\/\/bayareaworkerscomp.com\/?page_id=466"},"modified":"2019-07-24T13:11:54","modified_gmt":"2019-07-24T13:11:54","slug":"abogado-en-indemnizacionespor-accidente-de-trabajo-del-condado-de-napa","status":"publish","type":"page","link":"https:\/\/bayareaworkerscomp.com\/es\/abogado-en-indemnizacionespor-accidente-de-trabajo-del-condado-de-napa\/","title":{"rendered":"Abogado en IndemnizacionesPor Accidente de Trabajo del Condado de Napa"},"content":{"rendered":"<p><iframe loading=\"lazy\" src=\"https:\/\/www.youtube.com\/embed\/o0oQkBfHy-w\" width=\"450\" height=\"253\" frameborder=\"0\" allowfullscreen=\"allowfullscreen\"><\/iframe>Los trabajadores lesionados en obras de construcci\u00f3n tienen derecho a unaindemnizaci\u00f3n por accidente de trabajo. Sin embargo, algunos trabajadores se sorprenden al descubrir que el obtener estos beneficios no es tan f\u00e1cil como parece. Usted debe concentrarse \u00fanicamente en su recuperaci\u00f3n despu\u00e9s de sufrir un accidente en su sitio de trabajo, as\u00ed que deje que el abogado Daniel Hegwer se encargue del resto.<\/p>\n<p>Daniel Hegwer es un abogado experimentado en indemnizaciones para trabajadores que ha ayudado a innumerables trabajadores de la construcci\u00f3n lesiones a obtener la indemnizaci\u00f3n que merecen. Comun\u00edquese con el Bufete de Abogados de Daniel Hegwer de inmediato despu\u00e9s de sufrir una lesi\u00f3n, para que no tenga que preocuparse de que se le niegue la indemnizaci\u00f3n que necesita para seguir adelante.<\/p>\n<h2>Abogado que Maximiza los Beneficios de lasIndemnizaciones por Accidente de Trabajo Para Los Empleados Lesionados en el Condado de Napa<\/h2>\n<p>Los hombres y mujeres que producen los productos que se ven en las tiendas minoristas del Condado de Napa se ponen en peligro cada vez se paran frente a la l\u00ednea de producci\u00f3n. Incluso una peque\u00f1a torcedura o esguince por levantar demasiado peso podr\u00eda forzarlos a tomarse una gran cantidad de tiempo fuera del trabajo para recuperarse por completo.<\/p>\n<p>Sin embargo, muchos de estos trabajadores lesionados no pueden darse el lujo de perder un cheque de pago, y mucho menos varios de estos cheques. Afortunadamente, los beneficios de unaindemnizaci\u00f3n por accidente de trabajo est\u00e1n disponibles para los trabajadores de f\u00e1bricas que han sufrido lesiones relacionadas con su trabajo.<\/p>\n<p>Si usted ha resultado lesionado en un accidente de f\u00e1brica, busque la representaci\u00f3n legal de Daniel Hegwer lo antes posible. \u00c9l cuenta con la experiencia legal y el conocimiento necesarios para maximizar los beneficios que usted recibir\u00e1 por sus lesiones sufridas en su lugar de trabajo.<\/p>\n<h3>Abogado Calificado Garantizando que los Trabajadores de Almac\u00e9n Lesionados Sean Completamente Indemnizados<\/h3>\n<p>Los hombres y mujeres que trabajan en los almacenes del Condado de Napa corren el riesgo de sufrir una serie de lesiones graves, como esguinces, torceduras, lesiones en la cabeza, huesos rotos y lesiones de la m\u00e9dula espinal. Estas lesiones pueden impedir que los trabajadores realicen las funciones de su trabajo, lo que significa que podr\u00edan perder varios cheques de pago mientras se recuperan. Sin embargo, los beneficios de indemnizaci\u00f3n por accidente de trabajo pueden ayudar a los trabajadores de almac\u00e9n lesionadosal cubrir los ingresos que han perdido como resultado de sus lesiones.<\/p>\n<p>No hay garant\u00edas en los casos de indemnizaci\u00f3n por accidente de trabajo. No intente luchar por su cuenta por su indemnizaci\u00f3n por accidente de trabajo &#8211; deje que el abogado experto Daniel Hegwer lo ayude. \u00c9l lo asistir\u00e1 en cada paso del proceso, desde la presentaci\u00f3n inicial de la reclamaci\u00f3n hasta la apelaci\u00f3n, si esta fuera necesaria. P\u00f3ngase en contactocon \u00e9l ahora para aprender m\u00e1s sobre sus servicios legales.<\/p>\n<h3>Abogado en Indemnizaciones Laborales Luchando Agresivamente por los Trabajadores del Transporte Lesionados<\/h3>\n<p>La industrial del transporte es vital para la econom\u00eda del Condado de Napa. Las personas que trabajan en esta industria ayudan a las empresas a transportar sus productos y les facilitan a los residentes el desplazarse por la ciudad. No hay duda de que su trabajo es importante, pero tambi\u00e9n es peligroso.<\/p>\n<p>Los trabajadores del transporte pueden sufrir diferentes tipos de lesiones mientras realizan sus funciones laborales. Los esguinces y lastorceduras son lesiones menores y comunes, pero algunos trabajadores del transporte sufren lesiones m\u00e1s graves, como traumatismo de la cabeza y la medula espinal. Si ha sufrido alguna lesi\u00f3n mientras trabajaba en la industria del transporte &#8211; independientemente de si es una lesi\u00f3n menor o seria &#8211; tiene derecho a los beneficios de una indemnizaci\u00f3n por accidente de trabajo.<\/p>\n<p>Obtener estos beneficios no es f\u00e1cil, pero el abogado Daniel Hegwer puede ayudarlo. \u00c9l trabajar\u00e1 incansablemente para hacer que el proceso sea lo m\u00e1s sencillo posible para que usted pueda conseguir su indemnizaci\u00f3n que merece de una manera oportuna.<\/p>\n<h2>Abogado del Condado de Napa Luchando por Indemnizaciones en Nombre de los Trabajadores de la Salud Lesionados<\/h2>\n<p>Los profesionales de la salud trabajan en muchos entornos diferentes, incluyendo hospitales, consultorios privados, cl\u00ednicas de emergencia y en los hogares de sus clientes. Existen riesgos y peligros \u00fanicos en cada uno de estos entornos de trabajo, por lo que, independientemente de d\u00f3nde trabaje, si es un proveedor de atenci\u00f3n m\u00e9dica, existe el riesgo de sufrir lesiones graves mientras trabaja.<\/p>\n<p>Los proveedores de atenci\u00f3n m\u00e9dica brindan un servicio invaluable a la comunidad, por lo que es justo que la ley les permita obtener beneficios de una indemnizaci\u00f3n por accidente de trabajo cuando se lesionen en su trabajo. El conseguir estos beneficios no es una cirug\u00eda de cerebro, pero tampoco es f\u00e1cil de lograr.<\/p>\n<p>Afortunadamente, usted no tiene que pasar por este proceso solo. Daniel Hegwer proporciona representaci\u00f3n a los trabajadores de salud que necesitan obtener una indemnizaci\u00f3n por accidente de trabajo. Daniel cuenta con un historial de \u00e9xito en casos de indemnizaci\u00f3n por accidente de trabajo, y ahora, est\u00e1 disponible para obtener una indemnizaci\u00f3n para usted.<\/p>\n<h3>Abogado Calificado Ayudando a las V\u00edctimas de Accidentes en Lugares de Trabajo de Salud y Fitness<\/h3>\n<p>Los gimnasios, los estudios de fitness y los spas de salud est\u00e1n llenos de hombres y mujeres que trabajan arduamente y que sienten pasi\u00f3n por ayudar a sus clientes a mejorar su salud, Desafortunadamente, estos entornos de trabajo tambi\u00e9n est\u00e1n llenos de peligros, como pesas, pisos resbaladizos y varios equipos de ejercicio. Como resultado, muchos trabajadores de la salud y de fitness se lesionan mientras realizan sus funciones laborales.<\/p>\n<p>Contacte de inmediato al Bufete de Abogados de Daniel Hegwer despu\u00e9s de sufrir una lesi\u00f3n. Daniel es un agresivo abogado que se enorgullece de ayudar a los trabajadores lesiones del Condado de Napa a conseguir la indemnizaci\u00f3n por accidente de trabajo que merecen. No hay tiempo que perder &#8211; deje que nuestrobufete de abogados lo ayude hoy mismo a con su reclamo.<\/p>\n<h2>Experimentado Bufete de Abogados Representando a los Empleados de Escuelas del Condado de Napa<\/h2>\n<p>La ense\u00f1anza puede no parecer una profesi\u00f3n peligrosa para los que son ajenos a ella, pero ese no es el caso. Hay una serie de peligros escondidos dentro de las escuelas, desde derrames en el piso de la cafeter\u00eda hasta sustancias t\u00f3xicas. Estos peligros pueden causar lesiones devastadoras que pueden perturbar completamente la vida de la v\u00edctima. Afortunadamente, cualquier persona que haya sido lesiones mientras trabajaba en una escuela tiene derecho a recibir una indemnizaci\u00f3n por accidente de trabajo.<\/p>\n<p>Usted necesita de un abogado a su lado que se asegure de que usted sea completamente indemnizado, y no hay nadie mejor que Daniel Hegwer. Deje que el Bufete de Abogados de Daniel Hegwer proteja sus mejores intereses luego de un accidente laboral.<\/p>\n<h3>Abogado Asegurando Indemnizaciones para Trabajadores de Hosteler\u00eda Lesionados<\/h3>\n<p>La hosteler\u00eda se compone de servidores, empleados de recepci\u00f3n, amas de llaves y otros hombres y mujeres que trabajan arduamente y se comprometen a dar prioridad a sus clientes. El trabajo puede no parecer peligroso, pero es f\u00edsicamente exigente, lo que significa que los trabajadores corren un gran riesgo de sufrir lesiones graves.<\/p>\n<p>Despu\u00e9s de sufrir una lesi\u00f3n en el lugar de trabajo, los trabajadores de hosteler\u00eda deben darse prioridad a ellos mismos. Concentre toda su energ\u00eda en recuperarse por completo de sus lesiones y deje que el abogado Daniel Hegwer se encargue del resto.<\/p>\n<h3>\u00a0Agresivo Abogado Ayudando a Trabajadores de Oficina a Obtener Indemnizaciones por Lesiones Laborales<\/h3>\n<p>Como empleado de oficina, usted se enfrenta a una serie de riesgos de seguridad a lo largo de su jornada laboral. El sentarse en la misma posici\u00f3n en su escritorio durante largas horas, realizando movimientos repetitivos, puede ocasionar esguinces y torceduras en sus mu\u00f1ecas, antebrazos, hombros y cuello.<\/p>\n<p>Un derrame en el piso o una rasgadura en una alfombra lo ponen en riesgo de sufrir una ca\u00edda, mientras que los art\u00edculos incorrectamente almacenados lo ponen en riesgo de sufrir golpes por un objeto que cae. Si alguna vez resulta lesionado mientras trabaja en una oficina, es importante que comprenda su derecho a recibir una indemnizaci\u00f3n por accidente de trabajo.<\/p>\n<p>Daniel Hegwer cuenta con a\u00f1os de experiencia ayudando a los trabajadores de oficina a obtener beneficios de indemnizaci\u00f3n por accidente de trabajo de sus empleadores. No importa lo complejo que sea el caso &#8211; \u00e9l puede manejarlo con facilidad. Tome el primer paso hacia la b\u00fasqueda de justicia contactando hoy mismo a nuestro bufete de abogados.<\/p>\n<h2>Abogado del Condado de Napa Consiguiendo Indemnizaciones para Trabajadores Agr\u00edcolas Lesionados<\/h2>\n<p>El Condado de Napa es conocido principalmente por su vino, pero tambi\u00e9n cuenta con una industriaagr\u00edcola de considerable tama\u00f1o. Los pescadores, silvicultores, granjeros y otros trabajadores de esta industria arriesgan sus vidas cada vez que realizan sus tareas laborales. Desde el trabajar con maquinaria pesada hasta el tratar directamente con los animales, los trabajadores agr\u00edcolas est\u00e1n en constante peligro.<\/p>\n<p>Los trabajadores agr\u00edcolas que han sufrido lesiones relacionadas con su trabajo pueden no saber a qui\u00e9n acudir para pedir ayuda o consejo. Si usted se encuentra en esta situaci\u00f3n, solo hay un nombre que necesita saber. Daniel Hegwer es un abogado galardonado y ser\u00e1 su mejor aliado en la lucha para conseguir una indemnizaci\u00f3n por accidente de trabajo. Comun\u00edquese hoy mismo con el bufete de abogados de Daniel Hegwer para obtener m\u00e1s informaci\u00f3n.<\/p>\n<h3>Bufete de Abogados Comprometido en Maximizar las Indemnizaciones Laborales para los Trabajadores de Viner\u00edas<\/h3>\n<p>Algunos de los mejores vinos del mundo se producen en las viner\u00edas del Condado de Napa. El producir este vino requiere mucho trabajo y, lamentablemente, muchos trabajadores sufren lesiones en el proceso.<\/p>\n<p>Los trabajadores de viner\u00edas pueden experimentar esguinces o torceduras por movimientos repetitivos, como por el uso frecuente de la misma herramienta o por levantar barriles pesados. Los trabajadores tambi\u00e9n pueden sufrir lesiones en accidentes inesperados que ocurren al usar maquinaria pesada, herramientas peligrosas o al manipular productos qu\u00edmicos peligrosos.<\/p>\n<p>No importa c\u00f3mo haya ocurrido el accidente ni qu\u00e9 tan graves sean las lesiones &#8211; usted tiene derecho a una indemnizaci\u00f3n por accidente de trabajo despu\u00e9s de sufrir una lesi\u00f3n relacionada con su trabajo. Si usted ha resultado lesionado, hable con el abogado Daniel Hegwer tan pronto como sea posible. El tener a nuestro bufete de abogados de su lado es su mejor oportunidad para conseguir la indemnizaci\u00f3n que merece.<\/p>\n","protected":false},"excerpt":{"rendered":"<p>Los trabajadores lesionados en obras de construcci\u00f3n tienen derecho a unaindemnizaci\u00f3n por accidente de trabajo. Sin embargo, algunos trabajadores se sorprenden al descubrir que el obtener estos beneficios no es tan f\u00e1cil como parece. Usted debe concentrarse \u00fanicamente en su recuperaci\u00f3n despu\u00e9s de sufrir un accidente en su sitio de trabajo, as\u00ed que deje que [&hellip;]<\/p>\n","protected":false},"author":1,"featured_media":0,"parent":0,"menu_order":0,"comment_status":"closed","ping_status":"closed","template":"","meta":{"_genesis_hide_title":false,"_genesis_hide_breadcrumbs":false,"_genesis_hide_singular_image":false,"_genesis_hide_footer_widgets":false,"_genesis_custom_body_class":"","_genesis_custom_post_class":"","_genesis_layout":""},"yoast_head":"<!-- This site is optimized with the Yoast SEO plugin v21.1 - https:\/\/yoast.com\/wordpress\/plugins\/seo\/ -->\n<title>Abogado en Indemnizaci\u00f3n Laboral del Condado de Napa | Bufete de Abogados de Daniel Hegwer<\/title>\n<meta name=\"description\" content=\"\u00a1Los trabajadores del Condado de Napa lesionados en el trabajo tiene derechos! Si result\u00f3 lesionado mientras trabajaba, ll\u00e1menos para aprender m\u00e1s sobre sus beneficios de indemnizaci\u00f3n laboral. \u00a1Llame ahora! (415) 448-5107\" \/>\n<meta name=\"robots\" content=\"index, follow, max-snippet:-1, max-image-preview:large, max-video-preview:-1\" \/>\n<meta property=\"og:locale\" content=\"es_ES\" \/>\n<meta property=\"og:type\" content=\"article\" \/>\n<meta property=\"og:title\" content=\"Abogado en Indemnizaci\u00f3n Laboral del Condado de Napa | Bufete de Abogados de Daniel Hegwer\" \/>\n<meta property=\"og:description\" content=\"\u00a1Los trabajadores del Condado de Napa lesionados en el trabajo tiene derechos! Si result\u00f3 lesionado mientras trabajaba, ll\u00e1menos para aprender m\u00e1s sobre sus beneficios de indemnizaci\u00f3n laboral. \u00a1Llame ahora! (415) 448-5107\" \/>\n<meta property=\"og:url\" content=\"https:\/\/bayareaworkerscomp.com\/es\/abogado-en-indemnizacionespor-accidente-de-trabajo-del-condado-de-napa\/\" \/>\n<meta property=\"og:site_name\" content=\"Hegwer Law\" \/>\n<meta name=\"twitter:card\" content=\"summary_large_image\" \/>\n<meta name=\"twitter:label1\" content=\"Tiempo de lectura\" \/>\n\t<meta name=\"twitter:data1\" content=\"9 minutos\" \/>\n<!-- \/ Yoast SEO plugin. -->","yoast_head_json":{"title":"Abogado en Indemnizaci\u00f3n Laboral del Condado de Napa | Bufete de Abogados de Daniel Hegwer","description":"\u00a1Los trabajadores del Condado de Napa lesionados en el trabajo tiene derechos! Si result\u00f3 lesionado mientras trabajaba, ll\u00e1menos para aprender m\u00e1s sobre sus beneficios de indemnizaci\u00f3n laboral. \u00a1Llame ahora! (415) 448-5107","robots":{"index":"index","follow":"follow","max-snippet":"max-snippet:-1","max-image-preview":"max-image-preview:large","max-video-preview":"max-video-preview:-1"},"og_locale":"es_ES","og_type":"article","og_title":"Abogado en Indemnizaci\u00f3n Laboral del Condado de Napa | Bufete de Abogados de Daniel Hegwer","og_description":"\u00a1Los trabajadores del Condado de Napa lesionados en el trabajo tiene derechos! Si result\u00f3 lesionado mientras trabajaba, ll\u00e1menos para aprender m\u00e1s sobre sus beneficios de indemnizaci\u00f3n laboral. \u00a1Llame ahora! (415) 448-5107","og_url":"https:\/\/bayareaworkerscomp.com\/es\/abogado-en-indemnizacionespor-accidente-de-trabajo-del-condado-de-napa\/","og_site_name":"Hegwer Law","twitter_card":"summary_large_image","twitter_misc":{"Tiempo de lectura":"9 minutos"},"schema":{"@context":"https:\/\/schema.org","@graph":[{"@type":"WebPage","@id":"https:\/\/bayareaworkerscomp.com\/es\/abogado-en-indemnizacionespor-accidente-de-trabajo-del-condado-de-napa\/","url":"https:\/\/bayareaworkerscomp.com\/es\/abogado-en-indemnizacionespor-accidente-de-trabajo-del-condado-de-napa\/","name":"Abogado en Indemnizaci\u00f3n Laboral del Condado de Napa | Bufete de Abogados de Daniel Hegwer","isPartOf":{"@id":"https:\/\/bayareaworkerscomp.com\/#website"},"datePublished":"2019-07-24T13:11:54+00:00","dateModified":"2019-07-24T13:11:54+00:00","description":"\u00a1Los trabajadores del Condado de Napa lesionados en el trabajo tiene derechos! Si result\u00f3 lesionado mientras trabajaba, ll\u00e1menos para aprender m\u00e1s sobre sus beneficios de indemnizaci\u00f3n laboral. \u00a1Llame ahora! (415) 448-5107","breadcrumb":{"@id":"https:\/\/bayareaworkerscomp.com\/es\/abogado-en-indemnizacionespor-accidente-de-trabajo-del-condado-de-napa\/#breadcrumb"},"inLanguage":"es","potentialAction":[{"@type":"ReadAction","target":["https:\/\/bayareaworkerscomp.com\/es\/abogado-en-indemnizacionespor-accidente-de-trabajo-del-condado-de-napa\/"]}]},{"@type":"BreadcrumbList","@id":"https:\/\/bayareaworkerscomp.com\/es\/abogado-en-indemnizacionespor-accidente-de-trabajo-del-condado-de-napa\/#breadcrumb","itemListElement":[{"@type":"ListItem","position":1,"name":"Home","item":"https:\/\/bayareaworkerscomp.com\/es\/"},{"@type":"ListItem","position":2,"name":"Abogado en IndemnizacionesPor Accidente de Trabajo del Condado de Napa"}]},{"@type":"WebSite","@id":"https:\/\/bayareaworkerscomp.com\/#website","url":"https:\/\/bayareaworkerscomp.com\/","name":"Hegwer Law","description":"California Workers Compensation Attorney","potentialAction":[{"@type":"SearchAction","target":{"@type":"EntryPoint","urlTemplate":"https:\/\/bayareaworkerscomp.com\/?s={search_term_string}"},"query-input":"required name=search_term_string"}],"inLanguage":"es"}]}},"_links":{"self":[{"href":"https:\/\/bayareaworkerscomp.com\/es\/wp-json\/wp\/v2\/pages\/466"}],"collection":[{"href":"https:\/\/bayareaworkerscomp.com\/es\/wp-json\/wp\/v2\/pages"}],"about":[{"href":"https:\/\/bayareaworkerscomp.com\/es\/wp-json\/wp\/v2\/types\/page"}],"author":[{"embeddable":true,"href":"https:\/\/bayareaworkerscomp.com\/es\/wp-json\/wp\/v2\/users\/1"}],"replies":[{"embeddable":true,"href":"https:\/\/bayareaworkerscomp.com\/es\/wp-json\/wp\/v2\/comments?post=466"}],"version-history":[{"count":1,"href":"https:\/\/bayareaworkerscomp.com\/es\/wp-json\/wp\/v2\/pages\/466\/revisions"}],"predecessor-version":[{"id":467,"href":"https:\/\/bayareaworkerscomp.com\/es\/wp-json\/wp\/v2\/pages\/466\/revisions\/467"}],"wp:attachment":[{"href":"https:\/\/bayareaworkerscomp.com\/es\/wp-json\/wp\/v2\/media?parent=466"}],"curies":[{"name":"wp","href":"https:\/\/api.w.org\/{rel}","templated":true}]}}