{"id":468,"date":"2019-07-24T13:20:56","date_gmt":"2019-07-24T13:20:56","guid":{"rendered":"https:\/\/bayareaworkerscomp.com\/?page_id=468"},"modified":"2019-07-24T13:20:56","modified_gmt":"2019-07-24T13:20:56","slug":"abogado-de-san-francisco-ayudando-a-victimas-de-accidentes-en-sitios-de-construccion","status":"publish","type":"page","link":"https:\/\/bayareaworkerscomp.com\/es\/abogado-de-san-francisco-ayudando-a-victimas-de-accidentes-en-sitios-de-construccion\/","title":{"rendered":"Abogado de San Francisco Ayudando a Victimas de Accidentes en Sitios de Construcci\u00f3n"},"content":{"rendered":"<p><iframe loading=\"lazy\" src=\"https:\/\/www.youtube.com\/embed\/o0oQkBfHy-w\" width=\"450\" height=\"253\" frameborder=\"0\" allowfullscreen=\"allowfullscreen\"><\/iframe>Los accidentes suceden en cualquier l\u00ednea de trabajo, pero son especialmente comunes en la industria de construcci\u00f3n. Esto es porque cada sitio de construcci\u00f3n es hogar de muchos peligros de seguridad, as\u00ed que puede suceder un accidente pr\u00e1cticamente en cualquier momento. No importa si usted es cuidadoso o no mientras trabaja en un sitio de construcci\u00f3n \u2013 podr\u00eda que usted salga severamente herido. Si esto le sucede, es importante buscar la representaci\u00f3n legal de Daniel Hegwer lo m\u00e1s pronto posible.<\/p>\n<p>Daniel Hegwerle representar\u00e1 a trav\u00e9s de todo el proceso de reclamaci\u00f3n por la compensaci\u00f3n al trabajador. Con Daniel Hegwer a su lado, usted podr\u00e1 estar tranquilo de saber que usted recibir\u00e1 todos los beneficios disponibles para usted.<\/p>\n<h2>Abogados experimentados Representando a Trabajadores de F\u00e1bricas en San Francisco<\/h2>\n<p>Las f\u00e1bricas son lugares peligrosos. Algunos de estos trabajos dentro de la industria son m\u00e1s peligrosos que otros, pero todos estos llevan consigo cierto nivel de riesgo. Algunas de las causas m\u00e1s comunes de lesiones en las f\u00e1bricas son el contacto con sustancias da\u00f1inas o t\u00f3xicas, movimientos repetitivos, sobrextensi\u00f3n, resbalones y ca\u00eddas.<\/p>\n<p>Estos trabajadores ponen sus vidas en riesgo cada d\u00eda para poder producir bienes para los consumidores a lo largo del pa\u00eds. Si alguna vez salen heridos mientras desempe\u00f1aban estas labores, es importante que ellos sepan sobre su derecho a los beneficios de compensaci\u00f3n para el trabajador.<\/p>\n<p>Daniel Hegwer ha representado a obreros de f\u00e1bricas lesionados a lo largo de su carrera, como abogado enfocado en compensaciones para el trabajador. Deje que \u00e9l est\u00e9 a su lado a trav\u00e9s de todo el proceso para asegurarle que usted sea compensado por completo.<\/p>\n<h3>Abogado Consiguiendo Compensaciones para Trabajadores Lesionados en la Industria de Almacenaje<\/h3>\n<p>La gente que trabaja en almacenes es responsable de utilizar maquinaria pesada, carga y descarga de camiones, empacar ordenes, transportar cajas, y muchas otras tareas. Desafortunadamente, muchos trabajadores reciben lesiones mientras desempe\u00f1an muchas de estas actividades. En muchos casos, la lesi\u00f3n es lo suficientemente seria para interferir con la capacidad de la victima para seguir trabajando.<\/p>\n<p>En tiempos como este, usted necesitar\u00e1 toda la ayuda que pueda. Es por eso que es muy recomendable que se dirija a Daniel Hegwer, un abogado especializado en compensaciones al trabajador en San Francisco, inmediatamente despu\u00e9s del accidente laboral. Daniel Hegwer trabajara sin descansar para lograr que los trabajadores de lugares de almacenes lesiones reciban los beneficios que merecen. P\u00f3ngase en contacto hoy mismo para hablar de su caso m\u00e1s a detalle.<\/p>\n<h3>Firma de Abogados Comprometida a Maximizar la Compensaci\u00f3n de Beneficios para los Trabajadores de Transporte<\/h3>\n<p>Los trabajadores del sector de transporte, como los conductores de camiones, deben permanecer alerta por muchas horas para poder operar el veh\u00edculo. Esto puede sonar sencilla, pero es un trabajo duro que usualmente termina en lesi\u00f3n. Los hombres y mujeres en esta industria est\u00e1n en riesgo de recibir lesiones laborales por llevar a cabo actividades repetitivas como permanecer sentado por tanto tiempo. Si est\u00e1n involucrados en un accidente de transito, ellos podr\u00edan sufrir lesiones mucho m\u00e1s serias, incluyendo lesiones en la cabeza y da\u00f1o en el cuerpo.<\/p>\n<p>Si usted ha salido lesionado mientras trabajaba en la industria de transporte, es importante que entienda que la ayuda est\u00e1 disponible en forma de la compensaci\u00f3n a los trabajadores. Pero tambi\u00e9n deber\u00eda saber que no siempre es sencillo recuperar estos beneficios a pesar de que usted tiene derecho a estos por la ley. S\u00f3lo conc\u00e9ntrese en recuperarse y deje que el abogado Daniel Hegwer haga el resto. Hable con \u00e9l sobre su caso ahora mismo, al ponerse en contacto con la Oficina de Abogados de Daniel Hegwer.<\/p>\n<h2>Abogado de San Francisco Recuperando Compensaciones para Profesionales del Cuidado de la Salud<\/h2>\n<p>Los trabajadores del sector salud dedican sus carreras en ayudar a otros, pero usualmente terminan ellos los que juegan el papel del paciente, despu\u00e9s de sufrir una lesi\u00f3n relacionada al trabajo. De hecho, los trabajadores del sector salud ocupan una gran porci\u00f3n de las lesiones laborales no fatales en los E.U.A. La gran mayor\u00eda de estas lesiones son recibidas al momento de lidiar con paciente, pero esto es tan s\u00f3lo uno de los peligros que los trabajadores del sector salud se enfrentan a diario.<\/p>\n<p>Si usted es un trabajador del sector salud que ha salido lesionado en el lugar de trabajo, busque representaci\u00f3n legal ahora mismo. Hay muchos abogados de compensaci\u00f3n al trabajador en San Francisco, pero ninguno se compara a Daniel Hegwer. Deje que su equipo en la Oficina de Abogados de Daniel Hegwer proteja sus intereses, mientras luchan por conseguirle la m\u00e1xima compensaci\u00f3n disponible para los beneficios para el trabajador. <\/p>\n<h2>Abogados de Compensaci\u00f3n al Trabajador Trabajando Arduamente para Recuperar Beneficios para los Empleados de la Salud y Fitness.<\/h2>\n<p>La gente en la industria de la salud y fitness trabajan en una gran variedad de \u00e1reas. Algunos empleados trabajan en gimnasio o spas, mientras que otros viajan y ven a sus clientes en sus hogares. Cada uno de estos entornos de trabajo tiene sus propios peligros, raz\u00f3n por la cual las lesiones son m\u00e1s comunes entre estos trabajadores. Salir f\u00edsicamente lesionado puede traer un impacto significativo en su trabajo, ya que gran parte de ser un instructor o entrenador es trabajo f\u00edsico. Pero, el sistema de compensaci\u00f3n para el trabajador fue establecido para asegurarle de que no tenga que preocuparse de esto mientras se recupera de su lesi\u00f3n laboral.<\/p>\n<p>P\u00f3ngase en contacto con el abogado Daniel Hegwer tan pronto sea posible despu\u00e9s de sufrir una lesi\u00f3n en la industria de la salud y el fitness. R\u00e1pidamente se pondr\u00e1 a trabajar para defender sus derechos y buscar los beneficios de la compensaci\u00f3n al trabajador que usted debe recibir por la ley.<\/p>\n<h2>Abogados de San Francisco Luchando por la Compensaci\u00f3n Para los Empleados del Sector Educativo<\/h2>\n<p>La gente decide ser maestros para poder mejorar las vidas de sus estudiantes, pero muchos de estos individuos no se dan cuenta de los peligros a los que se enfrentan en esta profesi\u00f3n. Los maestros usualmente salen heridos en accidentes inesperados o actos de violencia en un sal\u00f3n de clases. Algunos maestros salen lesionados como resultado de una exposici\u00f3n prolongada a humos o sustancias t\u00f3xicas en el \u00e1rea laboral.<\/p>\n<p>Si usted es un maestro que ha salido lesionado en el lugar de trabajo, es importante exigir sus derechos para recibir una compensaci\u00f3n al trabajador. No lo haga solo \u2013 deje que Daniel Hegwer le ayude. Daniel Hegwer tiene la pasi\u00f3n por ayudar a los maestros en San Francisco, para que puedan pasar a trav\u00e9s de este complejo proceso para recuperar los beneficios de su compensaci\u00f3n al trabajador. Llame hoy mismo para dar el primer paso para conseguir justicia.<\/p>\n<h3>Experimentado Abogado Asegurando que los Trabajadores de la Industria Hospitalaria Sean Completamente Compensados<\/h3>\n<p>Los hoteles y restaurantes podr\u00edan no lucir como lugares de trabajo peligrosos, pero muchos trabajadores de la industria hospitalaria sufren de m\u00faltiples heridas como resultado de llevar a cabo alguna actividad f\u00edsica en su d\u00eda a d\u00eda. Tambi\u00e9n es com\u00fan que los trabajadores de esta industria, sufren lesiones por resbalones y ca\u00eddas y otros accidentes inesperados en el \u00e1rea laboral.<\/p>\n<p>La naturaleza de la lesi\u00f3n \u2013 sea por un uso repetitivo o por un accidente \u2013 no es importante. Si usted sali\u00f3 lesionado mientras desempe\u00f1aba sus labores, usted tiene el derecho a recibir su compensaci\u00f3n al trabajador, y Daniel Hegwer es el abogado que le ayudar\u00e1 a obtener estos beneficios lo m\u00e1s pronto posible.<\/p>\n<h3>Abogado de Compensaciones para Trabajadores Busca Conseguir de Forma Agresiva los Beneficios para los Trabajadores de Oficina Lesionados<\/h3>\n<p>Miles de trabajadores de oficinas son lesionados en accidentes laborales cada a\u00f1o en los E.U.A. Muchos de estos trabajadores experimentan lesiones por uso repetitivo como resultado de usar la computadora o tel\u00e9fono por mucho tiempo. Otros trabajadores son lesionados por resbalones y ca\u00eddas o por objetos que cayeron sobre ellos mientras caminaban dentro de la oficina. Estas son algunas de las muchas causas de lesiones en la oficina, y estas ilustran que tan peligrosa puede ser la vida de un oficinista.<\/p>\n<p>Los trabajadores de oficina lesionados tienen el derecho a recibir una compensaci\u00f3n laboral, pero no siempre es f\u00e1cil conseguir estos beneficios. No se enfrente a estos retos por s\u00ed s\u00f3lo \u2013 Daniel Hegwer est\u00e1 aqu\u00ed para ayudarle. \u00c9l es un experimentado abogado que ha dedicado su carrera en ayudar a que los trabajadores consigan la compensaci\u00f3n que merecen. Deje que el luche sin descanso para lograr que usted reciba cada d\u00f3lar de compensaci\u00f3n al que usted tiene derecho por la ley.<\/p>\n<h3>Abogado Agresivo Ayudado a los Trabajadores Agricultores Lesionados a Conseguir los Beneficios de Compensaci\u00f3n Laboral que Merecen<\/h3>\n<p>Millones de personas trabajan como pescadores, silvicultores, granjeros y otros roles dentro de la industria de la agricultura en los E.U.A. Desafortunadamente, muchos de estos hombres y mujeres trabajadoras salen lesionados en accidentes laborales cada a\u00f1o. Algunas personas son lesionadas mientras usaban maquinaria pesado, como maquinas elevadoras o tr\u00e1iler, mientras que otros son diagnosticados con lesiones causadas por las actividades repetitivas que desempe\u00f1an a diario. Ambos tipos de lesiones son lo suficientemente serias para garantizar que se requiera un tiempo fuera del trabajo. Mientras usted se recupera, es importante ejercer sus derechos para recibir sus beneficios por la compensaci\u00f3n al trabajador, con la ayuda del abogado Daniel Hegwer. Como un abogado galardonado, \u00e9l le asegurar\u00e1 que usted tenga los beneficios que necesita para sobrevivir hasta que sea capaz de regresar a trabajar. Usted no tendr\u00e1 que preocuparse sobre los ingresos que estar\u00e1 perdiendo como resultado de sus lesiones con nuestra firma de abogados a su lado<\/p>\n<h3>Abogado Maximizando los Beneficios de la Compensaci\u00f3n del Trabajador para Empleados Lesionados en la Industria Vin\u00edcola<\/h3>\n<p>No deje que la belleza de un vi\u00f1edo lo enga\u00f1e \u2013 hay muchos peligros ocultados en esta \u00e1rea laboral. Los empleados de vi\u00f1edos son usualmente lesionados como resultado del uso de maquinaria pesada, apilar barricas, o trabajar en lugares peque\u00f1os y confinados. Estas lesiones pueden afectar dr\u00e1sticamente la vida de la victima y hacer que sea imposible desempe\u00f1ar sus labores. Si usted est\u00e1 sufriendo las consecuencias de una lesi\u00f3n laboral, es imperativo buscar la representaci\u00f3n legal de Daniel Hegwer ahora mismo. \u00c9l es un abogado de compensaciones al trabajador experimentado con una pasi\u00f3n por ayudar a trabajadores lesiones en San Francisco. Deje que su equipo se pare a su lado y deje que ellos protejan su derecho por los beneficios de compensaci\u00f3n al trabajador.<\/p>\n","protected":false},"excerpt":{"rendered":"<p>Los accidentes suceden en cualquier l\u00ednea de trabajo, pero son especialmente comunes en la industria de construcci\u00f3n. Esto es porque cada sitio de construcci\u00f3n es hogar de muchos peligros de seguridad, as\u00ed que puede suceder un accidente pr\u00e1cticamente en cualquier momento. No importa si usted es cuidadoso o no mientras trabaja en un sitio de [&hellip;]<\/p>\n","protected":false},"author":1,"featured_media":0,"parent":0,"menu_order":0,"comment_status":"closed","ping_status":"closed","template":"","meta":{"_genesis_hide_title":false,"_genesis_hide_breadcrumbs":false,"_genesis_hide_singular_image":false,"_genesis_hide_footer_widgets":false,"_genesis_custom_body_class":"","_genesis_custom_post_class":"","_genesis_layout":""},"yoast_head":"<!-- This site is optimized with the Yoast SEO plugin v21.1 - https:\/\/yoast.com\/wordpress\/plugins\/seo\/ -->\n<title>Abogado de Compensaciones para Trabajadores en San Francisco | Oficina de Abogadosde Daniel Hegwer<\/title>\n<meta name=\"description\" content=\"Los empleados que hayan salido heridos en el trabajo en el Condado de San Francisco tienen derechos. Deje que la firma de abogados de Daniel Hegwer le ayude a conseguir los beneficios de compensaci\u00f3n al trabajador que usted merece. Llame al (415) 448-5107\" \/>\n<meta name=\"robots\" content=\"index, follow, max-snippet:-1, max-image-preview:large, max-video-preview:-1\" \/>\n<meta property=\"og:locale\" content=\"es_ES\" \/>\n<meta property=\"og:type\" content=\"article\" \/>\n<meta property=\"og:title\" content=\"Abogado de Compensaciones para Trabajadores en San Francisco | Oficina de Abogadosde Daniel Hegwer\" \/>\n<meta property=\"og:description\" content=\"Los empleados que hayan salido heridos en el trabajo en el Condado de San Francisco tienen derechos. Deje que la firma de abogados de Daniel Hegwer le ayude a conseguir los beneficios de compensaci\u00f3n al trabajador que usted merece. Llame al (415) 448-5107\" \/>\n<meta property=\"og:url\" content=\"https:\/\/bayareaworkerscomp.com\/es\/abogado-de-san-francisco-ayudando-a-victimas-de-accidentes-en-sitios-de-construccion\/\" \/>\n<meta property=\"og:site_name\" content=\"Hegwer Law\" \/>\n<meta name=\"twitter:card\" content=\"summary_large_image\" \/>\n<meta name=\"twitter:label1\" content=\"Tiempo de lectura\" \/>\n\t<meta name=\"twitter:data1\" content=\"9 minutos\" \/>\n<!-- \/ Yoast SEO plugin. -->","yoast_head_json":{"title":"Abogado de Compensaciones para Trabajadores en San Francisco | Oficina de Abogadosde Daniel Hegwer","description":"Los empleados que hayan salido heridos en el trabajo en el Condado de San Francisco tienen derechos. Deje que la firma de abogados de Daniel Hegwer le ayude a conseguir los beneficios de compensaci\u00f3n al trabajador que usted merece. Llame al (415) 448-5107","robots":{"index":"index","follow":"follow","max-snippet":"max-snippet:-1","max-image-preview":"max-image-preview:large","max-video-preview":"max-video-preview:-1"},"og_locale":"es_ES","og_type":"article","og_title":"Abogado de Compensaciones para Trabajadores en San Francisco | Oficina de Abogadosde Daniel Hegwer","og_description":"Los empleados que hayan salido heridos en el trabajo en el Condado de San Francisco tienen derechos. Deje que la firma de abogados de Daniel Hegwer le ayude a conseguir los beneficios de compensaci\u00f3n al trabajador que usted merece. Llame al (415) 448-5107","og_url":"https:\/\/bayareaworkerscomp.com\/es\/abogado-de-san-francisco-ayudando-a-victimas-de-accidentes-en-sitios-de-construccion\/","og_site_name":"Hegwer Law","twitter_card":"summary_large_image","twitter_misc":{"Tiempo de lectura":"9 minutos"},"schema":{"@context":"https:\/\/schema.org","@graph":[{"@type":"WebPage","@id":"https:\/\/bayareaworkerscomp.com\/es\/abogado-de-san-francisco-ayudando-a-victimas-de-accidentes-en-sitios-de-construccion\/","url":"https:\/\/bayareaworkerscomp.com\/es\/abogado-de-san-francisco-ayudando-a-victimas-de-accidentes-en-sitios-de-construccion\/","name":"Abogado de Compensaciones para Trabajadores en San Francisco | Oficina de Abogadosde Daniel Hegwer","isPartOf":{"@id":"https:\/\/bayareaworkerscomp.com\/#website"},"datePublished":"2019-07-24T13:20:56+00:00","dateModified":"2019-07-24T13:20:56+00:00","description":"Los empleados que hayan salido heridos en el trabajo en el Condado de San Francisco tienen derechos. Deje que la firma de abogados de Daniel Hegwer le ayude a conseguir los beneficios de compensaci\u00f3n al trabajador que usted merece. Llame al (415) 448-5107","breadcrumb":{"@id":"https:\/\/bayareaworkerscomp.com\/es\/abogado-de-san-francisco-ayudando-a-victimas-de-accidentes-en-sitios-de-construccion\/#breadcrumb"},"inLanguage":"es","potentialAction":[{"@type":"ReadAction","target":["https:\/\/bayareaworkerscomp.com\/es\/abogado-de-san-francisco-ayudando-a-victimas-de-accidentes-en-sitios-de-construccion\/"]}]},{"@type":"BreadcrumbList","@id":"https:\/\/bayareaworkerscomp.com\/es\/abogado-de-san-francisco-ayudando-a-victimas-de-accidentes-en-sitios-de-construccion\/#breadcrumb","itemListElement":[{"@type":"ListItem","position":1,"name":"Home","item":"https:\/\/bayareaworkerscomp.com\/es\/"},{"@type":"ListItem","position":2,"name":"Abogado de San Francisco Ayudando a Victimas de Accidentes en Sitios de Construcci\u00f3n"}]},{"@type":"WebSite","@id":"https:\/\/bayareaworkerscomp.com\/#website","url":"https:\/\/bayareaworkerscomp.com\/","name":"Hegwer Law","description":"California Workers Compensation Attorney","potentialAction":[{"@type":"SearchAction","target":{"@type":"EntryPoint","urlTemplate":"https:\/\/bayareaworkerscomp.com\/?s={search_term_string}"},"query-input":"required name=search_term_string"}],"inLanguage":"es"}]}},"_links":{"self":[{"href":"https:\/\/bayareaworkerscomp.com\/es\/wp-json\/wp\/v2\/pages\/468"}],"collection":[{"href":"https:\/\/bayareaworkerscomp.com\/es\/wp-json\/wp\/v2\/pages"}],"about":[{"href":"https:\/\/bayareaworkerscomp.com\/es\/wp-json\/wp\/v2\/types\/page"}],"author":[{"embeddable":true,"href":"https:\/\/bayareaworkerscomp.com\/es\/wp-json\/wp\/v2\/users\/1"}],"replies":[{"embeddable":true,"href":"https:\/\/bayareaworkerscomp.com\/es\/wp-json\/wp\/v2\/comments?post=468"}],"version-history":[{"count":1,"href":"https:\/\/bayareaworkerscomp.com\/es\/wp-json\/wp\/v2\/pages\/468\/revisions"}],"predecessor-version":[{"id":469,"href":"https:\/\/bayareaworkerscomp.com\/es\/wp-json\/wp\/v2\/pages\/468\/revisions\/469"}],"wp:attachment":[{"href":"https:\/\/bayareaworkerscomp.com\/es\/wp-json\/wp\/v2\/media?parent=468"}],"curies":[{"name":"wp","href":"https:\/\/api.w.org\/{rel}","templated":true}]}}