{"id":470,"date":"2019-07-24T13:32:31","date_gmt":"2019-07-24T13:32:31","guid":{"rendered":"https:\/\/bayareaworkerscomp.com\/?page_id=470"},"modified":"2019-07-25T06:28:13","modified_gmt":"2019-07-25T06:28:13","slug":"bufete-de-abogados-de-la-industria-agricola-de-san-rafael","status":"publish","type":"page","link":"https:\/\/bayareaworkerscomp.com\/es\/bufete-de-abogados-de-la-industria-agricola-de-san-rafael\/","title":{"rendered":"Bufete de abogados de la industria agr\u00edcola de San Rafael"},"content":{"rendered":"<p><iframe loading=\"lazy\" src=\"https:\/\/www.youtube.com\/embed\/GOLFkLtePoc\" width=\"450\" height=\"253\" frameborder=\"0\" allowfullscreen=\"allowfullscreen\"><span data-mce-type=\"bookmark\" style=\"display: inline-block; width: 0px; overflow: hidden; line-height: 0;\" class=\"mce_SELRES_start\">\ufeff<\/span><span data-mce-type=\"bookmark\" style=\"display: inline-block; width: 0px; overflow: hidden; line-height: 0;\" class=\"mce_SELRES_start\">\ufeff<\/span><\/iframe>El tipo de trabajo involucrado en la industria agr\u00edcola es peligroso por naturaleza. Los largos d\u00edas de trabajo manual en los elementos con ganado, equipo pesado o maquinaria, y las condiciones menos que ideales pueden abrir la puerta a graves accidentes y lesiones relacionadas con el trabajo. Ya sea que trabaje en el ganado o producci\u00f3n agr\u00edcola, silvicultura, bodegas o pesca, podr\u00eda ser elegible para una compensaci\u00f3n econ\u00f3mica en el caso de una lesi\u00f3n laboral.<\/p>\n<p>En la oficina legal de Daniel Hegwer, ayudamos a los empleados de agronegocios con sus lesiones laborales y ocupacionales. En nuestros a\u00f1os de experiencia al servicio del \u00c1rea de la Bah\u00eda, hemos escuchado muchas preguntas sobre accidentes de trabajo. \u00c9stos son algunos de los m\u00e1s comunes que escuchamos:<\/p>\n<ul>\n<li><a href=\"#link-1\">\u00bfC\u00f3mo pueden ayudarme los abogados con mi caso de compensaci\u00f3n para trabajadores por lesiones en la agricultura?<\/a><\/li>\n<li><a href=\"#link-2\">\u00bfQu\u00e9 tipos de lesiones en trabajosagr\u00edcolas son elegibles para los beneficios de compensaci\u00f3n para trabajadores?<\/a><\/li>\n<\/ul>\n<h2 id=\"link-1\">\u00bfC\u00f3mo pueden ayudarme los abogados con mi caso de compensaci\u00f3n para trabajadores por lesiones en la agricultura?<\/h2>\n<p>Cuando se trata de solicitar una indemnizaci\u00f3n laboral en el estado de California, el proceso legal puede ser complicado. Hay ciertos procedimientos de informe que deben cumplirse, as\u00ed como plazos y requisitos legales.<\/p>\n<p>Un abogado experimentado en beneficios laborales quita la presi\u00f3n y ayuda a sus clientes a navegar el complicado proceso legal. Primero, eval\u00faan la situaci\u00f3n para asegurar que la persona tenga un reclamo v\u00e1lido. Tambi\u00e9n pueden ayudar a establecer responsabilidad en casos de negligencia.<\/p>\n<p>Una de las cosas m\u00e1s importantes que un abogado har\u00e1 por usted en su reclamo de compensaci\u00f3n como trabajador es negociar en su nombre con las compa\u00f1\u00edas de seguros. Las compa\u00f1\u00edas de seguros a menudo intentan rechazar las reclamaciones o minimizar la cantidad que se paga a la v\u00edctima.<\/p>\n<p>Cuando enfrenta facturas m\u00e9dicas altas, salarios perdidos y dificultades financieras debido a sus lesiones, esto simplemente no es suficiente. Un abogado experto sabr\u00e1 c\u00f3mo defender agresivamente sus derechos y luchar por los m\u00e1ximos beneficios de compensaci\u00f3n laboral que usted merece<\/p>\n<h2 id=\"link-2\">\u00bfQu\u00e9 tipos de lesiones en trabajosagr\u00edcolas son elegibles para los beneficios de compensaci\u00f3n para trabajadores?<\/h2>\n<p>En la industria agr\u00edcola, hay una gran variedad de lesiones que pueden ocurrir. De leve a severa, e incluso muerte injusta. Aqu\u00ed hay algunos de los m\u00e1s comunes:<\/p>\n<ul>\n<li>Accidente por mal funcionamiento del equipo.<\/li>\n<li>Lesiones por equipo defectuoso.<\/li>\n<li>Lesi\u00f3n por resbalones y ca\u00eddas.<\/li>\n<li>Lesiones por estr\u00e9s repetitivo.<\/li>\n<li>Lesiones por aplastamiento<\/li>\n<li>Dedos o extremidades cortados<\/li>\n<li>Quemaduras y explosiones.<\/li>\n<li>Negligencia o condiciones de trabajo inseguras.<\/li>\n<li>Electrocuci\u00f3n<\/li>\n<\/ul>\n<p>Las lesiones en trabajadores agr\u00edcolas y otros empleados agr\u00edcolas no se limitan a las lesiones espec\u00edficas mencionadas anteriormente. Si ha sufrido alg\u00fan tipo de lesi\u00f3n mientras trabajaba, entonces debe comunicarse con un abogado experimentado en beneficios laborales lo antes posible para determinar si es elegible para un reclamo.<\/p>\n<h3>P\u00f3ngase en contacto con uno de los mejores abogados de indemnizaci\u00f3n laboral por lesiones en trabajosagr\u00edcolas para obtener m\u00e1s informaci\u00f3n.<\/h3>\n<p>Los accidentes en el lugar de trabajo pueden resultar en serios problemas financieros, y nunca deber\u00eda tener que pagar la factura solo. Si eres elegible para la compensaci\u00f3n de trabajadores, entonces podemos ayudarte.<\/p>\n<p>El equipo legal calificado en la oficina legal de Daniel Hegwer se enfoca principalmente en los casos de compensaci\u00f3n para trabajadores y ofrece una representaci\u00f3n agresiva para su reclamo. Estamos listos para ayudarlo a luchar por la cantidad m\u00e1xima de beneficios que merece por sus lesiones.<\/p>\n<p>Ll\u00e1menos ahora al (415) 448-5107 para configurar su consulta gratuita con nuestro equipo legal superior.<\/p>\n","protected":false},"excerpt":{"rendered":"<p>\ufeff\ufeffEl tipo de trabajo involucrado en la industria agr\u00edcola es peligroso por naturaleza. Los largos d\u00edas de trabajo manual en los elementos con ganado, equipo pesado o maquinaria, y las condiciones menos que ideales pueden abrir la puerta a graves accidentes y lesiones relacionadas con el trabajo. Ya sea que trabaje en el ganado o [&hellip;]<\/p>\n","protected":false},"author":1,"featured_media":0,"parent":0,"menu_order":0,"comment_status":"closed","ping_status":"closed","template":"","meta":{"_genesis_hide_title":false,"_genesis_hide_breadcrumbs":false,"_genesis_hide_singular_image":false,"_genesis_hide_footer_widgets":false,"_genesis_custom_body_class":"","_genesis_custom_post_class":"","_genesis_layout":""},"yoast_head":"<!-- This site is optimized with the Yoast SEO plugin v21.1 - https:\/\/yoast.com\/wordpress\/plugins\/seo\/ -->\n<title>San Rafael Abogado de Lesiones Agropecuarias | Oficina de Derecho de Daniel Hegwer<\/title>\n<meta name=\"description\" content=\"\u00bfEs usted un trabajador agr\u00edcola que se lesion\u00f3 en el trabajo? \u00a1Nuestros abogados de San Rafael luchar\u00e1n por los beneficios de compensaci\u00f3n para trabajadores y m\u00e1s! \u00a1Llama ahora! (415) 448-5107\" \/>\n<meta name=\"robots\" content=\"index, follow, max-snippet:-1, max-image-preview:large, max-video-preview:-1\" \/>\n<meta property=\"og:locale\" content=\"es_ES\" \/>\n<meta property=\"og:type\" content=\"article\" \/>\n<meta property=\"og:title\" content=\"San Rafael Abogado de Lesiones Agropecuarias | Oficina de Derecho de Daniel Hegwer\" \/>\n<meta property=\"og:description\" content=\"\u00bfEs usted un trabajador agr\u00edcola que se lesion\u00f3 en el trabajo? \u00a1Nuestros abogados de San Rafael luchar\u00e1n por los beneficios de compensaci\u00f3n para trabajadores y m\u00e1s! \u00a1Llama ahora! (415) 448-5107\" \/>\n<meta property=\"og:url\" content=\"https:\/\/bayareaworkerscomp.com\/es\/bufete-de-abogados-de-la-industria-agricola-de-san-rafael\/\" \/>\n<meta property=\"og:site_name\" content=\"Hegwer Law\" \/>\n<meta property=\"article:modified_time\" content=\"2019-07-25T06:28:13+00:00\" \/>\n<meta name=\"twitter:card\" content=\"summary_large_image\" \/>\n<meta name=\"twitter:label1\" content=\"Tiempo de lectura\" \/>\n\t<meta name=\"twitter:data1\" content=\"3 minutos\" \/>\n<!-- \/ Yoast SEO plugin. -->","yoast_head_json":{"title":"San Rafael Abogado de Lesiones Agropecuarias | Oficina de Derecho de Daniel Hegwer","description":"\u00bfEs usted un trabajador agr\u00edcola que se lesion\u00f3 en el trabajo? \u00a1Nuestros abogados de San Rafael luchar\u00e1n por los beneficios de compensaci\u00f3n para trabajadores y m\u00e1s! \u00a1Llama ahora! (415) 448-5107","robots":{"index":"index","follow":"follow","max-snippet":"max-snippet:-1","max-image-preview":"max-image-preview:large","max-video-preview":"max-video-preview:-1"},"og_locale":"es_ES","og_type":"article","og_title":"San Rafael Abogado de Lesiones Agropecuarias | Oficina de Derecho de Daniel Hegwer","og_description":"\u00bfEs usted un trabajador agr\u00edcola que se lesion\u00f3 en el trabajo? \u00a1Nuestros abogados de San Rafael luchar\u00e1n por los beneficios de compensaci\u00f3n para trabajadores y m\u00e1s! \u00a1Llama ahora! (415) 448-5107","og_url":"https:\/\/bayareaworkerscomp.com\/es\/bufete-de-abogados-de-la-industria-agricola-de-san-rafael\/","og_site_name":"Hegwer Law","article_modified_time":"2019-07-25T06:28:13+00:00","twitter_card":"summary_large_image","twitter_misc":{"Tiempo de lectura":"3 minutos"},"schema":{"@context":"https:\/\/schema.org","@graph":[{"@type":"WebPage","@id":"https:\/\/bayareaworkerscomp.com\/es\/bufete-de-abogados-de-la-industria-agricola-de-san-rafael\/","url":"https:\/\/bayareaworkerscomp.com\/es\/bufete-de-abogados-de-la-industria-agricola-de-san-rafael\/","name":"San Rafael Abogado de Lesiones Agropecuarias | Oficina de Derecho de Daniel Hegwer","isPartOf":{"@id":"https:\/\/bayareaworkerscomp.com\/#website"},"datePublished":"2019-07-24T13:32:31+00:00","dateModified":"2019-07-25T06:28:13+00:00","description":"\u00bfEs usted un trabajador agr\u00edcola que se lesion\u00f3 en el trabajo? \u00a1Nuestros abogados de San Rafael luchar\u00e1n por los beneficios de compensaci\u00f3n para trabajadores y m\u00e1s! \u00a1Llama ahora! (415) 448-5107","breadcrumb":{"@id":"https:\/\/bayareaworkerscomp.com\/es\/bufete-de-abogados-de-la-industria-agricola-de-san-rafael\/#breadcrumb"},"inLanguage":"es","potentialAction":[{"@type":"ReadAction","target":["https:\/\/bayareaworkerscomp.com\/es\/bufete-de-abogados-de-la-industria-agricola-de-san-rafael\/"]}]},{"@type":"BreadcrumbList","@id":"https:\/\/bayareaworkerscomp.com\/es\/bufete-de-abogados-de-la-industria-agricola-de-san-rafael\/#breadcrumb","itemListElement":[{"@type":"ListItem","position":1,"name":"Home","item":"https:\/\/bayareaworkerscomp.com\/es\/"},{"@type":"ListItem","position":2,"name":"Bufete de abogados de la industria agr\u00edcola de San Rafael"}]},{"@type":"WebSite","@id":"https:\/\/bayareaworkerscomp.com\/#website","url":"https:\/\/bayareaworkerscomp.com\/","name":"Hegwer Law","description":"California Workers Compensation Attorney","potentialAction":[{"@type":"SearchAction","target":{"@type":"EntryPoint","urlTemplate":"https:\/\/bayareaworkerscomp.com\/?s={search_term_string}"},"query-input":"required name=search_term_string"}],"inLanguage":"es"}]}},"_links":{"self":[{"href":"https:\/\/bayareaworkerscomp.com\/es\/wp-json\/wp\/v2\/pages\/470"}],"collection":[{"href":"https:\/\/bayareaworkerscomp.com\/es\/wp-json\/wp\/v2\/pages"}],"about":[{"href":"https:\/\/bayareaworkerscomp.com\/es\/wp-json\/wp\/v2\/types\/page"}],"author":[{"embeddable":true,"href":"https:\/\/bayareaworkerscomp.com\/es\/wp-json\/wp\/v2\/users\/1"}],"replies":[{"embeddable":true,"href":"https:\/\/bayareaworkerscomp.com\/es\/wp-json\/wp\/v2\/comments?post=470"}],"version-history":[{"count":4,"href":"https:\/\/bayareaworkerscomp.com\/es\/wp-json\/wp\/v2\/pages\/470\/revisions"}],"predecessor-version":[{"id":494,"href":"https:\/\/bayareaworkerscomp.com\/es\/wp-json\/wp\/v2\/pages\/470\/revisions\/494"}],"wp:attachment":[{"href":"https:\/\/bayareaworkerscomp.com\/es\/wp-json\/wp\/v2\/media?parent=470"}],"curies":[{"name":"wp","href":"https:\/\/api.w.org\/{rel}","templated":true}]}}