{"id":473,"date":"2019-07-24T13:38:58","date_gmt":"2019-07-24T13:38:58","guid":{"rendered":"https:\/\/bayareaworkerscomp.com\/?page_id=473"},"modified":"2019-07-25T06:26:06","modified_gmt":"2019-07-25T06:26:06","slug":"abogado-de-accidentes-de-construccion-para-victimas-de-lesiones-en-el-lugar-de-trabajoen-san-rafael","status":"publish","type":"page","link":"https:\/\/bayareaworkerscomp.com\/es\/abogado-de-accidentes-de-construccion-para-victimas-de-lesiones-en-el-lugar-de-trabajoen-san-rafael\/","title":{"rendered":"Abogado de accidentes de construcci\u00f3n para v\u00edctimas de lesiones en el lugar de trabajoen San Rafael"},"content":{"rendered":"<p><iframe loading=\"lazy\" src=\"https:\/\/www.youtube.com\/embed\/8U8Qb93E3Ng\" width=\"450\" height=\"253\" frameborder=\"0\" allowfullscreen=\"allowfullscreen\"><\/iframe>Siendo la industria de la construcci\u00f3n es uno de los entornos m\u00e1s peligrosos respecto a lesiones laborales, los trabajadores de construccionesen el estado de Californiaquienes han sido lesionados en el trabajo tienen derechos legales de compensaci\u00f3n. En caso de haberse lesionadoy tener una carga financiera, necesita asistencia legal.<\/p>\n<p>En nuestra oficina legal de Daniel Hegwerdel Condado de Marin, ayudamos a los trabajadores de la construcci\u00f3n a ganar sus reclamos de accidentes y obtener la compensaci\u00f3n que merecen, recibimos muchas preguntas sobre las lesiones en las obras de construcci\u00f3n en California. \u00c9stos son algunos de las preguntas m\u00e1s comunes:<\/p>\n<ul>\n<li><a href=\"#link-1\">\u00bfPor qu\u00e9 deber\u00eda contratar a un abogado de lesiones de construcci\u00f3n, con la mejor calificaci\u00f3n, para mi reclamo por compensaci\u00f3n laboral?<\/a><\/li>\n<li><a href=\"#link-2\">\u00bfQu\u00e9 califican como lesiones en el \u00e1rea de construcci\u00f3n para los beneficios de compensaci\u00f3n laboral?<\/a><\/li>\n<\/ul>\n<h2 id=\"link-1\">\u00bfPor qu\u00e9 deber\u00eda contratar a un abogado de lesiones de construcci\u00f3n, con la mejor calificaci\u00f3n, para mi reclamo por compensaci\u00f3n laboral?<\/h2>\n<p>Los costos de un accidente de construcci\u00f3n se elevan r\u00e1pidamente, desde gastos m\u00e9dicos hasta salarios perdidos, con la posibilidad de enfrentar una pesada carga financiera.<\/p>\n<p>La contrataci\u00f3n de un abogado de accidentes de construcci\u00f3n puede ayudarlo a obtener la compensaci\u00f3n completa a la que tiene derecho, investigar\u00e1 su caso, le informar\u00e1 si es elegible para una compensaci\u00f3n y determinar\u00e1 la parte responsable o negligente.<\/p>\n<p>En el estado de California, puede ser complicado navegar por el sistema legal para las reclamaciones de compensaci\u00f3n del trabajador ya que con demasiada frecuencia las compa\u00f1\u00edas de seguros tratan de no pagarle a la v\u00edctima u ofrecen menos de lo merecido. No solo hacen que sea dif\u00edcil recibir una compensaci\u00f3n justa por sus da\u00f1os, sino que la jerarqu\u00eda corporativa presenta sus propios desaf\u00edos al reportar su lesi\u00f3n.<\/p>\n<p>Un abogado especializado le ayudar\u00e1 exitosamente con los procedimientos, plazos y requisitos legales para su caso, defender\u00e1n sus derechos, ofrecer\u00e1n asesor\u00eda legal honesta y negociar\u00e1n con las compa\u00f1\u00edas de seguros en su nombre. Es importante trabajar con un abogado especializado en accidentes para aumentar sus posibilidades de obtener el mejor resultado para su casolo antes posible.<\/p>\n<h2 id=\"link-2\">\u00bfQu\u00e9 califican como lesiones en el \u00e1rea de construcci\u00f3n para los beneficios de compensaci\u00f3n laboral?<\/h2>\n<p>Los trabajadores de la construcci\u00f3n enfrentan desaf\u00edos y peligros en el trabajo que pueden provocar lesiones graves y es importante buscar atenci\u00f3n m\u00e9dica inmediatamente despu\u00e9s de ellas. Esta lista (no limitada) encontrar\u00e1 algunas de las lesiones m\u00e1s comunes que los trabajadores de la construcci\u00f3n pueden sufrir en el trabajo:<\/p>\n<ul>\n<li>Quemaduras<\/li>\n<li>Resbalones y ca\u00eddas<\/li>\n<li>Accidentes de derramesqu\u00edmicos<\/li>\n<li>Accidentesel\u00e9ctricos<\/li>\n<li>Accidentes de mal funcionamiento del equipo<\/li>\n<li>Cortes de materialesafilados<\/li>\n<li>Andamios por mal funcionamiento de accidentes<\/li>\n<\/ul>\n<p>Si ha experimentado alguna de estas lesiones, es probable que califique para los beneficios de compensaci\u00f3n laboral. Consulte con un abogado de compensaci\u00f3n laboral calificadopara discutir su situaci\u00f3n personal y ver si es elegible para una compensaci\u00f3n.<\/p>\n<h2>\u00a1Llama hoy a nuestro galardonado bufete de abogados paraaccidentes laborales en el \u00e1rea de construcci\u00f3n en San Rafael, California!<\/h2>\n<p>Si eres v\u00edctima de un accidente en \u00e1rea de construcci\u00f3n, entonces cuentas con derechos ydebes comunicarse con un abogado experto en accidentes lo antes posible para pelear por la m\u00e1xima indemnizaci\u00f3n en su caso. <\/p>\n<p>En nuestro experimentado bufete de abogados de compensaci\u00f3n laboral de la oficina legal de Daniel Hegwer ofrecemos asesor\u00eda legal honesta y defensa agresiva y estamos listos para ayudarlo a recuperarse econ\u00f3micamente de su accidente.<\/p>\n<p>Cont\u00e1ctenos hoy al (415) 448-5107. \u00a1Hablemos de tu caso en una consulta gratuita!<\/p>\n","protected":false},"excerpt":{"rendered":"<p>Siendo la industria de la construcci\u00f3n es uno de los entornos m\u00e1s peligrosos respecto a lesiones laborales, los trabajadores de construccionesen el estado de Californiaquienes han sido lesionados en el trabajo tienen derechos legales de compensaci\u00f3n. En caso de haberse lesionadoy tener una carga financiera, necesita asistencia legal. En nuestra oficina legal de Daniel Hegwerdel [&hellip;]<\/p>\n","protected":false},"author":1,"featured_media":0,"parent":0,"menu_order":0,"comment_status":"closed","ping_status":"closed","template":"","meta":{"_genesis_hide_title":false,"_genesis_hide_breadcrumbs":false,"_genesis_hide_singular_image":false,"_genesis_hide_footer_widgets":false,"_genesis_custom_body_class":"","_genesis_custom_post_class":"","_genesis_layout":""},"yoast_head":"<!-- This site is optimized with the Yoast SEO plugin v21.1 - https:\/\/yoast.com\/wordpress\/plugins\/seo\/ -->\n<title>San Rafael Construction Workers\u2019 Compensation Lawyer | Wyman &amp; Hegwer<\/title>\n<meta name=\"description\" content=\"If you are a construction worker who has been injured on the job, our San Rafael can help you get workers\u2019 comp. Callustoday (415) 448-5107\" \/>\n<meta name=\"robots\" content=\"index, follow, max-snippet:-1, max-image-preview:large, max-video-preview:-1\" \/>\n<meta property=\"og:locale\" content=\"es_ES\" \/>\n<meta property=\"og:type\" content=\"article\" \/>\n<meta property=\"og:title\" content=\"San Rafael Construction Workers\u2019 Compensation Lawyer | Wyman &amp; Hegwer\" \/>\n<meta property=\"og:description\" content=\"If you are a construction worker who has been injured on the job, our San Rafael can help you get workers\u2019 comp. Callustoday (415) 448-5107\" \/>\n<meta property=\"og:url\" content=\"https:\/\/bayareaworkerscomp.com\/es\/abogado-de-accidentes-de-construccion-para-victimas-de-lesiones-en-el-lugar-de-trabajoen-san-rafael\/\" \/>\n<meta property=\"og:site_name\" content=\"Hegwer Law\" \/>\n<meta property=\"article:modified_time\" content=\"2019-07-25T06:26:06+00:00\" \/>\n<meta name=\"twitter:card\" content=\"summary_large_image\" \/>\n<meta name=\"twitter:label1\" content=\"Tiempo de lectura\" \/>\n\t<meta name=\"twitter:data1\" content=\"3 minutos\" \/>\n<!-- \/ Yoast SEO plugin. -->","yoast_head_json":{"title":"San Rafael Construction Workers\u2019 Compensation Lawyer | Wyman & Hegwer","description":"If you are a construction worker who has been injured on the job, our San Rafael can help you get workers\u2019 comp. Callustoday (415) 448-5107","robots":{"index":"index","follow":"follow","max-snippet":"max-snippet:-1","max-image-preview":"max-image-preview:large","max-video-preview":"max-video-preview:-1"},"og_locale":"es_ES","og_type":"article","og_title":"San Rafael Construction Workers\u2019 Compensation Lawyer | Wyman & Hegwer","og_description":"If you are a construction worker who has been injured on the job, our San Rafael can help you get workers\u2019 comp. Callustoday (415) 448-5107","og_url":"https:\/\/bayareaworkerscomp.com\/es\/abogado-de-accidentes-de-construccion-para-victimas-de-lesiones-en-el-lugar-de-trabajoen-san-rafael\/","og_site_name":"Hegwer Law","article_modified_time":"2019-07-25T06:26:06+00:00","twitter_card":"summary_large_image","twitter_misc":{"Tiempo de lectura":"3 minutos"},"schema":{"@context":"https:\/\/schema.org","@graph":[{"@type":"WebPage","@id":"https:\/\/bayareaworkerscomp.com\/es\/abogado-de-accidentes-de-construccion-para-victimas-de-lesiones-en-el-lugar-de-trabajoen-san-rafael\/","url":"https:\/\/bayareaworkerscomp.com\/es\/abogado-de-accidentes-de-construccion-para-victimas-de-lesiones-en-el-lugar-de-trabajoen-san-rafael\/","name":"San Rafael Construction Workers\u2019 Compensation Lawyer | Wyman & Hegwer","isPartOf":{"@id":"https:\/\/bayareaworkerscomp.com\/#website"},"datePublished":"2019-07-24T13:38:58+00:00","dateModified":"2019-07-25T06:26:06+00:00","description":"If you are a construction worker who has been injured on the job, our San Rafael can help you get workers\u2019 comp. Callustoday (415) 448-5107","breadcrumb":{"@id":"https:\/\/bayareaworkerscomp.com\/es\/abogado-de-accidentes-de-construccion-para-victimas-de-lesiones-en-el-lugar-de-trabajoen-san-rafael\/#breadcrumb"},"inLanguage":"es","potentialAction":[{"@type":"ReadAction","target":["https:\/\/bayareaworkerscomp.com\/es\/abogado-de-accidentes-de-construccion-para-victimas-de-lesiones-en-el-lugar-de-trabajoen-san-rafael\/"]}]},{"@type":"BreadcrumbList","@id":"https:\/\/bayareaworkerscomp.com\/es\/abogado-de-accidentes-de-construccion-para-victimas-de-lesiones-en-el-lugar-de-trabajoen-san-rafael\/#breadcrumb","itemListElement":[{"@type":"ListItem","position":1,"name":"Home","item":"https:\/\/bayareaworkerscomp.com\/es\/"},{"@type":"ListItem","position":2,"name":"Abogado de accidentes de construcci\u00f3n para v\u00edctimas de lesiones en el lugar de trabajoen San Rafael"}]},{"@type":"WebSite","@id":"https:\/\/bayareaworkerscomp.com\/#website","url":"https:\/\/bayareaworkerscomp.com\/","name":"Hegwer Law","description":"California Workers Compensation Attorney","potentialAction":[{"@type":"SearchAction","target":{"@type":"EntryPoint","urlTemplate":"https:\/\/bayareaworkerscomp.com\/?s={search_term_string}"},"query-input":"required name=search_term_string"}],"inLanguage":"es"}]}},"_links":{"self":[{"href":"https:\/\/bayareaworkerscomp.com\/es\/wp-json\/wp\/v2\/pages\/473"}],"collection":[{"href":"https:\/\/bayareaworkerscomp.com\/es\/wp-json\/wp\/v2\/pages"}],"about":[{"href":"https:\/\/bayareaworkerscomp.com\/es\/wp-json\/wp\/v2\/types\/page"}],"author":[{"embeddable":true,"href":"https:\/\/bayareaworkerscomp.com\/es\/wp-json\/wp\/v2\/users\/1"}],"replies":[{"embeddable":true,"href":"https:\/\/bayareaworkerscomp.com\/es\/wp-json\/wp\/v2\/comments?post=473"}],"version-history":[{"count":2,"href":"https:\/\/bayareaworkerscomp.com\/es\/wp-json\/wp\/v2\/pages\/473\/revisions"}],"predecessor-version":[{"id":492,"href":"https:\/\/bayareaworkerscomp.com\/es\/wp-json\/wp\/v2\/pages\/473\/revisions\/492"}],"wp:attachment":[{"href":"https:\/\/bayareaworkerscomp.com\/es\/wp-json\/wp\/v2\/media?parent=473"}],"curies":[{"name":"wp","href":"https:\/\/api.w.org\/{rel}","templated":true}]}}