{"id":475,"date":"2019-07-24T13:49:08","date_gmt":"2019-07-24T13:49:08","guid":{"rendered":"https:\/\/bayareaworkerscomp.com\/?page_id=475"},"modified":"2019-07-25T06:24:44","modified_gmt":"2019-07-25T06:24:44","slug":"firma-de-abogados-para-accidentes-de-la-industria-del-fitness-en-san-rafael","status":"publish","type":"page","link":"https:\/\/bayareaworkerscomp.com\/es\/firma-de-abogados-para-accidentes-de-la-industria-del-fitness-en-san-rafael\/","title":{"rendered":"Firma de abogados para accidentes de la industria del fitness en San Rafael"},"content":{"rendered":"<p><iframe loading=\"lazy\" src=\"https:\/\/www.youtube.com\/embed\/o0oQkBfHy-w\" width=\"450\" height=\"253\" frameborder=\"0\" allowfullscreen=\"allowfullscreen\"><\/iframe>Los trabajadores fitness de California son propensos a una variedad de lesiones en el trabajo debido a la naturaleza de su trabajo. Cuando una lesi\u00f3n as\u00ed ocurre en el lugar de trabajo, es posible que tenga derecho a los beneficios de compensaci\u00f3n laboral.<\/p>\n<p>En el galardonado bufete de abogados de la oficina legal de Daniel Hegwer, nos centramos en la compensaci\u00f3n laboral y luchamos para ayudar a los profesionales de la aptitud f\u00edsica a obtener los m\u00e1ximos beneficios.<\/p>\n<p>A menudo recibimos muchas preguntas sobre lesiones relacionadas con el ejercicio f\u00edsico. \u00c9stos son algunos de los m\u00e1s comunes que escuchamos:<\/p>\n<ul>\n<li><a href=\"#link-1\">\u00bfC\u00f3mo pueden ayudarme los abogados para los trabajadores de Fitness con mi reclamo de compensaci\u00f3n laboral?<\/a><\/li>\n<li><a href=\"#link-2\">\u00bfCu\u00e1nto cuestan los servicios de los abogados de compensaci\u00f3n laboral para entrenadores personales?<\/a><\/li>\n<li><a href=\"#link-3\">\u00bfC\u00f3mo encontrar al mejor abogado de compensaci\u00f3n de trabajadores fitness en California?<\/a><\/li>\n<\/ul>\n<h2 id=\"link-1\">\u00bfC\u00f3mo pueden ayudarme los abogados para los trabajadores de Fitness con mi reclamo de compensaci\u00f3n laboral?<\/h2>\n<p>El entrenamiento personal y las profesiones relacionadas con el fitness est\u00e1n en aumento. Desafortunadamente, muchos profesionales de fitnesspelean para recibir los beneficios de compensaci\u00f3n laboral cuando se lesionan en el trabajo.Un abogado experimentado en lesiones laborales puede luchar por sus derechos en un caso de compensaci\u00f3n laboral, navegar\u00e1n por el complicado sistema legal brindando asesor\u00eda legal honesta y una negociaci\u00f3n agresiva con las compa\u00f1\u00edas de seguros a su nombre. De esa forma no tiene que conformarse con la denegaci\u00f3n de beneficios o la compensaci\u00f3n m\u00ednima por sus lesiones. <\/p>\n<p>En la oficina legal de Daniel Hegwer, protegeremos sus intereses durante todo el caso.<\/p>\n<h2 id=\"link-2\">\u00bfCu\u00e1nto cuestan los servicios de los abogados de compensaci\u00f3n laboral para entrenadores personales?<\/h2>\n<p>El costo por la contrataci\u00f3nde un abogado a veces evita que las v\u00edctimas obtengan la representaci\u00f3n legal que necesitan y merecen, por ello ofrecemos servicios legales accesibles para ayudar a los entrenadores personales y otros profesionales del deporte con sus reclamaciones de lesiones.<\/p>\n<p>Los abogados pueden cobran tarifas diferentes por sus servicios legales, por lo cual es importante discutir los costos por adelantado y de esa manera no se sorprender\u00e1 con la factura posterior a los servicios legales. Debe hacer todas las preguntas durante su conversaci\u00f3n inicial para asegurarse de que no haya tarifas ocultas o desleales.<\/p>\n<h3 id=\"link-3\">\u00bfC\u00f3mo encontrar al mejor abogado de compensaci\u00f3n de trabajadores fitness en California?<\/h3>\n<p>Al buscar un abogado especializado en accidentes sobre fitness en el \u00c1rea de la Bah\u00eda, debe asegurarse de revisar las opiniones en l\u00ednea. De entre los mejores bufetes de abogados de California con excelentes cr\u00edticas est\u00e1nYelp, Google, Manta y el BBB, tambien cuentan con reconocimientos en sus propios sitios web, le recomendamos que consulte con el Colegio de Abogados de California o con el colegio de abogados local para obtener recomendaciones; y cuando encuentre a quien le gustar\u00eda contratar, levante el tel\u00e9fono y llame. La primera conversaci\u00f3n puede ayudarlo a determinar si se siente suficientemente c\u00f3modo para programar una consulta o no.<\/p>\n<h3>\u00a1Habla con una de las mejores firmas de abogados de compensaci\u00f3n laboral de la industria de la salud y el bienestar en San Rafael hoy!<\/h3>\n<p>Si usted o alguien querido ha sufrido una lesi\u00f3n laboral en el \u00e1rea de cuidado de la salud, entonces tiene derechos legales. P\u00f3ngase en contacto con un bufete de abogados de compensaci\u00f3n laboral calificado para pelear por una compensaci\u00f3n justa para su reclamo. En la oficina legal de Daniel Hegwer, nos enfocamos en los casos de compensaci\u00f3n de trabajadores y estamos listos para ayudarlo.<\/p>\n<p>Ll\u00e1menos al (415) 448-5107 para hablar sobre su reclamo en una consulta gratuita. Hablamos ingl\u00e9s y espa\u00f1ol, y estamos listos para luchar por ti.<\/p>\n","protected":false},"excerpt":{"rendered":"<p>Los trabajadores fitness de California son propensos a una variedad de lesiones en el trabajo debido a la naturaleza de su trabajo. Cuando una lesi\u00f3n as\u00ed ocurre en el lugar de trabajo, es posible que tenga derecho a los beneficios de compensaci\u00f3n laboral. En el galardonado bufete de abogados de la oficina legal de Daniel [&hellip;]<\/p>\n","protected":false},"author":1,"featured_media":0,"parent":0,"menu_order":0,"comment_status":"closed","ping_status":"closed","template":"","meta":{"_genesis_hide_title":false,"_genesis_hide_breadcrumbs":false,"_genesis_hide_singular_image":false,"_genesis_hide_footer_widgets":false,"_genesis_custom_body_class":"","_genesis_custom_post_class":"","_genesis_layout":""},"yoast_head":"<!-- This site is optimized with the Yoast SEO plugin v21.1 - https:\/\/yoast.com\/wordpress\/plugins\/seo\/ -->\n<title>San Rafael Health and Fitness Workers&#039; Compensation Attorney | Wyman &amp; Hegwer<\/title>\n<meta name=\"description\" content=\"Have you been injured in a health and fitness work injury? If so, our San Rafael law firm will fight to get you the max amount of benefits. Call 415-448-5107\" \/>\n<meta name=\"robots\" content=\"index, follow, max-snippet:-1, max-image-preview:large, max-video-preview:-1\" \/>\n<meta property=\"og:locale\" content=\"es_ES\" \/>\n<meta property=\"og:type\" content=\"article\" \/>\n<meta property=\"og:title\" content=\"San Rafael Health and Fitness Workers&#039; Compensation Attorney | Wyman &amp; Hegwer\" \/>\n<meta property=\"og:description\" content=\"Have you been injured in a health and fitness work injury? If so, our San Rafael law firm will fight to get you the max amount of benefits. Call 415-448-5107\" \/>\n<meta property=\"og:url\" content=\"https:\/\/bayareaworkerscomp.com\/es\/firma-de-abogados-para-accidentes-de-la-industria-del-fitness-en-san-rafael\/\" \/>\n<meta property=\"og:site_name\" content=\"Hegwer Law\" \/>\n<meta property=\"article:modified_time\" content=\"2019-07-25T06:24:44+00:00\" \/>\n<meta name=\"twitter:card\" content=\"summary_large_image\" \/>\n<meta name=\"twitter:label1\" content=\"Tiempo de lectura\" \/>\n\t<meta name=\"twitter:data1\" content=\"3 minutos\" \/>\n<!-- \/ Yoast SEO plugin. -->","yoast_head_json":{"title":"San Rafael Health and Fitness Workers' Compensation Attorney | Wyman & Hegwer","description":"Have you been injured in a health and fitness work injury? If so, our San Rafael law firm will fight to get you the max amount of benefits. Call 415-448-5107","robots":{"index":"index","follow":"follow","max-snippet":"max-snippet:-1","max-image-preview":"max-image-preview:large","max-video-preview":"max-video-preview:-1"},"og_locale":"es_ES","og_type":"article","og_title":"San Rafael Health and Fitness Workers' Compensation Attorney | Wyman & Hegwer","og_description":"Have you been injured in a health and fitness work injury? If so, our San Rafael law firm will fight to get you the max amount of benefits. Call 415-448-5107","og_url":"https:\/\/bayareaworkerscomp.com\/es\/firma-de-abogados-para-accidentes-de-la-industria-del-fitness-en-san-rafael\/","og_site_name":"Hegwer Law","article_modified_time":"2019-07-25T06:24:44+00:00","twitter_card":"summary_large_image","twitter_misc":{"Tiempo de lectura":"3 minutos"},"schema":{"@context":"https:\/\/schema.org","@graph":[{"@type":"WebPage","@id":"https:\/\/bayareaworkerscomp.com\/es\/firma-de-abogados-para-accidentes-de-la-industria-del-fitness-en-san-rafael\/","url":"https:\/\/bayareaworkerscomp.com\/es\/firma-de-abogados-para-accidentes-de-la-industria-del-fitness-en-san-rafael\/","name":"San Rafael Health and Fitness Workers' Compensation Attorney | Wyman & Hegwer","isPartOf":{"@id":"https:\/\/bayareaworkerscomp.com\/#website"},"datePublished":"2019-07-24T13:49:08+00:00","dateModified":"2019-07-25T06:24:44+00:00","description":"Have you been injured in a health and fitness work injury? If so, our San Rafael law firm will fight to get you the max amount of benefits. Call 415-448-5107","breadcrumb":{"@id":"https:\/\/bayareaworkerscomp.com\/es\/firma-de-abogados-para-accidentes-de-la-industria-del-fitness-en-san-rafael\/#breadcrumb"},"inLanguage":"es","potentialAction":[{"@type":"ReadAction","target":["https:\/\/bayareaworkerscomp.com\/es\/firma-de-abogados-para-accidentes-de-la-industria-del-fitness-en-san-rafael\/"]}]},{"@type":"BreadcrumbList","@id":"https:\/\/bayareaworkerscomp.com\/es\/firma-de-abogados-para-accidentes-de-la-industria-del-fitness-en-san-rafael\/#breadcrumb","itemListElement":[{"@type":"ListItem","position":1,"name":"Home","item":"https:\/\/bayareaworkerscomp.com\/es\/"},{"@type":"ListItem","position":2,"name":"Firma de abogados para accidentes de la industria del fitness en San Rafael"}]},{"@type":"WebSite","@id":"https:\/\/bayareaworkerscomp.com\/#website","url":"https:\/\/bayareaworkerscomp.com\/","name":"Hegwer Law","description":"California Workers Compensation Attorney","potentialAction":[{"@type":"SearchAction","target":{"@type":"EntryPoint","urlTemplate":"https:\/\/bayareaworkerscomp.com\/?s={search_term_string}"},"query-input":"required name=search_term_string"}],"inLanguage":"es"}]}},"_links":{"self":[{"href":"https:\/\/bayareaworkerscomp.com\/es\/wp-json\/wp\/v2\/pages\/475"}],"collection":[{"href":"https:\/\/bayareaworkerscomp.com\/es\/wp-json\/wp\/v2\/pages"}],"about":[{"href":"https:\/\/bayareaworkerscomp.com\/es\/wp-json\/wp\/v2\/types\/page"}],"author":[{"embeddable":true,"href":"https:\/\/bayareaworkerscomp.com\/es\/wp-json\/wp\/v2\/users\/1"}],"replies":[{"embeddable":true,"href":"https:\/\/bayareaworkerscomp.com\/es\/wp-json\/wp\/v2\/comments?post=475"}],"version-history":[{"count":3,"href":"https:\/\/bayareaworkerscomp.com\/es\/wp-json\/wp\/v2\/pages\/475\/revisions"}],"predecessor-version":[{"id":491,"href":"https:\/\/bayareaworkerscomp.com\/es\/wp-json\/wp\/v2\/pages\/475\/revisions\/491"}],"wp:attachment":[{"href":"https:\/\/bayareaworkerscomp.com\/es\/wp-json\/wp\/v2\/media?parent=475"}],"curies":[{"name":"wp","href":"https:\/\/api.w.org\/{rel}","templated":true}]}}