{"id":477,"date":"2019-07-24T13:55:48","date_gmt":"2019-07-24T13:55:48","guid":{"rendered":"https:\/\/bayareaworkerscomp.com\/?page_id=477"},"modified":"2019-07-25T06:22:59","modified_gmt":"2019-07-25T06:22:59","slug":"firma-de-abogados-para-accidentes-en-el-area-de-la-salud-en-san-rafael","status":"publish","type":"page","link":"https:\/\/bayareaworkerscomp.com\/es\/firma-de-abogados-para-accidentes-en-el-area-de-la-salud-en-san-rafael\/","title":{"rendered":"Firma de Abogados para Accidentes en el \u00c1rea de la Salud en San Rafael"},"content":{"rendered":"<p><iframe loading=\"lazy\" src=\"https:\/\/www.youtube.com\/embed\/HzAaB8JFgnA\" width=\"450\" height=\"253\" frameborder=\"0\" allowfullscreen=\"allowfullscreen\"><\/iframe>En las oficinas de Daniel Hegwer, asistimos a profesionales de la salud en el \u00c1rea de la Bah\u00eda con los reclamos de beneficios por compensaci\u00f3n laboral de los trabajadores del \u00e1rea de atenci\u00f3n m\u00e9dica de California quienes se han lesionado.<\/p>\n<p>Nos hacen muchas preguntas sobre las lesiones profesionales. \u00c9stos son algunos de las preguntas frecuentes que escuchamos respectos a la industria de la salud:<\/p>\n<ul>\n<li><a href=\"#link-1\">\u00bfC\u00f3mo s\u00e9 si necesito un abogado para mi reclamo por compensaci\u00f3n laboral en el \u00e1rea de la salud?<\/a><\/li>\n<li><a href=\"#link-2\">\u00bfCu\u00e1nto cuestan el servicio de los abogados laborales del \u00e1rea de la salud en California?<\/a><\/li>\n<li><a href=\"#link-3\">\u00bfCu\u00e1les son los accidentes comunes para los trabajadores de \u00e1rea m\u00e9dica cuales califican para la compensaci\u00f3n laboral?<\/a><\/li>\n<\/ul>\n<h2 id=\"link-1\">\u00bfC\u00f3mo s\u00e9 si necesito un abogado para mi reclamo por compensaci\u00f3n laboral en el \u00e1rea de la salud?<\/h2>\n<p>Si se ha lesionado en el trabajo en el \u00e1reade la salud, entonces tienes derechos legales por compensaci\u00f3n. Considere que el proceso legal para presentar una reclamaci\u00f3n es complicado, y si su empleador o la compa\u00f1\u00eda de seguros dificultan la reclamaci\u00f3n, entonces es el momento de buscar asistencia legal de un abogado experimentado con a\u00f1os de experiencia en el sistema legal y con habilidad denegociaci\u00f3n con las compa\u00f1\u00edas de seguros. Podr\u00e1n ofrecer asesoramiento legal honesto y una representaci\u00f3n agresiva para obtener la compensaci\u00f3n que merece por sus gastos.<\/p>\n<h2 id=\"link-2\">\u00bfCu\u00e1nto cuestan el servicio de los abogados laborales del \u00e1rea de la salud en California?<\/h2>\n<p>Cada abogado de compensaci\u00f3n laboral cobra una tarifa diferente, por lo cual es importante hablar con el profesional legal que planeas contratar sobre sus honorarios antes de trabajar con \u00e9l. Pregunta sobre su estructura de tarifas, ya sea en la llamada o su primera consulta, un abogado honesto no ocultar\u00e1 nada y ser\u00e1 honesto sobre sus cargos.<\/p>\n<h3 id=\"link-3\">\u00bfCu\u00e1les son los accidentes comunes para los trabajadores de \u00e1rea m\u00e9dica cuales califican para la compensaci\u00f3n laboral?<\/h3>\n<p>Las enfermeras y otros profesionales de la salud trabajan en trabajos dif\u00edciles e importantes, y a veces llevan a lesiones o da\u00f1os en el trabajo, cuales se sufren en el campo de la atenci\u00f3n m\u00e9dica (no son exclusivos de esta lista).Algunos de los frecuentes:<\/p>\n<ul>\n<li>Lesiones en el manejo del paciente: lesiones en la espalda y otras tensiones debidas al levantamiento y traslado de pacientes manualmente.<\/li>\n<li>Estr\u00e9s repetitivo y esfuerzo excesivo: trastornos musculoesquel\u00e9ticos, o MSD, por la naturaleza de su trabajo.<\/li>\n<li>Lesiones o pinchazos con agujas: por el uso constante de agujas y otros instrumentos afilados, con el riesgo de perforar la piel del trabajador.<\/li>\n<li>Agresi\u00f3n violenta: ataques violentos no solo por parte del paciente, sino tambi\u00e9n por sus amigos y familiaresdel mismo.<\/li>\n<li>Resbalones y ca\u00eddas: accidentes por resbalones y ca\u00eddas son comunes en la industria del cuidado de la salud por l\u00edquidos y otros factores.<\/li>\n<\/ul>\n<h3>\u00a1Hable con nuestro bufete de abogados mejor calificado en la industria de la salud para obtener m\u00e1s informaci\u00f3n!<\/h3>\n<p>Si usted o alguien querido ha sufrido una lesi\u00f3n laboral en el \u00e1rea de cuidado de la salud, entonces tiene derechos legales. P\u00f3ngase en contacto con un bufete de abogados de compensaci\u00f3n laboral calificado para pelear por una compensaci\u00f3n justa para su reclamo. En la oficina legal de Daniel Hegwer, nos enfocamos en los casos de compensaci\u00f3n de trabajadores y estamos listos para ayudarlo.<\/p>\n<p>Ll\u00e1menos al (415) 448-5107 para hablar sobre su reclamo en una consulta gratuita.<\/p>\n","protected":false},"excerpt":{"rendered":"<p>En las oficinas de Daniel Hegwer, asistimos a profesionales de la salud en el \u00c1rea de la Bah\u00eda con los reclamos de beneficios por compensaci\u00f3n laboral de los trabajadores del \u00e1rea de atenci\u00f3n m\u00e9dica de California quienes se han lesionado. Nos hacen muchas preguntas sobre las lesiones profesionales. \u00c9stos son algunos de las preguntas frecuentes [&hellip;]<\/p>\n","protected":false},"author":1,"featured_media":0,"parent":0,"menu_order":0,"comment_status":"closed","ping_status":"closed","template":"","meta":{"_genesis_hide_title":false,"_genesis_hide_breadcrumbs":false,"_genesis_hide_singular_image":false,"_genesis_hide_footer_widgets":false,"_genesis_custom_body_class":"","_genesis_custom_post_class":"","_genesis_layout":""},"yoast_head":"<!-- This site is optimized with the Yoast SEO plugin v21.1 - https:\/\/yoast.com\/wordpress\/plugins\/seo\/ -->\n<title>San Rafael Health Care Workers&#039; Compensation Attorney | Wyman &amp; Hegwer<\/title>\n<meta name=\"description\" content=\"Health care workers injured on the job have rights. Let our San Rafael attorneys fight to get you the workers\u2019 compensation benefits you need! Call (415) 448-5107\" \/>\n<meta name=\"robots\" content=\"index, follow, max-snippet:-1, max-image-preview:large, max-video-preview:-1\" \/>\n<meta property=\"og:locale\" content=\"es_ES\" \/>\n<meta property=\"og:type\" content=\"article\" \/>\n<meta property=\"og:title\" content=\"San Rafael Health Care Workers&#039; Compensation Attorney | Wyman &amp; Hegwer\" \/>\n<meta property=\"og:description\" content=\"Health care workers injured on the job have rights. Let our San Rafael attorneys fight to get you the workers\u2019 compensation benefits you need! Call (415) 448-5107\" \/>\n<meta property=\"og:url\" content=\"https:\/\/bayareaworkerscomp.com\/es\/firma-de-abogados-para-accidentes-en-el-area-de-la-salud-en-san-rafael\/\" \/>\n<meta property=\"og:site_name\" content=\"Hegwer Law\" \/>\n<meta property=\"article:modified_time\" content=\"2019-07-25T06:22:59+00:00\" \/>\n<meta name=\"twitter:card\" content=\"summary_large_image\" \/>\n<meta name=\"twitter:label1\" content=\"Tiempo de lectura\" \/>\n\t<meta name=\"twitter:data1\" content=\"3 minutos\" \/>\n<!-- \/ Yoast SEO plugin. -->","yoast_head_json":{"title":"San Rafael Health Care Workers' Compensation Attorney | Wyman & Hegwer","description":"Health care workers injured on the job have rights. Let our San Rafael attorneys fight to get you the workers\u2019 compensation benefits you need! Call (415) 448-5107","robots":{"index":"index","follow":"follow","max-snippet":"max-snippet:-1","max-image-preview":"max-image-preview:large","max-video-preview":"max-video-preview:-1"},"og_locale":"es_ES","og_type":"article","og_title":"San Rafael Health Care Workers' Compensation Attorney | Wyman & Hegwer","og_description":"Health care workers injured on the job have rights. Let our San Rafael attorneys fight to get you the workers\u2019 compensation benefits you need! Call (415) 448-5107","og_url":"https:\/\/bayareaworkerscomp.com\/es\/firma-de-abogados-para-accidentes-en-el-area-de-la-salud-en-san-rafael\/","og_site_name":"Hegwer Law","article_modified_time":"2019-07-25T06:22:59+00:00","twitter_card":"summary_large_image","twitter_misc":{"Tiempo de lectura":"3 minutos"},"schema":{"@context":"https:\/\/schema.org","@graph":[{"@type":"WebPage","@id":"https:\/\/bayareaworkerscomp.com\/es\/firma-de-abogados-para-accidentes-en-el-area-de-la-salud-en-san-rafael\/","url":"https:\/\/bayareaworkerscomp.com\/es\/firma-de-abogados-para-accidentes-en-el-area-de-la-salud-en-san-rafael\/","name":"San Rafael Health Care Workers' Compensation Attorney | Wyman & Hegwer","isPartOf":{"@id":"https:\/\/bayareaworkerscomp.com\/#website"},"datePublished":"2019-07-24T13:55:48+00:00","dateModified":"2019-07-25T06:22:59+00:00","description":"Health care workers injured on the job have rights. Let our San Rafael attorneys fight to get you the workers\u2019 compensation benefits you need! Call (415) 448-5107","breadcrumb":{"@id":"https:\/\/bayareaworkerscomp.com\/es\/firma-de-abogados-para-accidentes-en-el-area-de-la-salud-en-san-rafael\/#breadcrumb"},"inLanguage":"es","potentialAction":[{"@type":"ReadAction","target":["https:\/\/bayareaworkerscomp.com\/es\/firma-de-abogados-para-accidentes-en-el-area-de-la-salud-en-san-rafael\/"]}]},{"@type":"BreadcrumbList","@id":"https:\/\/bayareaworkerscomp.com\/es\/firma-de-abogados-para-accidentes-en-el-area-de-la-salud-en-san-rafael\/#breadcrumb","itemListElement":[{"@type":"ListItem","position":1,"name":"Home","item":"https:\/\/bayareaworkerscomp.com\/es\/"},{"@type":"ListItem","position":2,"name":"Firma de Abogados para Accidentes en el \u00c1rea de la Salud en San Rafael"}]},{"@type":"WebSite","@id":"https:\/\/bayareaworkerscomp.com\/#website","url":"https:\/\/bayareaworkerscomp.com\/","name":"Hegwer Law","description":"California Workers Compensation Attorney","potentialAction":[{"@type":"SearchAction","target":{"@type":"EntryPoint","urlTemplate":"https:\/\/bayareaworkerscomp.com\/?s={search_term_string}"},"query-input":"required name=search_term_string"}],"inLanguage":"es"}]}},"_links":{"self":[{"href":"https:\/\/bayareaworkerscomp.com\/es\/wp-json\/wp\/v2\/pages\/477"}],"collection":[{"href":"https:\/\/bayareaworkerscomp.com\/es\/wp-json\/wp\/v2\/pages"}],"about":[{"href":"https:\/\/bayareaworkerscomp.com\/es\/wp-json\/wp\/v2\/types\/page"}],"author":[{"embeddable":true,"href":"https:\/\/bayareaworkerscomp.com\/es\/wp-json\/wp\/v2\/users\/1"}],"replies":[{"embeddable":true,"href":"https:\/\/bayareaworkerscomp.com\/es\/wp-json\/wp\/v2\/comments?post=477"}],"version-history":[{"count":2,"href":"https:\/\/bayareaworkerscomp.com\/es\/wp-json\/wp\/v2\/pages\/477\/revisions"}],"predecessor-version":[{"id":489,"href":"https:\/\/bayareaworkerscomp.com\/es\/wp-json\/wp\/v2\/pages\/477\/revisions\/489"}],"wp:attachment":[{"href":"https:\/\/bayareaworkerscomp.com\/es\/wp-json\/wp\/v2\/media?parent=477"}],"curies":[{"name":"wp","href":"https:\/\/api.w.org\/{rel}","templated":true}]}}