{"id":479,"date":"2019-07-25T05:44:11","date_gmt":"2019-07-25T05:44:11","guid":{"rendered":"https:\/\/bayareaworkerscomp.com\/?page_id=479"},"modified":"2019-07-25T05:44:11","modified_gmt":"2019-07-25T05:44:11","slug":"san-rafael-bufete-de-abogados-y-ayuda-a-los-empleados-del-area-hotelera-con-reclamaciones-de-compensacion","status":"publish","type":"page","link":"https:\/\/bayareaworkerscomp.com\/es\/san-rafael-bufete-de-abogados-y-ayuda-a-los-empleados-del-area-hotelera-con-reclamaciones-de-compensacion\/","title":{"rendered":"San Rafael bufete de abogados y ayuda a los empleados del \u00e1rea hotelera con reclamaciones de compensaci\u00f3n."},"content":{"rendered":"<p><iframe loading=\"lazy\" src=\"https:\/\/www.youtube.com\/embed\/ZcEn3rCN7JI\" width=\"450\" height=\"253\" frameborder=\"0\" allowfullscreen=\"allowfullscreen\"><\/iframe>Trabajadores de hosteler\u00eda se enfrentan a muchos riesgos de lesiones en el trabajo. En el estado de California, estos trabajadores pueden recibir una compensaci\u00f3n econ\u00f3mica por estos da\u00f1os. En la oficina legal de Daniel Hegwer, tenemos a\u00f1os de experiencia ayudando a las v\u00edctimas de accidentes en el \u00e1rea de la bah\u00eda, estos ganan los m\u00e1ximos beneficios para sus reclamos.<\/p>\n<p>En nuestros a\u00f1os de servicio legal, se nos han hecho muchas preguntas sobre la compensaci\u00f3n de los trabajadores en California. Estas son algunas de las preguntas frecuentes que o\u00edmos en nuestro bufete de abogados:<\/p>\n<ul>\n<li><a href=\"#link-1\">\u00bfC\u00f3mo pueden los empleados del \u00e1rea hotelera pedir unacompensaci\u00f3n de Trabajadores y como estos abogados me pueden ayudar con mi reclamaci\u00f3n?<\/a><\/li>\n<li><a href=\"#link-2\">\u00bfQu\u00e9 tipos de lesiones son elegibles para los trabajadores en la industria hotelera?<\/a><\/li>\n<li><a href=\"#link-3\">\u00bfCu\u00e1nto Trabajadores Abogados de Compensaci\u00f3n de costes en California?<\/a><\/li>\n<\/ul>\n<h2 id=\"link-1\">\u00bfC\u00f3mo pueden los empleados del \u00e1rea hotelera pedir unacompensaci\u00f3n de Trabajadores y como estos abogados me pueden ayudar con mi reclamaci\u00f3n?<\/h2>\n<p>Si fue da\u00f1ado en un accidente de trabajo, tal como uno en el sector de la hosteler\u00eda, a continuaci\u00f3n, usted tiene derechos. En el estado de California, usted tiene la opci\u00f3n de presentar un reclamo de compensaci\u00f3n de trabajadores. La contrataci\u00f3n de un abogado hace que el proceso de presentaci\u00f3n de la reclamaci\u00f3n sea menos estresante y aumenta las probabilidades de un resultado favorable.<\/p>\n<p>Un abogado trabajar\u00e1 duro para asegurarse de que la parte responsable se haga responsable de sus lesiones. Se seguir\u00e1n los procedimientos legales correctos, cumplir con los plazos importantes, y negociar con las compa\u00f1\u00edas de seguros en su nombre para maximizar sus beneficios.<\/p>\n<p>Un bufete de abogados de primer nivel el cual tambi\u00e9n est\u00e1 familiarizado con todas las etapas del litigio ante la Junta de Apelaciones de Compensaci\u00f3n de Trabajadores debe su caso llegue a eso. beneficios de los trabajadores experimentados abogados han representado con \u00e9xito muchos casos similares al suyo y sabr\u00e1n la mejor manera de obtener la compensaci\u00f3n que se merece.<\/p>\n<h2 id=\"link-2\">\u00bfQu\u00e9 tipos de lesiones son elegibles para los trabajadores en la industria hotelera?<\/h2>\n<p>Hay muchos tipos de lesiones que pueden ocurrir en un \u00e1mbito ocupacional. El sector de la hosteler\u00eda no es diferente. Estas son algunas de las lesiones que las v\u00edctimas de lesiones de hospitalidad pueden percibir una indemnizaci\u00f3n por la compensaci\u00f3n al trabajador:<\/p>\n<ul>\n<li>Fracturas, laceraci\u00f3n, torceduras, esguinces, quemaduras<\/li>\n<li>Qu\u00edmico o exposici\u00f3n t\u00f3xica<\/li>\n<li>Lesiones inducidas por el estr\u00e9s<\/li>\n<li>Los trastornos musculoesquel\u00e9ticos de los m\u00fasculos, nervios, tendones, o volver<\/li>\n<li>Resbalones y ca\u00eddas<\/li>\n<\/ul>\n<p>Esta lista no est\u00e1 limitada. Si usted ha sufrido una lesi\u00f3n como empleado o empleada de un hotel de la hospitalidad, entonces usted podr\u00eda tener motivos para un reclamo de compensaci\u00f3n de trabajadores. P\u00f3ngase en contacto con un abogado experto de la Oficina de Derecho de Daniel Hegwer para discutir sus opciones de elegibilidad y legales tan pronto como sea posible despu\u00e9s del incidente.<\/p>\n<h3 id=\"link-3\">\u00bfCu\u00e1nto Trabajadores Abogados de Compensaci\u00f3n de costes en California?<\/h3>\n<p>Cada oficina de la ley es diferente cuando se trata de las tasas de casos de compensaci\u00f3n de trabajadores. Es crucial que hable de pago antes de decidirse por un bufete de abogados para representar a la afirmaci\u00f3n de su trabajador de California. Haga preguntas acerca de los honorarios del abogado en su consulta inicial. Un buen abogado ser\u00e1 abierto y honesto acerca de lo que cobran.<\/p>\n<h3>\u00a1P\u00f3ngase en contacto con bufete de abogados de Compensaci\u00f3n Nuestro San Rafael Trabajadores para los empleados hoteleros para aprender m\u00e1s!<\/h3>\n<p>Si usted fue v\u00edctima de un accidente de hotel o hospitalidad industria, entonces usted podr\u00eda tener motivos para un reclamo de compensaci\u00f3n de trabajadores. Es importante que se act\u00faa r\u00e1pidamente despu\u00e9s del incidente para asegurar la mejor oportunidad de la m\u00e1xima compensaci\u00f3n por sus lesiones. Hablar con un abogado beneficios del lugar de trabajo experimentado y calificado para discutir sus opciones legales.<\/p>\n<p>Ll\u00e1menos al (415) 448-5107 hoy. Ofrecemos consultas gratuitas y ofrecer a nuestros clientes servicios legales honesto, asequibles, y estamos listos para que lo represente.<\/p>\n","protected":false},"excerpt":{"rendered":"<p>Trabajadores de hosteler\u00eda se enfrentan a muchos riesgos de lesiones en el trabajo. En el estado de California, estos trabajadores pueden recibir una compensaci\u00f3n econ\u00f3mica por estos da\u00f1os. En la oficina legal de Daniel Hegwer, tenemos a\u00f1os de experiencia ayudando a las v\u00edctimas de accidentes en el \u00e1rea de la bah\u00eda, estos ganan los m\u00e1ximos [&hellip;]<\/p>\n","protected":false},"author":1,"featured_media":0,"parent":0,"menu_order":0,"comment_status":"closed","ping_status":"closed","template":"","meta":{"_genesis_hide_title":false,"_genesis_hide_breadcrumbs":false,"_genesis_hide_singular_image":false,"_genesis_hide_footer_widgets":false,"_genesis_custom_body_class":"","_genesis_custom_post_class":"","_genesis_layout":""},"yoast_head":"<!-- This site is optimized with the Yoast SEO plugin v21.1 - https:\/\/yoast.com\/wordpress\/plugins\/seo\/ -->\n<title>San Rafael Abogado de compensaci\u00f3n de Trabajadores hoteleros | Oficina de Derecho de Daniel Hegwer<\/title>\n<meta name=\"description\" content=\"Si usted es un empleado del \u00e1rea hotelera que se lesion\u00f3 en el trabajo, Nuestro bufete de abogados de San Rafael lo ayudara a luchar para obtener los beneficios de compensaci\u00f3n a los obradores. \u00a1Llama ahora! (415) 448-5107\" \/>\n<meta name=\"robots\" content=\"index, follow, max-snippet:-1, max-image-preview:large, max-video-preview:-1\" \/>\n<meta property=\"og:locale\" content=\"es_ES\" \/>\n<meta property=\"og:type\" content=\"article\" \/>\n<meta property=\"og:title\" content=\"San Rafael Abogado de compensaci\u00f3n de Trabajadores hoteleros | Oficina de Derecho de Daniel Hegwer\" \/>\n<meta property=\"og:description\" content=\"Si usted es un empleado del \u00e1rea hotelera que se lesion\u00f3 en el trabajo, Nuestro bufete de abogados de San Rafael lo ayudara a luchar para obtener los beneficios de compensaci\u00f3n a los obradores. \u00a1Llama ahora! (415) 448-5107\" \/>\n<meta property=\"og:url\" content=\"https:\/\/bayareaworkerscomp.com\/es\/san-rafael-bufete-de-abogados-y-ayuda-a-los-empleados-del-area-hotelera-con-reclamaciones-de-compensacion\/\" \/>\n<meta property=\"og:site_name\" content=\"Hegwer Law\" \/>\n<meta name=\"twitter:card\" content=\"summary_large_image\" \/>\n<meta name=\"twitter:label1\" content=\"Tiempo de lectura\" \/>\n\t<meta name=\"twitter:data1\" content=\"4 minutos\" \/>\n<!-- \/ Yoast SEO plugin. -->","yoast_head_json":{"title":"San Rafael Abogado de compensaci\u00f3n de Trabajadores hoteleros | Oficina de Derecho de Daniel Hegwer","description":"Si usted es un empleado del \u00e1rea hotelera que se lesion\u00f3 en el trabajo, Nuestro bufete de abogados de San Rafael lo ayudara a luchar para obtener los beneficios de compensaci\u00f3n a los obradores. \u00a1Llama ahora! (415) 448-5107","robots":{"index":"index","follow":"follow","max-snippet":"max-snippet:-1","max-image-preview":"max-image-preview:large","max-video-preview":"max-video-preview:-1"},"og_locale":"es_ES","og_type":"article","og_title":"San Rafael Abogado de compensaci\u00f3n de Trabajadores hoteleros | Oficina de Derecho de Daniel Hegwer","og_description":"Si usted es un empleado del \u00e1rea hotelera que se lesion\u00f3 en el trabajo, Nuestro bufete de abogados de San Rafael lo ayudara a luchar para obtener los beneficios de compensaci\u00f3n a los obradores. \u00a1Llama ahora! (415) 448-5107","og_url":"https:\/\/bayareaworkerscomp.com\/es\/san-rafael-bufete-de-abogados-y-ayuda-a-los-empleados-del-area-hotelera-con-reclamaciones-de-compensacion\/","og_site_name":"Hegwer Law","twitter_card":"summary_large_image","twitter_misc":{"Tiempo de lectura":"4 minutos"},"schema":{"@context":"https:\/\/schema.org","@graph":[{"@type":"WebPage","@id":"https:\/\/bayareaworkerscomp.com\/es\/san-rafael-bufete-de-abogados-y-ayuda-a-los-empleados-del-area-hotelera-con-reclamaciones-de-compensacion\/","url":"https:\/\/bayareaworkerscomp.com\/es\/san-rafael-bufete-de-abogados-y-ayuda-a-los-empleados-del-area-hotelera-con-reclamaciones-de-compensacion\/","name":"San Rafael Abogado de compensaci\u00f3n de Trabajadores hoteleros | Oficina de Derecho de Daniel Hegwer","isPartOf":{"@id":"https:\/\/bayareaworkerscomp.com\/#website"},"datePublished":"2019-07-25T05:44:11+00:00","dateModified":"2019-07-25T05:44:11+00:00","description":"Si usted es un empleado del \u00e1rea hotelera que se lesion\u00f3 en el trabajo, Nuestro bufete de abogados de San Rafael lo ayudara a luchar para obtener los beneficios de compensaci\u00f3n a los obradores. \u00a1Llama ahora! (415) 448-5107","breadcrumb":{"@id":"https:\/\/bayareaworkerscomp.com\/es\/san-rafael-bufete-de-abogados-y-ayuda-a-los-empleados-del-area-hotelera-con-reclamaciones-de-compensacion\/#breadcrumb"},"inLanguage":"es","potentialAction":[{"@type":"ReadAction","target":["https:\/\/bayareaworkerscomp.com\/es\/san-rafael-bufete-de-abogados-y-ayuda-a-los-empleados-del-area-hotelera-con-reclamaciones-de-compensacion\/"]}]},{"@type":"BreadcrumbList","@id":"https:\/\/bayareaworkerscomp.com\/es\/san-rafael-bufete-de-abogados-y-ayuda-a-los-empleados-del-area-hotelera-con-reclamaciones-de-compensacion\/#breadcrumb","itemListElement":[{"@type":"ListItem","position":1,"name":"Home","item":"https:\/\/bayareaworkerscomp.com\/es\/"},{"@type":"ListItem","position":2,"name":"San Rafael bufete de abogados y ayuda a los empleados del \u00e1rea hotelera con reclamaciones de compensaci\u00f3n."}]},{"@type":"WebSite","@id":"https:\/\/bayareaworkerscomp.com\/#website","url":"https:\/\/bayareaworkerscomp.com\/","name":"Hegwer Law","description":"California Workers Compensation Attorney","potentialAction":[{"@type":"SearchAction","target":{"@type":"EntryPoint","urlTemplate":"https:\/\/bayareaworkerscomp.com\/?s={search_term_string}"},"query-input":"required name=search_term_string"}],"inLanguage":"es"}]}},"_links":{"self":[{"href":"https:\/\/bayareaworkerscomp.com\/es\/wp-json\/wp\/v2\/pages\/479"}],"collection":[{"href":"https:\/\/bayareaworkerscomp.com\/es\/wp-json\/wp\/v2\/pages"}],"about":[{"href":"https:\/\/bayareaworkerscomp.com\/es\/wp-json\/wp\/v2\/types\/page"}],"author":[{"embeddable":true,"href":"https:\/\/bayareaworkerscomp.com\/es\/wp-json\/wp\/v2\/users\/1"}],"replies":[{"embeddable":true,"href":"https:\/\/bayareaworkerscomp.com\/es\/wp-json\/wp\/v2\/comments?post=479"}],"version-history":[{"count":1,"href":"https:\/\/bayareaworkerscomp.com\/es\/wp-json\/wp\/v2\/pages\/479\/revisions"}],"predecessor-version":[{"id":480,"href":"https:\/\/bayareaworkerscomp.com\/es\/wp-json\/wp\/v2\/pages\/479\/revisions\/480"}],"wp:attachment":[{"href":"https:\/\/bayareaworkerscomp.com\/es\/wp-json\/wp\/v2\/media?parent=479"}],"curies":[{"name":"wp","href":"https:\/\/api.w.org\/{rel}","templated":true}]}}