{"id":481,"date":"2019-07-25T05:51:55","date_gmt":"2019-07-25T05:51:55","guid":{"rendered":"https:\/\/bayareaworkerscomp.com\/?page_id=481"},"modified":"2019-07-25T05:51:55","modified_gmt":"2019-07-25T05:51:55","slug":"compensacion-para-trabajadores-de-la-industria-de-manufactura","status":"publish","type":"page","link":"https:\/\/bayareaworkerscomp.com\/es\/compensacion-para-trabajadores-de-la-industria-de-manufactura\/","title":{"rendered":"\u00b4Compensaci\u00f3n para Trabajadores de la industria de Manufactura&#8217;"},"content":{"rendered":"<p><iframe loading=\"lazy\" src=\"https:\/\/www.youtube.com\/embed\/3vFVYoNM0uc\" width=\"450\" height=\"253\" frameborder=\"0\" allowfullscreen=\"allowfullscreen\"><\/iframe>En California, los empleados que se han sido lesionados en el trabajo tienen derecho a ciertos derechos legales y compensaciones. Cuando los empleados de fabricaci\u00f3n est\u00e1n lesionados y se les niega la compensaci\u00f3n que se merecen, pueden luchar con la ayuda de un abogado de lesiones de mayor audiencia.<\/p>\n<p>En nuestro bufete de abogados del condado de Marin, nos hemos dedicado a ayudar a los trabajadores de fabrica obtener la compensaci\u00f3n que necesitan para sus lesiones. Las lesiones en el trabajo pueden conducir a facturas m\u00e9dicas costosas, p\u00e9rdida de ingresos y otros gastos relacionados con el accidente.<\/p>\n<p>En la oficina legal de Daniel Hegwer, a menudo nos preguntamos acerca de la fabricaci\u00f3n de las lesiones de las plantas. Aqu\u00ed est\u00e1n algunos que o\u00edmos con frecuencia<\/p>\n<ul>\n<li><a href=\"#link-1\">\u00bfC\u00f3mo puede un abogado en lesiones de trabajares de fabrica ayudarme con un reclamo de compensaci\u00f3n?<\/a><\/li>\n<li><a href=\"#link-2\">\u00bfC\u00f3mo un abogado de compensaci\u00f3n de Trabajadores de Manufactura puede ayudarme a pedir una compensaci\u00f3n?<\/a><\/li>\n<li><a href=\"#link-3\">\u00bfQu\u00e9 da\u00f1os puede unAbogado encompensaci\u00f3n de Trabajadores del \u00e1rea de Manufactura ayudarme a recuperar?<\/a><\/li>\n<\/ul>\n<h2 id=\"link-1\">\u00bfC\u00f3mo puede un abogado en lesiones de trabajares de fabrica ayudarme con un reclamo de compensaci\u00f3n?<\/h2>\n<p>Los accidentes de trabajo graves como las que se producen en las f\u00e1bricas tienen el potencial de afectar a la v\u00edctima por el resto de su vida. atenci\u00f3n m\u00e9dica costosa, rehabilitaci\u00f3n, salarios perdidos, y la incapacidad permanente pueden dar como resultado de accidentes de trabajo. Es importante que usted persigue la m\u00e1xima compensaci\u00f3n tan pronto como sea posible en estas incidencias para asegurarse de tener suficientes fondos para cubrir estos costos significativos.<\/p>\n<p>Abogado de Compensaci\u00f3n de Trabajadores de Manufactura del condado de Marin tienen a\u00f1os de experiencia ayudando a los trabajadores lesionados reciban los beneficios que se merecen. Ellos saben c\u00f3mo navegar el sistema legal complicado, cumplir con los plazos espec\u00edficos, de manera agresiva abogan por sus derechos, y con \u00e9xito negociar con las compa\u00f1\u00edas de seguros. Trabajar con un abogado de accidentes cualificado que conf\u00eda asegurar\u00e1 la mejor oportunidad de un resultado exitoso en su caso.<\/p>\n<h2 id=\"link-2\">\u00bfC\u00f3mo un abogado de compensaci\u00f3n de Trabajadores de Manufactura puede ayudarme a pedir una compensaci\u00f3n?<\/h2>\n<p>Hay muchos tipos de accidentes que pueden ocurrir en un ajuste de f\u00e1brica. La naturaleza del trabajo que los empleados est\u00e1n expuestos a puede ser muy peligroso.<\/p>\n<p>Desde mal funcionamiento del equipo a condiciones de trabajo inseguras, el trabajo de f\u00e1brica plantea una serie de amenazas a los empleados. Estas son algunas de las lesiones que se producen en la fabricaci\u00f3n que podr\u00edan calificar para los trabajadores; <\/p>\n<ul>\n<li>Accidentes de montacargas<\/li>\n<li>Accidentes de cinta transportadora<\/li>\n<li>Dedos amputados y extremidades<\/li>\n<li>Resbalones y ca\u00eddas<\/li>\n<li>Las lesiones de espalda<\/li>\n<li>La inhalaci\u00f3n de productos qu\u00edmicos, asbestos, o polvo nocivo<\/li>\n<\/ul>\n<h3 id=\"link-3\">\u00bfQu\u00e9 da\u00f1os puede unAbogado encompensaci\u00f3n de Trabajadores del \u00e1rea de Manufactura ayudarme a recuperar?<\/h3>\n<p>Los gastos en un caso de lesiones del lugar de trabajo pueden sumar r\u00e1pidamente. los costos de atenci\u00f3n m\u00e9dica y las facturas del hospital, p\u00e9rdida de ingresos o salarios futuros, rehabilitaci\u00f3n y otros gastos financieros potencialmente pueden ser recuperados en un reclamo de compensaci\u00f3n de trabajadores.<\/p>\n<p>En algunos casos, cuando la compa\u00f1\u00eda de seguros se niega a pagar lo suficiente para cubrir sus gastos, un abogado experimentado puede presentar el caso a la Junta de Apelaciones de Compensaci\u00f3n de los Trabajadores. Es importante trabajar con un bufete de abogados de accidentes premiada que ha representado con \u00e9xito a una lesi\u00f3n de fabricaci\u00f3n afirma similar a la suya para asegurar la mejor oportunidad de compensaci\u00f3n m\u00e1xima.<\/p>\n<h3>\u00a1Nuestro contacto con la Oficina de Derecho de fabricaci\u00f3n Accidente en San Rafael, CA para saber m\u00e1s!<\/h3>\n<p>Si usted ha sido v\u00edctima de un accidente de trabajo de fabricaci\u00f3n, debe proteger sus derechos. Llame a un abogado de accidentes de los trabajadores experimentados para perseguir a los beneficios que se merece. La oficina legal de Daniel Hegwer ofrece una representaci\u00f3n agresiva mientras que proporciona asesoramiento legal honesto, y estamos listos para ayudarle a recuperarse econ\u00f3micamente de su accidente.<\/p>\n<p>Ll\u00e1menos al (415) 448-5107. \u00a1Queremos ayudarle con una consulta gratis!<\/p>\n","protected":false},"excerpt":{"rendered":"<p>En California, los empleados que se han sido lesionados en el trabajo tienen derecho a ciertos derechos legales y compensaciones. Cuando los empleados de fabricaci\u00f3n est\u00e1n lesionados y se les niega la compensaci\u00f3n que se merecen, pueden luchar con la ayuda de un abogado de lesiones de mayor audiencia. En nuestro bufete de abogados del [&hellip;]<\/p>\n","protected":false},"author":1,"featured_media":0,"parent":0,"menu_order":0,"comment_status":"closed","ping_status":"closed","template":"","meta":{"_genesis_hide_title":false,"_genesis_hide_breadcrumbs":false,"_genesis_hide_singular_image":false,"_genesis_hide_footer_widgets":false,"_genesis_custom_body_class":"","_genesis_custom_post_class":"","_genesis_layout":""},"yoast_head":"<!-- This site is optimized with the Yoast SEO plugin v21.1 - https:\/\/yoast.com\/wordpress\/plugins\/seo\/ -->\n<title>San Rafael Abogado de Compensaci\u00f3n de Trabajadores de Manufactura | Oficina de Derecho de Daniel Hegwer<\/title>\n<meta name=\"description\" content=\"Si usted ha sufrido una lesi\u00f3n relacionada con el trabajo de fabricaci\u00f3n, nuestros abogados van a luchar para obtener los beneficios de compensaci\u00f3n de trabajadores que se merece. \u00a1Llama ahora! (415) 448-5107\" \/>\n<meta name=\"robots\" content=\"index, follow, max-snippet:-1, max-image-preview:large, max-video-preview:-1\" \/>\n<meta property=\"og:locale\" content=\"es_ES\" \/>\n<meta property=\"og:type\" content=\"article\" \/>\n<meta property=\"og:title\" content=\"San Rafael Abogado de Compensaci\u00f3n de Trabajadores de Manufactura | Oficina de Derecho de Daniel Hegwer\" \/>\n<meta property=\"og:description\" content=\"Si usted ha sufrido una lesi\u00f3n relacionada con el trabajo de fabricaci\u00f3n, nuestros abogados van a luchar para obtener los beneficios de compensaci\u00f3n de trabajadores que se merece. \u00a1Llama ahora! (415) 448-5107\" \/>\n<meta property=\"og:url\" content=\"https:\/\/bayareaworkerscomp.com\/es\/compensacion-para-trabajadores-de-la-industria-de-manufactura\/\" \/>\n<meta property=\"og:site_name\" content=\"Hegwer Law\" \/>\n<meta name=\"twitter:card\" content=\"summary_large_image\" \/>\n<meta name=\"twitter:label1\" content=\"Tiempo de lectura\" \/>\n\t<meta name=\"twitter:data1\" content=\"4 minutos\" \/>\n<!-- \/ Yoast SEO plugin. -->","yoast_head_json":{"title":"San Rafael Abogado de Compensaci\u00f3n de Trabajadores de Manufactura | Oficina de Derecho de Daniel Hegwer","description":"Si usted ha sufrido una lesi\u00f3n relacionada con el trabajo de fabricaci\u00f3n, nuestros abogados van a luchar para obtener los beneficios de compensaci\u00f3n de trabajadores que se merece. \u00a1Llama ahora! (415) 448-5107","robots":{"index":"index","follow":"follow","max-snippet":"max-snippet:-1","max-image-preview":"max-image-preview:large","max-video-preview":"max-video-preview:-1"},"og_locale":"es_ES","og_type":"article","og_title":"San Rafael Abogado de Compensaci\u00f3n de Trabajadores de Manufactura | Oficina de Derecho de Daniel Hegwer","og_description":"Si usted ha sufrido una lesi\u00f3n relacionada con el trabajo de fabricaci\u00f3n, nuestros abogados van a luchar para obtener los beneficios de compensaci\u00f3n de trabajadores que se merece. \u00a1Llama ahora! (415) 448-5107","og_url":"https:\/\/bayareaworkerscomp.com\/es\/compensacion-para-trabajadores-de-la-industria-de-manufactura\/","og_site_name":"Hegwer Law","twitter_card":"summary_large_image","twitter_misc":{"Tiempo de lectura":"4 minutos"},"schema":{"@context":"https:\/\/schema.org","@graph":[{"@type":"WebPage","@id":"https:\/\/bayareaworkerscomp.com\/es\/compensacion-para-trabajadores-de-la-industria-de-manufactura\/","url":"https:\/\/bayareaworkerscomp.com\/es\/compensacion-para-trabajadores-de-la-industria-de-manufactura\/","name":"San Rafael Abogado de Compensaci\u00f3n de Trabajadores de Manufactura | Oficina de Derecho de Daniel Hegwer","isPartOf":{"@id":"https:\/\/bayareaworkerscomp.com\/#website"},"datePublished":"2019-07-25T05:51:55+00:00","dateModified":"2019-07-25T05:51:55+00:00","description":"Si usted ha sufrido una lesi\u00f3n relacionada con el trabajo de fabricaci\u00f3n, nuestros abogados van a luchar para obtener los beneficios de compensaci\u00f3n de trabajadores que se merece. \u00a1Llama ahora! (415) 448-5107","breadcrumb":{"@id":"https:\/\/bayareaworkerscomp.com\/es\/compensacion-para-trabajadores-de-la-industria-de-manufactura\/#breadcrumb"},"inLanguage":"es","potentialAction":[{"@type":"ReadAction","target":["https:\/\/bayareaworkerscomp.com\/es\/compensacion-para-trabajadores-de-la-industria-de-manufactura\/"]}]},{"@type":"BreadcrumbList","@id":"https:\/\/bayareaworkerscomp.com\/es\/compensacion-para-trabajadores-de-la-industria-de-manufactura\/#breadcrumb","itemListElement":[{"@type":"ListItem","position":1,"name":"Home","item":"https:\/\/bayareaworkerscomp.com\/es\/"},{"@type":"ListItem","position":2,"name":"\u00b4Compensaci\u00f3n para Trabajadores de la industria de Manufactura&#8217;"}]},{"@type":"WebSite","@id":"https:\/\/bayareaworkerscomp.com\/#website","url":"https:\/\/bayareaworkerscomp.com\/","name":"Hegwer Law","description":"California Workers Compensation Attorney","potentialAction":[{"@type":"SearchAction","target":{"@type":"EntryPoint","urlTemplate":"https:\/\/bayareaworkerscomp.com\/?s={search_term_string}"},"query-input":"required name=search_term_string"}],"inLanguage":"es"}]}},"_links":{"self":[{"href":"https:\/\/bayareaworkerscomp.com\/es\/wp-json\/wp\/v2\/pages\/481"}],"collection":[{"href":"https:\/\/bayareaworkerscomp.com\/es\/wp-json\/wp\/v2\/pages"}],"about":[{"href":"https:\/\/bayareaworkerscomp.com\/es\/wp-json\/wp\/v2\/types\/page"}],"author":[{"embeddable":true,"href":"https:\/\/bayareaworkerscomp.com\/es\/wp-json\/wp\/v2\/users\/1"}],"replies":[{"embeddable":true,"href":"https:\/\/bayareaworkerscomp.com\/es\/wp-json\/wp\/v2\/comments?post=481"}],"version-history":[{"count":1,"href":"https:\/\/bayareaworkerscomp.com\/es\/wp-json\/wp\/v2\/pages\/481\/revisions"}],"predecessor-version":[{"id":482,"href":"https:\/\/bayareaworkerscomp.com\/es\/wp-json\/wp\/v2\/pages\/481\/revisions\/482"}],"wp:attachment":[{"href":"https:\/\/bayareaworkerscomp.com\/es\/wp-json\/wp\/v2\/media?parent=481"}],"curies":[{"name":"wp","href":"https:\/\/api.w.org\/{rel}","templated":true}]}}