{"id":483,"date":"2019-07-25T05:59:47","date_gmt":"2019-07-25T05:59:47","guid":{"rendered":"https:\/\/bayareaworkerscomp.com\/?page_id=483"},"modified":"2019-07-25T05:59:47","modified_gmt":"2019-07-25T05:59:47","slug":"bufete-de-abogados-en-compensacion-de-trabajares-de-oficina-para-conseguir-la-remuneracion-maxima","status":"publish","type":"page","link":"https:\/\/bayareaworkerscomp.com\/es\/bufete-de-abogados-en-compensacion-de-trabajares-de-oficina-para-conseguir-la-remuneracion-maxima\/","title":{"rendered":"Bufete de abogados en compensaci\u00f3n de trabajares de oficina para conseguir la remuneraci\u00f3n m\u00e1xima"},"content":{"rendered":"<p><iframe loading=\"lazy\" src=\"https:\/\/www.youtube.com\/embed\/qcLYExIJkaU\" width=\"450\" height=\"253\" frameborder=\"0\" allowfullscreen=\"allowfullscreen\"><\/iframe>Los entornos en el trabajo de oficina podr\u00edan ser menos peligrosos que otros trabajos en la superficie, pero son propensos a los accidentes de trabajo, tambi\u00e9n. Hay una serie de accidentes que pueden ocurrir en un entorno de oficina y los trabajadores que sufren de ellos tienen derecho a una indemnizaci\u00f3n. En California, los empleados de oficina pueden presentar para la compensaci\u00f3n de los trabajadores de una indemnizaci\u00f3n por sus gastos.<\/p>\n<p>En la oficina legal de Daniel Hegwer nuestro objetivo principal es ayudar a las v\u00edctimas de accidentes de trabajo con reclamos de compensaci\u00f3n de sus trabajadores. Con los a\u00f1os, nos han pedido muchas preguntas acerca de los accidentes de trabajo.<\/p>\n<p>\u00c9stos son algunos de los m\u00e1s frecuentes que nos preguntan en nuestro bufete de abogados de los derechos de los empleados:<\/p>\n<ul>\n<li><a href=\"#link-1\">\u00bfQu\u00e9 pueden hacer los abogados de compensaci\u00f3n de trabajadores de oficina en Lesiones para ayudarme a pedir una compensaci\u00f3n?<\/a><\/li>\n<li><a href=\"#link-2\">\u00bfQu\u00e9 tipos de accidentes dentro de una oficina califican para una Compensaci\u00f3n?<\/a><\/li>\n<\/ul>\n<h2 id=\"link-1\">\u00bfQu\u00e9 pueden hacer los abogados de compensaci\u00f3n de trabajadores de oficina en Lesiones para ayudarme a pedir una compensaci\u00f3n?<\/h2>\n<p>Cuando usted ha sido lesionado en el trabajo, entonces usted podr\u00eda tener derecho a una compensaci\u00f3n econ\u00f3mica.  Nuestro bufete de abogados de compensaci\u00f3n del trabajador es responsable de evaluar su situaci\u00f3n y determinar la parte responsable.<\/p>\n<p>Una vez que se determina la elegibilidad, el abogado se pondr\u00e1 a trabajar asegur\u00e1ndose de presentar toda la documentaci\u00f3n adecuada, cumplir con los plazos espec\u00edficos y requisitos de informaci\u00f3n, y seguir todos los procedimientos legales para su reclamo. Una de las cosas m\u00e1s importantes que su abogado \u00c1rea de la Bah\u00eda har\u00e1 por usted es negociar con las compa\u00f1\u00edas de seguros.<\/p>\n<p>Por desgracia, muchas compa\u00f1\u00edas de seguros intentar\u00e1n aprovecharse de las v\u00edctimas de accidentes de trabajo, ofreciendo mucho menos que la persona merece o incluso negar la reclamaci\u00f3n por completo. Es crucial tener un abogado a su lado en estas situaciones que entiende c\u00f3mo trabajar con las compa\u00f1\u00edas de seguros para asegurarse de recibir una compensaci\u00f3n justa.<\/p>\n<h2 id=\"link-2\">\u00bfQu\u00e9 tipos de accidentes dentro de una oficina califican para una Compensaci\u00f3n?<\/h2>\n<p>Cuando se trabaja en un trabajo de cuello blanco, entonces hay ciertas lesiones que son comunes. Sin embargo, estos no son los \u00fanicos tipos de lesiones que pueden ocurrir en este ambiente de trabajo:<\/p>\n<ul>\n<li>Resbalones y ca\u00eddas<\/li>\n<li>S\u00edndrome del t\u00fanel carpiano<\/li>\n<li>S\u00edndrome de la salida tor\u00e1cica<\/li>\n<li>Lesiones repetitivas<\/li>\n<\/ul>\n<p>Los costos del cuidado de este tipo de lesiones de la oficina no deben salir del bolsillo del empleado. Si usted es v\u00edctima de un accidente de trabajo o lesiones, a continuaci\u00f3n, ponerse en contacto con el abogado de compensaci\u00f3n al trabajador cualificado para hablar sobre su elegibilidad y opciones legales.<\/p>\n<h3>\u00a1Si usted ha sido herido mientras trabajaba en una oficina, contacte con la Firma de San Rafael Trabajadores Ley y Compensaci\u00f3nHoy!<\/h3>\n<p>Si usted se encuentra frente facturas m\u00e9dicas graves, p\u00e9rdida de ingresos, u otras cargas financieras de un accidente de trabajo, entonces usted podr\u00eda ser elegible para una compensaci\u00f3n econ\u00f3mica. Es crucial que actuar con rapidez despu\u00e9s de estos incidentes para asegurar la mejor oportunidad de un resultado exitoso para su reclamo.<\/p>\n<p>Nuestros experimentados y profesionales del derecho en la oficina legal de Daniel Hegwer centran espec\u00edficamente en los casos de compensaci\u00f3n de trabajadores por lo que podemos ofrecer la mejor representaci\u00f3n posible para su reclamo. Ofrecemos asesoramiento honesto legal, representaci\u00f3n agresiva, litigios de primera categor\u00eda, y la negociaci\u00f3n firme. Estamos listos para ayudarle a obtener la compensaci\u00f3n total que se merece por sus lesiones.<\/p>\n<p>Ll\u00e1menos al (415) 448-5107 hoy para programar su consulta gratuita con uno de los bufetes de abogados de compensaci\u00f3n de los mejores de los trabajadores en el \u00e1rea de la bah\u00eda.<\/p>\n","protected":false},"excerpt":{"rendered":"<p>Los entornos en el trabajo de oficina podr\u00edan ser menos peligrosos que otros trabajos en la superficie, pero son propensos a los accidentes de trabajo, tambi\u00e9n. Hay una serie de accidentes que pueden ocurrir en un entorno de oficina y los trabajadores que sufren de ellos tienen derecho a una indemnizaci\u00f3n. En California, los empleados [&hellip;]<\/p>\n","protected":false},"author":1,"featured_media":0,"parent":0,"menu_order":0,"comment_status":"closed","ping_status":"closed","template":"","meta":{"_genesis_hide_title":false,"_genesis_hide_breadcrumbs":false,"_genesis_hide_singular_image":false,"_genesis_hide_footer_widgets":false,"_genesis_custom_body_class":"","_genesis_custom_post_class":"","_genesis_layout":""},"yoast_head":"<!-- This site is optimized with the Yoast SEO plugin v21.1 - https:\/\/yoast.com\/wordpress\/plugins\/seo\/ -->\n<title>San Rafael abogado de compensaci\u00f3n de trabajadores de oficina Lesiones | Oficina de Derecho de Daniel Hegwer<\/title>\n<meta name=\"description\" content=\"Nuestro bufete de abogados empleados ayuda de la oficina de San Rafael que han sido lesionados en el trabajo reciben la cantidad m\u00e1xima de beneficios de compensaci\u00f3n de trabajadores. \u00a1Ll\u00e1menos! (415) 448-5107\" \/>\n<meta name=\"robots\" content=\"index, follow, max-snippet:-1, max-image-preview:large, max-video-preview:-1\" \/>\n<meta property=\"og:locale\" content=\"es_ES\" \/>\n<meta property=\"og:type\" content=\"article\" \/>\n<meta property=\"og:title\" content=\"San Rafael abogado de compensaci\u00f3n de trabajadores de oficina Lesiones | Oficina de Derecho de Daniel Hegwer\" \/>\n<meta property=\"og:description\" content=\"Nuestro bufete de abogados empleados ayuda de la oficina de San Rafael que han sido lesionados en el trabajo reciben la cantidad m\u00e1xima de beneficios de compensaci\u00f3n de trabajadores. \u00a1Ll\u00e1menos! (415) 448-5107\" \/>\n<meta property=\"og:url\" content=\"https:\/\/bayareaworkerscomp.com\/es\/bufete-de-abogados-en-compensacion-de-trabajares-de-oficina-para-conseguir-la-remuneracion-maxima\/\" \/>\n<meta property=\"og:site_name\" content=\"Hegwer Law\" \/>\n<meta name=\"twitter:card\" content=\"summary_large_image\" \/>\n<meta name=\"twitter:label1\" content=\"Tiempo de lectura\" \/>\n\t<meta name=\"twitter:data1\" content=\"3 minutos\" \/>\n<!-- \/ Yoast SEO plugin. -->","yoast_head_json":{"title":"San Rafael abogado de compensaci\u00f3n de trabajadores de oficina Lesiones | Oficina de Derecho de Daniel Hegwer","description":"Nuestro bufete de abogados empleados ayuda de la oficina de San Rafael que han sido lesionados en el trabajo reciben la cantidad m\u00e1xima de beneficios de compensaci\u00f3n de trabajadores. \u00a1Ll\u00e1menos! (415) 448-5107","robots":{"index":"index","follow":"follow","max-snippet":"max-snippet:-1","max-image-preview":"max-image-preview:large","max-video-preview":"max-video-preview:-1"},"og_locale":"es_ES","og_type":"article","og_title":"San Rafael abogado de compensaci\u00f3n de trabajadores de oficina Lesiones | Oficina de Derecho de Daniel Hegwer","og_description":"Nuestro bufete de abogados empleados ayuda de la oficina de San Rafael que han sido lesionados en el trabajo reciben la cantidad m\u00e1xima de beneficios de compensaci\u00f3n de trabajadores. \u00a1Ll\u00e1menos! (415) 448-5107","og_url":"https:\/\/bayareaworkerscomp.com\/es\/bufete-de-abogados-en-compensacion-de-trabajares-de-oficina-para-conseguir-la-remuneracion-maxima\/","og_site_name":"Hegwer Law","twitter_card":"summary_large_image","twitter_misc":{"Tiempo de lectura":"3 minutos"},"schema":{"@context":"https:\/\/schema.org","@graph":[{"@type":"WebPage","@id":"https:\/\/bayareaworkerscomp.com\/es\/bufete-de-abogados-en-compensacion-de-trabajares-de-oficina-para-conseguir-la-remuneracion-maxima\/","url":"https:\/\/bayareaworkerscomp.com\/es\/bufete-de-abogados-en-compensacion-de-trabajares-de-oficina-para-conseguir-la-remuneracion-maxima\/","name":"San Rafael abogado de compensaci\u00f3n de trabajadores de oficina Lesiones | Oficina de Derecho de Daniel Hegwer","isPartOf":{"@id":"https:\/\/bayareaworkerscomp.com\/#website"},"datePublished":"2019-07-25T05:59:47+00:00","dateModified":"2019-07-25T05:59:47+00:00","description":"Nuestro bufete de abogados empleados ayuda de la oficina de San Rafael que han sido lesionados en el trabajo reciben la cantidad m\u00e1xima de beneficios de compensaci\u00f3n de trabajadores. \u00a1Ll\u00e1menos! (415) 448-5107","breadcrumb":{"@id":"https:\/\/bayareaworkerscomp.com\/es\/bufete-de-abogados-en-compensacion-de-trabajares-de-oficina-para-conseguir-la-remuneracion-maxima\/#breadcrumb"},"inLanguage":"es","potentialAction":[{"@type":"ReadAction","target":["https:\/\/bayareaworkerscomp.com\/es\/bufete-de-abogados-en-compensacion-de-trabajares-de-oficina-para-conseguir-la-remuneracion-maxima\/"]}]},{"@type":"BreadcrumbList","@id":"https:\/\/bayareaworkerscomp.com\/es\/bufete-de-abogados-en-compensacion-de-trabajares-de-oficina-para-conseguir-la-remuneracion-maxima\/#breadcrumb","itemListElement":[{"@type":"ListItem","position":1,"name":"Home","item":"https:\/\/bayareaworkerscomp.com\/es\/"},{"@type":"ListItem","position":2,"name":"Bufete de abogados en compensaci\u00f3n de trabajares de oficina para conseguir la remuneraci\u00f3n m\u00e1xima"}]},{"@type":"WebSite","@id":"https:\/\/bayareaworkerscomp.com\/#website","url":"https:\/\/bayareaworkerscomp.com\/","name":"Hegwer Law","description":"California Workers Compensation Attorney","potentialAction":[{"@type":"SearchAction","target":{"@type":"EntryPoint","urlTemplate":"https:\/\/bayareaworkerscomp.com\/?s={search_term_string}"},"query-input":"required name=search_term_string"}],"inLanguage":"es"}]}},"_links":{"self":[{"href":"https:\/\/bayareaworkerscomp.com\/es\/wp-json\/wp\/v2\/pages\/483"}],"collection":[{"href":"https:\/\/bayareaworkerscomp.com\/es\/wp-json\/wp\/v2\/pages"}],"about":[{"href":"https:\/\/bayareaworkerscomp.com\/es\/wp-json\/wp\/v2\/types\/page"}],"author":[{"embeddable":true,"href":"https:\/\/bayareaworkerscomp.com\/es\/wp-json\/wp\/v2\/users\/1"}],"replies":[{"embeddable":true,"href":"https:\/\/bayareaworkerscomp.com\/es\/wp-json\/wp\/v2\/comments?post=483"}],"version-history":[{"count":1,"href":"https:\/\/bayareaworkerscomp.com\/es\/wp-json\/wp\/v2\/pages\/483\/revisions"}],"predecessor-version":[{"id":484,"href":"https:\/\/bayareaworkerscomp.com\/es\/wp-json\/wp\/v2\/pages\/483\/revisions\/484"}],"wp:attachment":[{"href":"https:\/\/bayareaworkerscomp.com\/es\/wp-json\/wp\/v2\/media?parent=483"}],"curies":[{"name":"wp","href":"https:\/\/api.w.org\/{rel}","templated":true}]}}