{"id":485,"date":"2019-07-25T06:07:50","date_gmt":"2019-07-25T06:07:50","guid":{"rendered":"https:\/\/bayareaworkerscomp.com\/?page_id=485"},"modified":"2019-07-25T06:07:50","modified_gmt":"2019-07-25T06:07:50","slug":"san-rafael-bufete-de-abogados-en-la-industria-de-educacion-y-accidentesparapromover-la-indemnizacion-a-los-trabajadores","status":"publish","type":"page","link":"https:\/\/bayareaworkerscomp.com\/es\/san-rafael-bufete-de-abogados-en-la-industria-de-educacion-y-accidentesparapromover-la-indemnizacion-a-los-trabajadores\/","title":{"rendered":"San Rafael, Bufete de abogados en la Industria de Educaci\u00f3n y Accidentesparapromover la indemnizaci\u00f3n a los trabajadores"},"content":{"rendered":"<p><iframe loading=\"lazy\" src=\"https:\/\/www.youtube.com\/embed\/o0oQkBfHy-w\" width=\"450\" height=\"253\" frameborder=\"0\" allowfullscreen=\"allowfullscreen\"><\/iframe>Los trabajadores y maestros en el area de educaci\u00f3n de California tienen derecho a ciertos derechos cuando han sido lesionados durante el trabajo. Es importante que se act\u00fae r\u00e1pidamente con el fin de reclamar beneficios de compensaci\u00f3n para los trabajadores por sus lesiones. En la oficina legal de Daniel Hegwer, ayudamos a los profesionales de la industria escolar en el \u00e1rea de la bah\u00eda con sus siniestros.<\/p>\n<p>A menudo nos preguntan acerca de los accidentes de trabajo como las que en un entorno escolar. Estas son algunas de las preguntas m\u00e1s frecuentes que o\u00edmos en nuestra firma:<\/p>\n<ul>\n<li><a href=\"#link-1\">\u00bfQu\u00e9 puede Hacer un abogado de compensaci\u00f3n de Trabajadores de la industria escolar por m\u00ed?<\/a><\/li>\n<li><a href=\"#link-2\">\u00bfQu\u00e9 tipos de lesiones son elegibles para un reclamo de compensaci\u00f3n sobre los trabajadores de la industria escolar?<\/a><\/li>\n<li><a href=\"#link-3\">\u00bfC\u00f3mo puedo encontrar al mejor abogado de compensaci\u00f3n en lesiones para los trabajadores de la industria escolar en California?<\/a><\/li>\n<\/ul>\n<h2 id=\"link-1\">\u00bfQu\u00e9 puede Hacer un abogado de compensaci\u00f3n de Trabajadores de la industria escolar por m\u00ed?<\/h2>\n<p>Algunas personas optan por presentar reclamaciones de compensaci\u00f3n para sus trabajadores solos. Aunque esto es posible, trabajar con un abogado le dar\u00e1 la ventaja de tener un profesional a su lado que sabe c\u00f3mo funciona el sistema legal de California. Un abogado de accidentes de trabajo ser\u00e1 capaz de evaluar su caso y sus da\u00f1os, presentar de manera adecuada y cumplir con los plazos correctos, y h\u00e1bilmente negociar con los proveedores de seguros en su nombre.<\/p>\n<p>Demasiadas veces las compa\u00f1\u00edas de seguros tratan de salirse con las v\u00edctimas de accidentes que ofrece menos de lo que merecen por sus afirmaciones. Un abogado sazonado empujar\u00e1 hacia atr\u00e1s contra sus pr\u00e1cticas desleales y luchar por la compensaci\u00f3n m\u00e1xima que tiene derecho a recibir por sus lesiones.<\/p>\n<h2 id=\"link-2\">\u00bfQu\u00e9 tipos de lesiones son elegibles para un reclamo de compensaci\u00f3n sobre los trabajadores de la industria escolar?<\/h2>\n<p>Estas son algunas de las frecuentes lesiones que se producen en el entorno escolar con los educadores y maestros:<\/p>\n<ul>\n<li>Resbalones y ca\u00eddas<\/li>\n<li>Esguinces y torceduras<\/li>\n<li>La exposici\u00f3n a materiales peligrosos<\/li>\n<li>Rasgu\u00f1os y pinchazos<\/li>\n<li>da\u00f1os t\u00f3xicos de exposici\u00f3n<\/li>\n<li>lesiones relacionadas con el estr\u00e9s<\/li>\n<\/ul>\n<p>Estas son s\u00f3lo algunas de las lesiones que pueden ocurrir. Si usted ha sido herido en el trabajo, entonces usted debe ponerse en contacto con la oficina legal de Daniel Hegwer tan pronto como sea posible para determinar si es elegible para la compensaci\u00f3n financiera.<\/p>\n<h3 id=\"link-3\">\u00bfC\u00f3mo puedo encontrar al mejor abogado de compensaci\u00f3n en lesiones para los trabajadores de la industria escolar en California?<\/h3>\n<p>Hay muchas maneras de encontrar un buen abogado cerca de usted. Una simple b\u00fasqueda en Google a su vez a todos los bufetes de abogados de accidentes en su \u00e1rea, pero hay que profundizar un poco m\u00e1s. Compruebe varios sitios web como Manta para los negocios, la acreditaci\u00f3n, Google y Yelp para opiniones de los usuarios. Los clientes que estaban contentos con los servicios del abogado a menudo publicar revisiones informativas.<\/p>\n<p>Tambi\u00e9n puede comprobar con la asociaci\u00f3n de abogados local o la Barra de California por los abogados de compensaci\u00f3n de trabajadores en buen estado. Aseg\u00farese de buscar para los premios y reconocimientos, as\u00ed cuando la investigaci\u00f3n de un abogado para contratar para su demanda por accidente escolar.<\/p>\n<p>Por supuesto, si usted sabe de alguien que ha contratado a un abogado de accidente de trabajo y estaban felices con sus resultados, entonces siempre se puede pedir para una referencia.<\/p>\n<h3>\u00a1Bufete de abogados de Compensaci\u00f3n de Accidentes es la m\u00e1s valorada En San Rafael, CA!<\/h3>\n<p>Cuando usted ha sufrido un accidente mientras trabajaba en una escuela, usted podr\u00eda tener derecho a una indemnizaci\u00f3n por sus lesiones. No hay tiempo que perder, y se debe actuar con rapidez. Consulte con un abogado experto para aumentar sus posibilidades de \u00e9xito en su caso.<\/p>\n<p>Ll\u00e1menos al (415) 448-5107 Llame para programar una consulta gratuita. Ofrecemos servicios legales honesto, asequibles y est\u00e1n dispuestos a luchar por sus derechos.<\/p>\n","protected":false},"excerpt":{"rendered":"<p>Los trabajadores y maestros en el area de educaci\u00f3n de California tienen derecho a ciertos derechos cuando han sido lesionados durante el trabajo. Es importante que se act\u00fae r\u00e1pidamente con el fin de reclamar beneficios de compensaci\u00f3n para los trabajadores por sus lesiones. En la oficina legal de Daniel Hegwer, ayudamos a los profesionales de [&hellip;]<\/p>\n","protected":false},"author":1,"featured_media":0,"parent":0,"menu_order":0,"comment_status":"closed","ping_status":"closed","template":"","meta":{"_genesis_hide_title":false,"_genesis_hide_breadcrumbs":false,"_genesis_hide_singular_image":false,"_genesis_hide_footer_widgets":false,"_genesis_custom_body_class":"","_genesis_custom_post_class":"","_genesis_layout":""},"yoast_head":"<!-- This site is optimized with the Yoast SEO plugin v21.1 - https:\/\/yoast.com\/wordpress\/plugins\/seo\/ -->\n<title>San Rafael Abogado de Compensaci\u00f3n de Trabajadores de escuela | Oficina de Derecho de Daniel Hegwer<\/title>\n<meta name=\"description\" content=\"\u00a1Si usted ha sufrido una lesi\u00f3n mientras trabajaba en una escuela San Rafael, podemos luchar para conseguir los beneficios de los trabajadores y m\u00e1s! Llame ahora (415) 448-5107\" \/>\n<meta name=\"robots\" content=\"index, follow, max-snippet:-1, max-image-preview:large, max-video-preview:-1\" \/>\n<meta property=\"og:locale\" content=\"es_ES\" \/>\n<meta property=\"og:type\" content=\"article\" \/>\n<meta property=\"og:title\" content=\"San Rafael Abogado de Compensaci\u00f3n de Trabajadores de escuela | Oficina de Derecho de Daniel Hegwer\" \/>\n<meta property=\"og:description\" content=\"\u00a1Si usted ha sufrido una lesi\u00f3n mientras trabajaba en una escuela San Rafael, podemos luchar para conseguir los beneficios de los trabajadores y m\u00e1s! Llame ahora (415) 448-5107\" \/>\n<meta property=\"og:url\" content=\"https:\/\/bayareaworkerscomp.com\/es\/san-rafael-bufete-de-abogados-en-la-industria-de-educacion-y-accidentesparapromover-la-indemnizacion-a-los-trabajadores\/\" \/>\n<meta property=\"og:site_name\" content=\"Hegwer Law\" \/>\n<meta name=\"twitter:card\" content=\"summary_large_image\" \/>\n<meta name=\"twitter:label1\" content=\"Tiempo de lectura\" \/>\n\t<meta name=\"twitter:data1\" content=\"3 minutos\" \/>\n<!-- \/ Yoast SEO plugin. -->","yoast_head_json":{"title":"San Rafael Abogado de Compensaci\u00f3n de Trabajadores de escuela | Oficina de Derecho de Daniel Hegwer","description":"\u00a1Si usted ha sufrido una lesi\u00f3n mientras trabajaba en una escuela San Rafael, podemos luchar para conseguir los beneficios de los trabajadores y m\u00e1s! Llame ahora (415) 448-5107","robots":{"index":"index","follow":"follow","max-snippet":"max-snippet:-1","max-image-preview":"max-image-preview:large","max-video-preview":"max-video-preview:-1"},"og_locale":"es_ES","og_type":"article","og_title":"San Rafael Abogado de Compensaci\u00f3n de Trabajadores de escuela | Oficina de Derecho de Daniel Hegwer","og_description":"\u00a1Si usted ha sufrido una lesi\u00f3n mientras trabajaba en una escuela San Rafael, podemos luchar para conseguir los beneficios de los trabajadores y m\u00e1s! Llame ahora (415) 448-5107","og_url":"https:\/\/bayareaworkerscomp.com\/es\/san-rafael-bufete-de-abogados-en-la-industria-de-educacion-y-accidentesparapromover-la-indemnizacion-a-los-trabajadores\/","og_site_name":"Hegwer Law","twitter_card":"summary_large_image","twitter_misc":{"Tiempo de lectura":"3 minutos"},"schema":{"@context":"https:\/\/schema.org","@graph":[{"@type":"WebPage","@id":"https:\/\/bayareaworkerscomp.com\/es\/san-rafael-bufete-de-abogados-en-la-industria-de-educacion-y-accidentesparapromover-la-indemnizacion-a-los-trabajadores\/","url":"https:\/\/bayareaworkerscomp.com\/es\/san-rafael-bufete-de-abogados-en-la-industria-de-educacion-y-accidentesparapromover-la-indemnizacion-a-los-trabajadores\/","name":"San Rafael Abogado de Compensaci\u00f3n de Trabajadores de escuela | Oficina de Derecho de Daniel Hegwer","isPartOf":{"@id":"https:\/\/bayareaworkerscomp.com\/#website"},"datePublished":"2019-07-25T06:07:50+00:00","dateModified":"2019-07-25T06:07:50+00:00","description":"\u00a1Si usted ha sufrido una lesi\u00f3n mientras trabajaba en una escuela San Rafael, podemos luchar para conseguir los beneficios de los trabajadores y m\u00e1s! Llame ahora (415) 448-5107","breadcrumb":{"@id":"https:\/\/bayareaworkerscomp.com\/es\/san-rafael-bufete-de-abogados-en-la-industria-de-educacion-y-accidentesparapromover-la-indemnizacion-a-los-trabajadores\/#breadcrumb"},"inLanguage":"es","potentialAction":[{"@type":"ReadAction","target":["https:\/\/bayareaworkerscomp.com\/es\/san-rafael-bufete-de-abogados-en-la-industria-de-educacion-y-accidentesparapromover-la-indemnizacion-a-los-trabajadores\/"]}]},{"@type":"BreadcrumbList","@id":"https:\/\/bayareaworkerscomp.com\/es\/san-rafael-bufete-de-abogados-en-la-industria-de-educacion-y-accidentesparapromover-la-indemnizacion-a-los-trabajadores\/#breadcrumb","itemListElement":[{"@type":"ListItem","position":1,"name":"Home","item":"https:\/\/bayareaworkerscomp.com\/es\/"},{"@type":"ListItem","position":2,"name":"San Rafael, Bufete de abogados en la Industria de Educaci\u00f3n y Accidentesparapromover la indemnizaci\u00f3n a los trabajadores"}]},{"@type":"WebSite","@id":"https:\/\/bayareaworkerscomp.com\/#website","url":"https:\/\/bayareaworkerscomp.com\/","name":"Hegwer Law","description":"California Workers Compensation Attorney","potentialAction":[{"@type":"SearchAction","target":{"@type":"EntryPoint","urlTemplate":"https:\/\/bayareaworkerscomp.com\/?s={search_term_string}"},"query-input":"required name=search_term_string"}],"inLanguage":"es"}]}},"_links":{"self":[{"href":"https:\/\/bayareaworkerscomp.com\/es\/wp-json\/wp\/v2\/pages\/485"}],"collection":[{"href":"https:\/\/bayareaworkerscomp.com\/es\/wp-json\/wp\/v2\/pages"}],"about":[{"href":"https:\/\/bayareaworkerscomp.com\/es\/wp-json\/wp\/v2\/types\/page"}],"author":[{"embeddable":true,"href":"https:\/\/bayareaworkerscomp.com\/es\/wp-json\/wp\/v2\/users\/1"}],"replies":[{"embeddable":true,"href":"https:\/\/bayareaworkerscomp.com\/es\/wp-json\/wp\/v2\/comments?post=485"}],"version-history":[{"count":1,"href":"https:\/\/bayareaworkerscomp.com\/es\/wp-json\/wp\/v2\/pages\/485\/revisions"}],"predecessor-version":[{"id":486,"href":"https:\/\/bayareaworkerscomp.com\/es\/wp-json\/wp\/v2\/pages\/485\/revisions\/486"}],"wp:attachment":[{"href":"https:\/\/bayareaworkerscomp.com\/es\/wp-json\/wp\/v2\/media?parent=485"}],"curies":[{"name":"wp","href":"https:\/\/api.w.org\/{rel}","templated":true}]}}