{"id":487,"date":"2019-07-25T06:19:06","date_gmt":"2019-07-25T06:19:06","guid":{"rendered":"https:\/\/bayareaworkerscomp.com\/?page_id=487"},"modified":"2019-07-25T06:19:06","modified_gmt":"2019-07-25T06:19:06","slug":"el-bufete-de-abogados-del-condado-de-sonoma-se-compromete-a-maximizar-las-indemnizaciones-laborales-para-los-trabajadores-de-la-construccion","status":"publish","type":"page","link":"https:\/\/bayareaworkerscomp.com\/es\/el-bufete-de-abogados-del-condado-de-sonoma-se-compromete-a-maximizar-las-indemnizaciones-laborales-para-los-trabajadores-de-la-construccion\/","title":{"rendered":"El Bufete de Abogados del Condado De Sonoma se Compromete a Maximizar las Indemnizaciones Laborales Para Los Trabajadores De La Construcci\u00f3n"},"content":{"rendered":"<p><iframe loading=\"lazy\" src=\"https:\/\/www.youtube.com\/embed\/o0oQkBfHy-w\" width=\"450\" height=\"253\" frameborder=\"0\" allowfullscreen=\"allowfullscreen\"><\/iframe>Los accidentes pueden ocurrir en cualquier esquina del sitio de construcci\u00f3n. Los trabajadores a menudo se lesionan debido a estructuras colapsadas, ca\u00eddas, incendios, explosiones y otros accidentes. Lamentablemente, muchos trabajadores de la construcci\u00f3n sufren graves lesiones que los afectan por el resto de sus vidas.<\/p>\n<p>Si ha estado en un accidente de construcci\u00f3n, tiene derecho a las indemnizaciones para trabajadores. Pero en ocasiones los empleadores y las compa\u00f1\u00edas de segurosdificultan que los trabajadores lesionados obtengan las compensaciones que merecen.<\/p>\n<p>No permita que se interpongan en su camino &#8211; contacte al abogado Daniel Hegwer inmediatamente despu\u00e9s de un accidente de construcci\u00f3n. El luchar\u00e1incesantepara asegurarse de que usted reciba una compensaci\u00f3n completa lo m\u00e1s r\u00e1pido posible.<\/p>\n<h2>Abogado Del Condado De Sonoma Luchandopor Indemnizacionesen Representaci\u00f3nde Trabajadores de F\u00e1brica Lesionados<\/h2>\n<p>Los hombres y mujeres que trabajan en f\u00e1bricas son algunas de las personas m\u00e1s trabajadoras del Condado de Sonoma. Pero, lamentablemente, estos empleados tambi\u00e9n trabajan en algunos de los entornos de trabajo m\u00e1s peligrosos del estado de California. Todos, desde los trabajadores de la l\u00ednea de ensamblaje hasta los gerentes de control de calidad, corren el riesgo de sufrir lesiones graves, como torceduras y esguinces musculares, lesiones cerebrales y huesos rotos.<\/p>\n<p>Usted, trabajador de f\u00e1brica, si se lesion\u00f3 en el trabajo, le conviene ponerse en contacto con nuestro bufete de abogados de inmediato. Daniel Hegwer ha atendido a trabajadores lesionados en la comunidad del Condado de Sonoma por m\u00e1s de una d\u00e9cada. Ahora, \u00e9l est\u00e1 listo para tomar su caso y luchar por la indemnizaci\u00f3n que merece.<\/p>\n<h2>Abogado de Indemnizaci\u00f3n Laboral TrabajandoIncansablemente para Recuperar Compensaciones para Empleados de Almacenes<\/h2>\n<p>Hay peligros que acechan a cadapulgada del entorno de trabajo t\u00edpico del almac\u00e9n. Incluso si los trabajadores est\u00e1n bien capacitados, usan el equipo de seguridad adecuado y act\u00faan de manera responsable, los accidentes pueden ocurrir en cualquier momento. Nadie deber\u00eda tener que preguntarse c\u00f3mo ser\u00e1 su vida si sufre una lesi\u00f3n devastadora. Afortunadamente, la ley protege a los trabajadores de tener que preocuparse por llegar a fin de mes mientras se recuperan por una lesi\u00f3n en el lugar de trabajo.<\/p>\n<p>Si has sido lesionado en un accidente de almac\u00e9n, le conviene buscar la representaci\u00f3n legal de Daniel Hegwer tan pronto como sea posible. Los empleadores y las compa\u00f1\u00edas de seguros dificultaranelpago de compensaciones que merece, pero Daniel trabajar\u00e1 arduamente para asegurarse de que reciba una compensaci\u00f3n total.<\/p>\n<h2>Abogado Maximiza las Compensaciones Laboralespara Empleados Lesionados en la Industria del Transporte<\/h2>\n<p>Los transportistasy otros trabajadores del transporte tienen la tarea de transportar mercanc\u00edas o personas de un destino a otro. Todo puede suceder mientras los bienes o las personas son transportadas del punto A al punto B, y lamentablemente, muchos trabajadores se lesionan antes de llegar a su destino final. Una lesi\u00f3n puede cambiar completamente la vida de una v\u00edctima, dificultandola b\u00fasqueda de trabajo o el pago de sus propios gastos. Pero la ayuda est\u00e1 al alcance.<\/p>\n<p>El sistema de compensaci\u00f3n para los trabajadores se estableci\u00f3 para proteger a los trabajadores que se lesionan al realizar sus deberes laborales. Si usted es un transportistaque ha sido lesionado en el trabajo, comun\u00edquese con el abogado Daniel Hegwer para dar el primer paso hacia elpago de las compensaciones que merece.<\/p>\n<h2>Abogado con ExperienciaRepresentando a Trabajadores SocialesLesionados en el Condado de Sonoma<\/h2>\n<p>Los trabajadores socialesposeen algunos de los trabajos m\u00e1s importantes en el condado de Sonoma. Sin el trabajo de estos hombres y mujeres, las personas de la comunidad no tendr\u00edan a d\u00f3nde ir para recibir tratamiento m\u00e9dico. Aunque generalmente son los profesionales de la saludlos que proporcionan tratamiento, en ocasiones son ellos los que lo necesitan despu\u00e9s de un accidente en el lugar de trabajo.<\/p>\n<p>Los profesionales de la salud que sufren lesiones o enfermedadesmientras est\u00e1n en el trabajo tienen derecho a las indemnizaciones. Sin embargo, el proceso de pago de estas compensaciones es complejo, y los proveedores de atenci\u00f3n m\u00e9dica a menudo tienen demasiados asuntos que atender como para manejarlo por su cuenta. Si has sufrido una lesi\u00f3n, conf\u00edatu caso a Daniel Hegwer. \u00c9l puede ayudar a obtener las m\u00e1ximas compensaciones disponibles alos empleadores. Comunicate hoy mismo a nuestra oficina e informa sobre tu caso a la oficina legal de Daniel Hegwer.<\/p>\n<h3>Abogado Asegura la Compensaci\u00f3n para Trabajadores Lesionados en la Industria de la Salud yFitness<\/h3>\n<p>Los instructores de fitness y los entrenadores trabajan con equipos pesados y accesoriosde gimnasio de forma regular. Estas m\u00e1quinas y accesorios les ayudan a realizar sus tareas laborales, pero tambi\u00e9n los ponen en riesgo de sufrir lesiones graves. No importa d\u00f3nde ocurre la lesi\u00f3n &#8211; en el hogar del cliente, gimnasio, spa o estudio boutique &#8211; los empleados de la industria de la salud y fitness tienen derecho a las compensacionesde indemnizaci\u00f3n para trabajadores.<\/p>\n<p>Tu atenci\u00f3n debe estar en la recuperaci\u00f3n de las lesiones. Mientras tanto, el abogado Daniel Hegwer usar\u00e1 su experiencia legal y sus recursos para ganar el pago de tu indemnizaci\u00f3n. Permite que elBufete de Abogados de Daniel Hegwer trabaje incansablemente para lograr los mejores resultados posibles en tu caso.<\/p>\n<h3>AbogadoTalentosoGarantiza Que Empleados Escolares LesionadosSean Totalmente Compensados<\/h3>\n<p>Una escuela puede parecer el lugar de trabajo ideal, pero la verdad es que los empleados escolaresse ponen en riesgo cada vez que acuden al lugar de trabajo. Los maestros, directores, consejeros, custodios y otros empleados pueden sufrir esguinces o torceduras como resultado de movimientos repetitivos.<\/p>\n<p>Estos empleados corren el riesgo frecuente de sufrir lesiones m\u00e1s graves causadas por resbalones y ca\u00eddas, actos violentos o exposici\u00f3n a sustancias t\u00f3xicas. No importa la raz\u00f3n de la lesi\u00f3n\u2013estos empleados escolares tienen derecho a una indemnizaci\u00f3n, y Daniel Hegwer los ayudar\u00e1 a obtenerla.<\/p>\n<p>Daniel Hegwer ha ayudado a innumerables empleados escolares a reclamar justicia despu\u00e9s de una lesi\u00f3n en el lugar de trabajo. Despu\u00e9s de una lesi\u00f3n en el trabajo, permite que nuestro bufete de abogados maneje las acciones legales para que puedasenfocarte en el tratamiento de tus lesiones.<\/p>\n<h2>Abogadodel Condado De Sonoma Recupera LasIndemnizaciones Para Trabajadores Hoteleros Lesionados<\/h2>\n<p>Los hombres y mujeres que trabajan en hoteles, restaurantes y otros establecimientos centrados en la atenci\u00f3n al cliente han sido capacitados para poner las necesidades del clienteen primer lugar. Pero despu\u00e9s de un accidente en el lugar de trabajo, son ellos los que necesitan atenci\u00f3n y cuidado inmediatos.<\/p>\n<p>Existen muchos abogados en el Condado de Sonoma ofreciendo servicios legales a los trabajadores hoteleros, pero ninguno se pueda comparar con Daniel Hegwer. Durante m\u00e1s de una d\u00e9cada, Daniel Hegwer ha ayudado a personas a enfrentarse a las compa\u00f1\u00edas de seguros para asegurar las compensaciones que merecen. Permite que Hegwer te represente en la lucha por las compensaciones que necesitas para superar este dif\u00edcilmomento.<\/p>\n<h3>Abogado Talentoso Ayuda a V\u00edctimas de Accidentes de Trabajo en Oficinas<\/h3>\n<p>Algunas personas creen que los empleados de oficina lo tienen todo porque trabajan al interior y permanecen sentados la mayor parte del d\u00eda. Pero los trabajadores de oficina corren el riesgo de sufrir lesiones graves e incapacitantes mientras trabajan. De hecho, cada a\u00f1o miles de trabajadores de oficina sufren lesiones devastadoras que pueden interferir en sus carreras y cambiar sus vidas para siempre.<\/p>\n<p>El abogado Daniel Hegwer entiende los riesgos involucrados en el trabajo de oficina. Conoce los obst\u00e1culos que enfrentan los trabajadores de oficina al intentar recuperar las indemnizaciones y, lo que es m\u00e1s importante, sabe c\u00f3mo superarlos. Comunicate con nuestra oficina inmediatamente despu\u00e9s de sufrir una lesi\u00f3n en el lugar de trabajo para comenzar a luchar por las compensaciones que mereces.<\/p>\n<h3>Abogado Especializado Ayuda a Trabajadores Agr\u00edcolas Lesionados a Obtener Indemnizaciones Laborales<\/h3>\n<p>Pocas personas se sorprender\u00edan al saber que la agricultura es una de las industrias m\u00e1s peligrosas en todo el pa\u00eds. Los agricultores, pescadores y otros trabajadores de esta industria usan maquinaria pesada y herramientas peligrosas de manera regular.<\/p>\n<p>Gran parte del trabajo consiste en hacer contacto con animales salvajes, lo que tambi\u00e9n puede provocar lesiones devastadoras. Los accidentes ocurren todos los d\u00edas en la industria agr\u00edcola, pero afortunadamente, los trabajadores est\u00e1n protegidos por las leyes de compensaci\u00f3n para trabajadores.<\/p>\n<p>Si eres trabajador agr\u00edcola y has sufrido una lesi\u00f3n relacionada con el trabajo, comunicate con un abogado lo antes posible. Permite que elDespacho de Abogados de Daniel Hegwer trabaje con las partes apropiadas para garantizar la compensaci\u00f3n que mereces.<\/p>\n<h3>Abogado De Indemnizaciones Lucha Agresivamentepor Compensacionespara Trabajadores De Bodega Lesionados<\/h3>\n<p>Nunca nadie espera sufrir una lesi\u00f3n grave mientras se encuentra en el trabajo, pero desafortunadamente, esto es la realidad para muchos trabajadores en el Condado de Sonoma. Algunos trabajadores de bodega resultan heridos en accidentes inesperados, mientras que otros sufren esguinces o torceduras como resultado de movimientos repetitivos. De cualquier manera, estos trabajadores tienen derecho a indemnizaciones, y el abogado Daniel Hegwer se compromete a ayudarlos a obtener estas compensaciones.<\/p>\n<p>No importa qu\u00e9 tan peque\u00f1a pueda parecer tu lesi\u00f3n, el Despacho de Abogados de Daniel Hegwer luchar\u00e1 para asegurarse de que recibas una indemnizaci\u00f3n completa. Permite que nuestra oficina ayude en cada paso del proceso legal para que puedas dedicar tu tiempo y energ\u00eda a la recuperaci\u00f3n de tus lesiones.<\/p>\n","protected":false},"excerpt":{"rendered":"<p>Los accidentes pueden ocurrir en cualquier esquina del sitio de construcci\u00f3n. Los trabajadores a menudo se lesionan debido a estructuras colapsadas, ca\u00eddas, incendios, explosiones y otros accidentes. Lamentablemente, muchos trabajadores de la construcci\u00f3n sufren graves lesiones que los afectan por el resto de sus vidas. Si ha estado en un accidente de construcci\u00f3n, tiene derecho [&hellip;]<\/p>\n","protected":false},"author":1,"featured_media":0,"parent":0,"menu_order":0,"comment_status":"closed","ping_status":"closed","template":"","meta":{"_genesis_hide_title":false,"_genesis_hide_breadcrumbs":false,"_genesis_hide_singular_image":false,"_genesis_hide_footer_widgets":false,"_genesis_custom_body_class":"","_genesis_custom_post_class":"","_genesis_layout":""},"yoast_head":"<!-- This site is optimized with the Yoast SEO plugin v21.1 - https:\/\/yoast.com\/wordpress\/plugins\/seo\/ -->\n<title>Abogado de Compensaci\u00f3n al Trabajador del Condado de Sonoma| Despacho de Abogados de Daniel Hegwer<\/title>\n<meta name=\"description\" content=\"Los trabajadores lesionados en el condado de Sonoma pueden acudir a la Despacho de Abogados de Daniel Hegwer para obtener ayuda con las indemnizaciones. \u00a1Llama ahora! (415) 448-5107\" \/>\n<meta name=\"robots\" content=\"index, follow, max-snippet:-1, max-image-preview:large, max-video-preview:-1\" \/>\n<meta property=\"og:locale\" content=\"es_ES\" \/>\n<meta property=\"og:type\" content=\"article\" \/>\n<meta property=\"og:title\" content=\"Abogado de Compensaci\u00f3n al Trabajador del Condado de Sonoma| Despacho de Abogados de Daniel Hegwer\" \/>\n<meta property=\"og:description\" content=\"Los trabajadores lesionados en el condado de Sonoma pueden acudir a la Despacho de Abogados de Daniel Hegwer para obtener ayuda con las indemnizaciones. \u00a1Llama ahora! (415) 448-5107\" \/>\n<meta property=\"og:url\" content=\"https:\/\/bayareaworkerscomp.com\/es\/el-bufete-de-abogados-del-condado-de-sonoma-se-compromete-a-maximizar-las-indemnizaciones-laborales-para-los-trabajadores-de-la-construccion\/\" \/>\n<meta property=\"og:site_name\" content=\"Hegwer Law\" \/>\n<meta name=\"twitter:card\" content=\"summary_large_image\" \/>\n<meta name=\"twitter:label1\" content=\"Tiempo de lectura\" \/>\n\t<meta name=\"twitter:data1\" content=\"8 minutos\" \/>\n<!-- \/ Yoast SEO plugin. -->","yoast_head_json":{"title":"Abogado de Compensaci\u00f3n al Trabajador del Condado de Sonoma| Despacho de Abogados de Daniel Hegwer","description":"Los trabajadores lesionados en el condado de Sonoma pueden acudir a la Despacho de Abogados de Daniel Hegwer para obtener ayuda con las indemnizaciones. \u00a1Llama ahora! (415) 448-5107","robots":{"index":"index","follow":"follow","max-snippet":"max-snippet:-1","max-image-preview":"max-image-preview:large","max-video-preview":"max-video-preview:-1"},"og_locale":"es_ES","og_type":"article","og_title":"Abogado de Compensaci\u00f3n al Trabajador del Condado de Sonoma| Despacho de Abogados de Daniel Hegwer","og_description":"Los trabajadores lesionados en el condado de Sonoma pueden acudir a la Despacho de Abogados de Daniel Hegwer para obtener ayuda con las indemnizaciones. \u00a1Llama ahora! (415) 448-5107","og_url":"https:\/\/bayareaworkerscomp.com\/es\/el-bufete-de-abogados-del-condado-de-sonoma-se-compromete-a-maximizar-las-indemnizaciones-laborales-para-los-trabajadores-de-la-construccion\/","og_site_name":"Hegwer Law","twitter_card":"summary_large_image","twitter_misc":{"Tiempo de lectura":"8 minutos"},"schema":{"@context":"https:\/\/schema.org","@graph":[{"@type":"WebPage","@id":"https:\/\/bayareaworkerscomp.com\/es\/el-bufete-de-abogados-del-condado-de-sonoma-se-compromete-a-maximizar-las-indemnizaciones-laborales-para-los-trabajadores-de-la-construccion\/","url":"https:\/\/bayareaworkerscomp.com\/es\/el-bufete-de-abogados-del-condado-de-sonoma-se-compromete-a-maximizar-las-indemnizaciones-laborales-para-los-trabajadores-de-la-construccion\/","name":"Abogado de Compensaci\u00f3n al Trabajador del Condado de Sonoma| Despacho de Abogados de Daniel Hegwer","isPartOf":{"@id":"https:\/\/bayareaworkerscomp.com\/#website"},"datePublished":"2019-07-25T06:19:06+00:00","dateModified":"2019-07-25T06:19:06+00:00","description":"Los trabajadores lesionados en el condado de Sonoma pueden acudir a la Despacho de Abogados de Daniel Hegwer para obtener ayuda con las indemnizaciones. \u00a1Llama ahora! (415) 448-5107","breadcrumb":{"@id":"https:\/\/bayareaworkerscomp.com\/es\/el-bufete-de-abogados-del-condado-de-sonoma-se-compromete-a-maximizar-las-indemnizaciones-laborales-para-los-trabajadores-de-la-construccion\/#breadcrumb"},"inLanguage":"es","potentialAction":[{"@type":"ReadAction","target":["https:\/\/bayareaworkerscomp.com\/es\/el-bufete-de-abogados-del-condado-de-sonoma-se-compromete-a-maximizar-las-indemnizaciones-laborales-para-los-trabajadores-de-la-construccion\/"]}]},{"@type":"BreadcrumbList","@id":"https:\/\/bayareaworkerscomp.com\/es\/el-bufete-de-abogados-del-condado-de-sonoma-se-compromete-a-maximizar-las-indemnizaciones-laborales-para-los-trabajadores-de-la-construccion\/#breadcrumb","itemListElement":[{"@type":"ListItem","position":1,"name":"Home","item":"https:\/\/bayareaworkerscomp.com\/es\/"},{"@type":"ListItem","position":2,"name":"El Bufete de Abogados del Condado De Sonoma se Compromete a Maximizar las Indemnizaciones Laborales Para Los Trabajadores De La Construcci\u00f3n"}]},{"@type":"WebSite","@id":"https:\/\/bayareaworkerscomp.com\/#website","url":"https:\/\/bayareaworkerscomp.com\/","name":"Hegwer Law","description":"California Workers Compensation Attorney","potentialAction":[{"@type":"SearchAction","target":{"@type":"EntryPoint","urlTemplate":"https:\/\/bayareaworkerscomp.com\/?s={search_term_string}"},"query-input":"required name=search_term_string"}],"inLanguage":"es"}]}},"_links":{"self":[{"href":"https:\/\/bayareaworkerscomp.com\/es\/wp-json\/wp\/v2\/pages\/487"}],"collection":[{"href":"https:\/\/bayareaworkerscomp.com\/es\/wp-json\/wp\/v2\/pages"}],"about":[{"href":"https:\/\/bayareaworkerscomp.com\/es\/wp-json\/wp\/v2\/types\/page"}],"author":[{"embeddable":true,"href":"https:\/\/bayareaworkerscomp.com\/es\/wp-json\/wp\/v2\/users\/1"}],"replies":[{"embeddable":true,"href":"https:\/\/bayareaworkerscomp.com\/es\/wp-json\/wp\/v2\/comments?post=487"}],"version-history":[{"count":1,"href":"https:\/\/bayareaworkerscomp.com\/es\/wp-json\/wp\/v2\/pages\/487\/revisions"}],"predecessor-version":[{"id":488,"href":"https:\/\/bayareaworkerscomp.com\/es\/wp-json\/wp\/v2\/pages\/487\/revisions\/488"}],"wp:attachment":[{"href":"https:\/\/bayareaworkerscomp.com\/es\/wp-json\/wp\/v2\/media?parent=487"}],"curies":[{"name":"wp","href":"https:\/\/api.w.org\/{rel}","templated":true}]}}